{"id":40002,"date":"2026-04-19T02:28:26","date_gmt":"2026-04-19T02:28:26","guid":{"rendered":"https:\/\/singuli.wpress.me\/index.php\/proizvod\/rimula-r6-lme-plus-5w30-motorno-ulje-za-gospodarska-vozila-20-l\/"},"modified":"2026-04-20T12:33:30","modified_gmt":"2026-04-20T12:33:30","slug":"rimula-r6-lme-plus-5w30-motorno-ulje-za-gospodarska-vozila-20-l","status":"publish","type":"product","link":"https:\/\/singuli.wpress.me\/index.php\/proizvod\/rimula-r6-lme-plus-5w30-motorno-ulje-za-gospodarska-vozila-20-l\/","title":{"rendered":"RIMULA R6 LME PLUS 5W30, motorno ulje za gospodarska vozila, 20\u00a0l"},"content":{"rendered":"<p>Sinteti\u010dko motorno ulje za te\u0161ko optere\u0107ene dizelove motore gospodarskih vozila. <\/p>\n<p>Formulirano na Shellovoj najnaprednijoj tehnologiji osigurava snagu motora i u\u0161tedu goriva bez ugro\u017eavanja za\u0161tite motora. <\/p>\n<p>Ispunjava zahtjeve produljenih intervala izmjene ulja za vozila Mercedes-Benz, MAN, od najnovijeg Euro 6 do motora starijih generacija. <\/p>\n<p>Napredna formulacija sa niskim sadr\u017eajem pepela poma\u017ee uskla\u0111enosti ispu\u0161nog sustava, a jedinstvena tehnologija aditiva osigurava visoku razinu \u010disto\u0107e klipova koja je od su\u0161tinske va\u017enosti za dugi vijek trajanja motora i zadovoljava visoke zahtjeve za za\u0161titu od tro\u0161enja mnogih proizvo\u0111a\u010da motora.<\/p>\n<p><span style=\"font-weight: bold\">Specifikacija: <\/span>ACEA E6, E9, E7, API CK-4, CJ-4, CI-4 Plus, CI-4, CH-4, SN, Caterpillar ECF-3, ECF-2, Cummins CES 20086, 20081, Deutz DQC IV-18 LA, JASO DH-2, Detroit Fluids Specification 93K222, 93K218, Scania LDF-4, Renault Trucks RLD-3, Volvo VDS-4.5, VDS-4, Mack EO-S 4.5, EO-O Premium Plus, MAN M3677, M3477, MB odobrenje 228.51, 228.52, MTU kategorija 3.1, Iveco 18-1804, TLS E6.<\/p>\n","protected":false},"excerpt":{"rendered":"<p>Osigurava snagu motora i u\u0161tedu goriva bez ugro\u017eavanja za\u0161tite motora<br \/>\nNiski sadr\u017eaj pepela<br \/>\nSpecifikacija u opisu<\/p>\n","protected":false},"featured_media":40003,"template":"","meta":{"_seopress_robots_primary_cat":"","_seopress_titles_title":"","_seopress_titles_desc":"","_seopress_robots_index":"","iawp_total_views":0},"product_brand":[469],"product_cat":[243,276,272],"product_tag":[],"class_list":{"0":"post-40002","1":"product","2":"type-product","3":"status-publish","4":"has-post-thumbnail","6":"product_brand-rimula","7":"product_cat-automobili-i-motori","8":"product_cat-industrijska-i-specijalna-ulja-243","9":"product_cat-motorna-ulja-243","11":"first","12":"instock","13":"shipping-taxable","14":"purchasable","15":"product-type-simple"},"_links":{"self":[{"href":"https:\/\/singuli.wpress.me\/index.php\/wp-json\/wp\/v2\/product\/40002","targetHints":{"allow":["GET"]}}],"collection":[{"href":"https:\/\/singuli.wpress.me\/index.php\/wp-json\/wp\/v2\/product"}],"about":[{"href":"https:\/\/singuli.wpress.me\/index.php\/wp-json\/wp\/v2\/types\/product"}],"version-history":[{"count":0,"href":"https:\/\/singuli.wpress.me\/index.php\/wp-json\/wp\/v2\/product\/40002\/revisions"}],"wp:featuredmedia":[{"embeddable":true,"href":"https:\/\/singuli.wpress.me\/index.php\/wp-json\/wp\/v2\/media\/40003"}],"wp:attachment":[{"href":"https:\/\/singuli.wpress.me\/index.php\/wp-json\/wp\/v2\/media?parent=40002"}],"wp:term":[{"taxonomy":"product_brand","embeddable":true,"href":"https:\/\/singuli.wpress.me\/index.php\/wp-json\/wp\/v2\/product_brand?post=40002"},{"taxonomy":"product_cat","embeddable":true,"href":"https:\/\/singuli.wpress.me\/index.php\/wp-json\/wp\/v2\/product_cat?post=40002"},{"taxonomy":"product_tag","embeddable":true,"href":"https:\/\/singuli.wpress.me\/index.php\/wp-json\/wp\/v2\/product_tag?post=40002"}],"curies":[{"name":"wp","href":"https:\/\/api.w.org\/{rel}","templated":true}]}}