{"id":40005,"date":"2026-04-19T02:28:26","date_gmt":"2026-04-19T02:28:26","guid":{"rendered":"https:\/\/singuli.wpress.me\/index.php\/proizvod\/natureta-kisela-repa-530-g\/"},"modified":"2026-04-20T12:33:30","modified_gmt":"2026-04-20T12:33:30","slug":"natureta-kisela-repa-530-g","status":"publish","type":"product","link":"https:\/\/singuli.wpress.me\/index.php\/proizvod\/natureta-kisela-repa-530-g\/","title":{"rendered":"NATURETA, kisela repa, 530\u00a0g"},"content":{"rendered":"<table border=\"0\" cellpadding=\"0\" cellspacing=\"0\" width=\"526\" style=\"border-collapse: collapse;width:395pt\">\n<tbody>\n<tr style=\"height:15.0pt\">\n<td height=\"20\" align=\"left\" width=\"526\" style=\"height:15.0pt;width:395pt\">Kisela<br \/>\n  repa odavno je va\u017ean dio slovenske kuhinje, ali mnogi ljudi ne znaju da je<br \/>\n  kisela repa bogati izvor vitamina A i C, kalcija i luteina. Bla\u017eeg je okusa<br \/>\n  od kiselog kupusa. <\/p>\n<p>    Niskokalori\u010dna i karakteristi\u010dnog okusa, repa je plod prirode kakav drugdje<br \/>\n  u svijetu nije nimalo poznat, a prije svega ne koristi se naribana i<br \/>\n  fermentirana.<\/p>\n<p>    Prednost Naturetine kisele repe u staklenci je \u0161to je ve\u0107 termi\u010dki obra\u0111ena<br \/>\n  pa je nema potrebe kuhati.<\/td>\n<\/tr>\n<\/tbody>\n<\/table>\n","protected":false},"excerpt":{"rendered":"<p>Niskokalori\u010dna<br \/>\nTermi\u010dki obra\u0111ena<br \/>\nKarakteristi\u010dan okus<\/p>\n","protected":false},"featured_media":40006,"template":"","meta":{"_seopress_robots_primary_cat":"","_seopress_titles_title":"","_seopress_titles_desc":"","_seopress_robots_index":"","iawp_total_views":0},"product_brand":[811],"product_cat":[261,299],"product_tag":[],"class_list":{"0":"post-40005","1":"product","2":"type-product","3":"status-publish","4":"has-post-thumbnail","6":"product_brand-natureta","7":"product_cat-hrana-i-pice","8":"product_cat-konzervirana-i-gotova-hrana-261","10":"first","11":"outofstock","12":"shipping-taxable","13":"purchasable","14":"product-type-simple"},"_links":{"self":[{"href":"https:\/\/singuli.wpress.me\/index.php\/wp-json\/wp\/v2\/product\/40005","targetHints":{"allow":["GET"]}}],"collection":[{"href":"https:\/\/singuli.wpress.me\/index.php\/wp-json\/wp\/v2\/product"}],"about":[{"href":"https:\/\/singuli.wpress.me\/index.php\/wp-json\/wp\/v2\/types\/product"}],"version-history":[{"count":0,"href":"https:\/\/singuli.wpress.me\/index.php\/wp-json\/wp\/v2\/product\/40005\/revisions"}],"wp:featuredmedia":[{"embeddable":true,"href":"https:\/\/singuli.wpress.me\/index.php\/wp-json\/wp\/v2\/media\/40006"}],"wp:attachment":[{"href":"https:\/\/singuli.wpress.me\/index.php\/wp-json\/wp\/v2\/media?parent=40005"}],"wp:term":[{"taxonomy":"product_brand","embeddable":true,"href":"https:\/\/singuli.wpress.me\/index.php\/wp-json\/wp\/v2\/product_brand?post=40005"},{"taxonomy":"product_cat","embeddable":true,"href":"https:\/\/singuli.wpress.me\/index.php\/wp-json\/wp\/v2\/product_cat?post=40005"},{"taxonomy":"product_tag","embeddable":true,"href":"https:\/\/singuli.wpress.me\/index.php\/wp-json\/wp\/v2\/product_tag?post=40005"}],"curies":[{"name":"wp","href":"https:\/\/api.w.org\/{rel}","templated":true}]}}