{"id":40011,"date":"2026-04-19T02:28:32","date_gmt":"2026-04-19T02:28:32","guid":{"rendered":"https:\/\/singuli.wpress.me\/index.php\/proizvod\/spirax-s3-ax-80w90-zupcanicko-i-osovinsko-ulje-209-l\/"},"modified":"2026-04-20T12:33:30","modified_gmt":"2026-04-20T12:33:30","slug":"spirax-s3-ax-80w90-zupcanicko-i-osovinsko-ulje-209-l","status":"publish","type":"product","link":"https:\/\/singuli.wpress.me\/index.php\/proizvod\/spirax-s3-ax-80w90-zupcanicko-i-osovinsko-ulje-209-l\/","title":{"rendered":"SPIRAX S3 AX 80W90, zup\u010dani\u010dko i osovinsko ulje, 209\u00a0l"},"content":{"rendered":"<p>API GL-5 zup\u010dani\u010dko i osovinsko ulje visokih performansi za srednje do te\u0161ko optere\u0107ene mjenja\u010de cestovnih i terenskih komercijalnih vozila koje zahtijevaju SAE 80W90 gradaciju ulja. Tako\u0111er se mogu koristiti u aplikacijama gdje se zahtijeva SAE 75W90 ulje, a gdje nisu potrebna niskotemperaturna svojstva. Omogu\u0107uje dulji interval izmjene ulja, dugotrajnu za\u0161titu zup\u010danika i oksidacijsku stabilnost, izvrsna za\u0161tita od pitinga i tro\u0161enja. Primjenjuje se u automobilskim mjenja\u010dima, diferencijalima i hipoidnim prijenosima u motociklima, osobnim automobilima, komercijalnim vozilima, terenskim vozilima, gra\u0111evinskoj mehanizaciji i poljoprivrednim strojevima.<\/p>\n<p>Specifikacija: Mercedes Benz 235.6, MAN 342 Tip M2, API GL-5, MT-1; ZF TE-ML 07A, 16C, 17B, 19B, 21A, US Military MIL-L-2105D, Zadovoljava specifikaciju MB 235.0.<\/p>\n","protected":false},"excerpt":{"rendered":"<p>Za\u0161tita od pitinga i tro\u0161enja<br \/>\nPrimjenjuje se u automobilskim mjenja\u010dima, diferencijalima i hipoidnim prijenosima u motociklima, osobnim automobilima, komercijalnim vozilima, terenskim vozilima, gra\u0111evinskoj mehanizaciji i poljoprivrednim strojevima<br \/>\nAPI GL-5 zup\u010dani\u010dko i osovinsko ulje za optere\u0107ene mjenja\u010de<\/p>\n","protected":false},"featured_media":40012,"template":"","meta":{"_seopress_robots_primary_cat":"","_seopress_titles_title":"","_seopress_titles_desc":"","_seopress_robots_index":"","iawp_total_views":0},"product_brand":[371],"product_cat":[243,276],"product_tag":[],"class_list":{"0":"post-40011","1":"product","2":"type-product","3":"status-publish","4":"has-post-thumbnail","6":"product_brand-spirax","7":"product_cat-automobili-i-motori","8":"product_cat-industrijska-i-specijalna-ulja-243","10":"first","11":"outofstock","12":"shipping-taxable","13":"purchasable","14":"product-type-simple"},"_links":{"self":[{"href":"https:\/\/singuli.wpress.me\/index.php\/wp-json\/wp\/v2\/product\/40011","targetHints":{"allow":["GET"]}}],"collection":[{"href":"https:\/\/singuli.wpress.me\/index.php\/wp-json\/wp\/v2\/product"}],"about":[{"href":"https:\/\/singuli.wpress.me\/index.php\/wp-json\/wp\/v2\/types\/product"}],"version-history":[{"count":0,"href":"https:\/\/singuli.wpress.me\/index.php\/wp-json\/wp\/v2\/product\/40011\/revisions"}],"wp:featuredmedia":[{"embeddable":true,"href":"https:\/\/singuli.wpress.me\/index.php\/wp-json\/wp\/v2\/media\/40012"}],"wp:attachment":[{"href":"https:\/\/singuli.wpress.me\/index.php\/wp-json\/wp\/v2\/media?parent=40011"}],"wp:term":[{"taxonomy":"product_brand","embeddable":true,"href":"https:\/\/singuli.wpress.me\/index.php\/wp-json\/wp\/v2\/product_brand?post=40011"},{"taxonomy":"product_cat","embeddable":true,"href":"https:\/\/singuli.wpress.me\/index.php\/wp-json\/wp\/v2\/product_cat?post=40011"},{"taxonomy":"product_tag","embeddable":true,"href":"https:\/\/singuli.wpress.me\/index.php\/wp-json\/wp\/v2\/product_tag?post=40011"}],"curies":[{"name":"wp","href":"https:\/\/api.w.org\/{rel}","templated":true}]}}