{"id":40016,"date":"2026-04-19T02:28:34","date_gmt":"2026-04-19T02:28:34","guid":{"rendered":"https:\/\/singuli.wpress.me\/index.php\/proizvod\/peppa-pig-igracka-ucimo-brojeve\/"},"modified":"2026-04-20T12:33:30","modified_gmt":"2026-04-20T12:33:30","slug":"peppa-pig-igracka-ucimo-brojeve","status":"publish","type":"product","link":"https:\/\/singuli.wpress.me\/index.php\/proizvod\/peppa-pig-igracka-ucimo-brojeve\/","title":{"rendered":"PEPPA PIG, igra\u010dka, u\u010dimo brojeve"},"content":{"rendered":"<p>Nau\u010dimo brojeve uz Peppu Pig!<\/p>\n<p>Igra\u010dka je namijenjena za \u201eigru uloga\u201c.<\/p>\n<p>22 kocke, 32 naljepnice; podloge za crtanje; sa stra\u017enje strane pakiranja izre\u017ei podlogu za igranje<\/p>\n<p>Dob: 3+ godine<\/p>\n","protected":false},"excerpt":{"rendered":"<p>Sadr\u017ei vi\u0161e komponenti<br \/>\nEdukativna igra<br \/>\nDob: 3+ god<\/p>\n","protected":false},"featured_media":40017,"template":"","meta":{"_seopress_robots_primary_cat":"","_seopress_titles_title":"","_seopress_titles_desc":"","_seopress_robots_index":"","iawp_total_views":0},"product_brand":[351],"product_cat":[274,238],"product_tag":[],"class_list":{"0":"post-40016","1":"product","2":"type-product","3":"status-publish","4":"has-post-thumbnail","6":"product_brand-peppa-pig","7":"product_cat-kucanski-pribor-238","8":"product_cat-sve-za-dom","10":"first","11":"outofstock","12":"shipping-taxable","13":"purchasable","14":"product-type-simple"},"_links":{"self":[{"href":"https:\/\/singuli.wpress.me\/index.php\/wp-json\/wp\/v2\/product\/40016","targetHints":{"allow":["GET"]}}],"collection":[{"href":"https:\/\/singuli.wpress.me\/index.php\/wp-json\/wp\/v2\/product"}],"about":[{"href":"https:\/\/singuli.wpress.me\/index.php\/wp-json\/wp\/v2\/types\/product"}],"version-history":[{"count":0,"href":"https:\/\/singuli.wpress.me\/index.php\/wp-json\/wp\/v2\/product\/40016\/revisions"}],"wp:featuredmedia":[{"embeddable":true,"href":"https:\/\/singuli.wpress.me\/index.php\/wp-json\/wp\/v2\/media\/40017"}],"wp:attachment":[{"href":"https:\/\/singuli.wpress.me\/index.php\/wp-json\/wp\/v2\/media?parent=40016"}],"wp:term":[{"taxonomy":"product_brand","embeddable":true,"href":"https:\/\/singuli.wpress.me\/index.php\/wp-json\/wp\/v2\/product_brand?post=40016"},{"taxonomy":"product_cat","embeddable":true,"href":"https:\/\/singuli.wpress.me\/index.php\/wp-json\/wp\/v2\/product_cat?post=40016"},{"taxonomy":"product_tag","embeddable":true,"href":"https:\/\/singuli.wpress.me\/index.php\/wp-json\/wp\/v2\/product_tag?post=40016"}],"curies":[{"name":"wp","href":"https:\/\/api.w.org\/{rel}","templated":true}]}}