{"id":40034,"date":"2026-04-19T02:28:38","date_gmt":"2026-04-19T02:28:38","guid":{"rendered":"https:\/\/singuli.wpress.me\/index.php\/proizvod\/barbie-glitter-puzzle-selfie-60-kom\/"},"modified":"2026-04-20T12:33:30","modified_gmt":"2026-04-20T12:33:30","slug":"barbie-glitter-puzzle-selfie-60-kom","status":"publish","type":"product","link":"https:\/\/singuli.wpress.me\/index.php\/proizvod\/barbie-glitter-puzzle-selfie-60-kom\/","title":{"rendered":"BARBIE Glitter, puzzle, Selfie, 60\u00a0kom"},"content":{"rendered":"<p>Slo\u017ei ove super svjetlucave puzzle a zabavi se jo\u0161 i vi\u0161e uz samoljepljive dodatke u setu \u2013 za vi\u0161e sjaja!<\/p>\n<p>SADR\u017dAJ: 60 kom puzzli, 50 x 35 cm<\/p>\n<p>Dob: 4+ godine<\/p>\n","protected":false},"excerpt":{"rendered":"<p>Svjetlucave puzzle<br \/>\n60 kom puzzli, 50 x 35 cm<br \/>\nDob:4+god<\/p>\n","protected":false},"featured_media":40035,"template":"","meta":{"_seopress_robots_primary_cat":"","_seopress_titles_title":"","_seopress_titles_desc":"","_seopress_robots_index":"","iawp_total_views":0},"product_brand":[324],"product_cat":[290,221],"product_tag":[],"class_list":{"0":"post-40034","1":"product","2":"type-product","3":"status-publish","4":"has-post-thumbnail","6":"product_brand-barbie","7":"product_cat-drustvene-igre-221","8":"product_cat-igracke","10":"first","11":"instock","12":"shipping-taxable","13":"purchasable","14":"product-type-simple"},"_links":{"self":[{"href":"https:\/\/singuli.wpress.me\/index.php\/wp-json\/wp\/v2\/product\/40034","targetHints":{"allow":["GET"]}}],"collection":[{"href":"https:\/\/singuli.wpress.me\/index.php\/wp-json\/wp\/v2\/product"}],"about":[{"href":"https:\/\/singuli.wpress.me\/index.php\/wp-json\/wp\/v2\/types\/product"}],"version-history":[{"count":0,"href":"https:\/\/singuli.wpress.me\/index.php\/wp-json\/wp\/v2\/product\/40034\/revisions"}],"wp:featuredmedia":[{"embeddable":true,"href":"https:\/\/singuli.wpress.me\/index.php\/wp-json\/wp\/v2\/media\/40035"}],"wp:attachment":[{"href":"https:\/\/singuli.wpress.me\/index.php\/wp-json\/wp\/v2\/media?parent=40034"}],"wp:term":[{"taxonomy":"product_brand","embeddable":true,"href":"https:\/\/singuli.wpress.me\/index.php\/wp-json\/wp\/v2\/product_brand?post=40034"},{"taxonomy":"product_cat","embeddable":true,"href":"https:\/\/singuli.wpress.me\/index.php\/wp-json\/wp\/v2\/product_cat?post=40034"},{"taxonomy":"product_tag","embeddable":true,"href":"https:\/\/singuli.wpress.me\/index.php\/wp-json\/wp\/v2\/product_tag?post=40034"}],"curies":[{"name":"wp","href":"https:\/\/api.w.org\/{rel}","templated":true}]}}