{"id":40042,"date":"2026-04-19T02:28:41","date_gmt":"2026-04-19T02:28:41","guid":{"rendered":"https:\/\/singuli.wpress.me\/index.php\/proizvod\/ariel-lenor-unstoppables-kapsule-za-pranje-rublja-36-pranja\/"},"modified":"2026-04-21T00:27:01","modified_gmt":"2026-04-21T00:27:01","slug":"ariel-lenor-unstoppables-kapsule-za-pranje-rublja-36-pranja","status":"publish","type":"product","link":"https:\/\/singuli.wpress.me\/index.php\/proizvod\/ariel-lenor-unstoppables-kapsule-za-pranje-rublja-36-pranja\/","title":{"rendered":"ARIEL +Lenor Unstoppables, kapsule za pranje rublja, 36 pranja"},"content":{"rendered":"<p>Ariel, brend koji preporu\u010duju Whirlpool, Electrolux, Candy i Beko, predstavlja kapsule Ariel All-in-1 PODS +Lenor Unstoppables! Sad imaju dodatnu plavu komoru, daju dva puta dulju svje\u017einu (u usporedbi s kapsulama Ariel PODS Mountain Spring, u pretincu perilice). <\/p>\n<p>\u0160tovi\u0161e, tablete za pranje Ariel sada mogu pridonijeti i smanjenju plasti\u010dnog otpada zahvaljuju\u0107i kartonskoj kutiji ECOCLIC koja se mo\u017ee reciklirati! Sadr\u017ei maksimalno samo 5% plastike i osmi\u0161ljena je za o\u010duvanje kapsula PODS. <\/p>\n<p>Kapsule Ariel osmi\u0161ljene su za pranje na niskim temperaturama, s jedinstvenim tehnologijama poput tehnologije Cool Clean. U dodiru s vodom omot se rastapa i osloba\u0111a sna\u017ene tehnologije za uklanjanje mrlja, za dubinsko i sna\u017eno \u010di\u0161\u0107enje kapsulama Ariel All-in-1 PODS +Lenor Unstoppables Color. <\/p>\n","protected":false},"excerpt":{"rendered":"<p>Kapsule daju dva puta dulju svje\u017einu<br \/>\nOmot je 100 % topiv u vodi<br \/>\nOsmi\u0161ljene za pranje na niskim temperaturama<\/p>\n","protected":false},"featured_media":40043,"template":"","meta":{"_seopress_robots_primary_cat":"","_seopress_titles_title":"","_seopress_titles_desc":"","_seopress_robots_index":"","iawp_total_views":0},"product_brand":[427],"product_cat":[283,238],"product_tag":[],"class_list":{"0":"post-40042","1":"product","2":"type-product","3":"status-publish","4":"has-post-thumbnail","6":"product_brand-ariel","7":"product_cat-pranje-rublja-238","8":"product_cat-sve-za-dom","10":"first","11":"outofstock","12":"shipping-taxable","13":"purchasable","14":"product-type-simple"},"_links":{"self":[{"href":"https:\/\/singuli.wpress.me\/index.php\/wp-json\/wp\/v2\/product\/40042","targetHints":{"allow":["GET"]}}],"collection":[{"href":"https:\/\/singuli.wpress.me\/index.php\/wp-json\/wp\/v2\/product"}],"about":[{"href":"https:\/\/singuli.wpress.me\/index.php\/wp-json\/wp\/v2\/types\/product"}],"version-history":[{"count":0,"href":"https:\/\/singuli.wpress.me\/index.php\/wp-json\/wp\/v2\/product\/40042\/revisions"}],"wp:featuredmedia":[{"embeddable":true,"href":"https:\/\/singuli.wpress.me\/index.php\/wp-json\/wp\/v2\/media\/40043"}],"wp:attachment":[{"href":"https:\/\/singuli.wpress.me\/index.php\/wp-json\/wp\/v2\/media?parent=40042"}],"wp:term":[{"taxonomy":"product_brand","embeddable":true,"href":"https:\/\/singuli.wpress.me\/index.php\/wp-json\/wp\/v2\/product_brand?post=40042"},{"taxonomy":"product_cat","embeddable":true,"href":"https:\/\/singuli.wpress.me\/index.php\/wp-json\/wp\/v2\/product_cat?post=40042"},{"taxonomy":"product_tag","embeddable":true,"href":"https:\/\/singuli.wpress.me\/index.php\/wp-json\/wp\/v2\/product_tag?post=40042"}],"curies":[{"name":"wp","href":"https:\/\/api.w.org\/{rel}","templated":true}]}}