{"id":40046,"date":"2026-04-19T02:28:46","date_gmt":"2026-04-19T02:28:46","guid":{"rendered":"https:\/\/singuli.wpress.me\/index.php\/proizvod\/braun-fg1100-bikini-trimer-rozi\/"},"modified":"2026-04-20T12:33:30","modified_gmt":"2026-04-20T12:33:30","slug":"braun-fg1100-bikini-trimer-rozi","status":"publish","type":"product","link":"https:\/\/singuli.wpress.me\/index.php\/proizvod\/braun-fg1100-bikini-trimer-rozi\/","title":{"rendered":"BRAUN FG1100, bikini trimer, rozi"},"content":{"rendered":"<p>S Braun FG 1100 precizno podrezivanje je nadohvat ruke. Oblikovanje bikini zone mo\u017ee naglasiti va\u0161u ljepotu i podi\u0107i samopouzdanje. Mo\u017ee \u010dak istaknuti va\u0161u divlju stranu. Proizvod ima glavu za precizno podrezivanje s kojom jednostavno i brzo posti\u017eete \u017eeljene oblike. \u0160tovi\u0161e, uklanja i skra\u0107uje sve ne\u017eeljene dla\u010dice u obrvama, bikini zoni i licu. Sada mo\u017eete osloboditi svoju kreativnost \u010dak i na najosjetljivijim dijelovima tijela &#8211; bez iritacije ko\u017ee. Mogu\u0107nosti su ograni\u010dene samo va\u0161om ma\u0161tom<\/p>\n","protected":false},"excerpt":{"rendered":"<p>\u017denski trimer za bikini zonu.<br \/>\nVisokoprecizna glava za oblikovanje obrva.<br \/>\nDva \u010de\u0161lja za podrezivanje (5 mm i 8 mm).<\/p>\n","protected":false},"featured_media":40047,"template":"","meta":{"_seopress_robots_primary_cat":"","_seopress_titles_title":"","_seopress_titles_desc":"","_seopress_robots_index":"","iawp_total_views":0},"product_brand":[144],"product_cat":[192,282,281],"product_tag":[],"class_list":{"0":"post-40046","1":"product","2":"type-product","3":"status-publish","4":"has-post-thumbnail","6":"product_brand-braun","7":"product_cat-aparati-za-osobnu-njegu","8":"product_cat-aparati-za-zene-281","9":"product_cat-epilatori-i-ipl-192","11":"first","12":"instock","13":"shipping-taxable","14":"purchasable","15":"product-type-simple"},"_links":{"self":[{"href":"https:\/\/singuli.wpress.me\/index.php\/wp-json\/wp\/v2\/product\/40046","targetHints":{"allow":["GET"]}}],"collection":[{"href":"https:\/\/singuli.wpress.me\/index.php\/wp-json\/wp\/v2\/product"}],"about":[{"href":"https:\/\/singuli.wpress.me\/index.php\/wp-json\/wp\/v2\/types\/product"}],"version-history":[{"count":0,"href":"https:\/\/singuli.wpress.me\/index.php\/wp-json\/wp\/v2\/product\/40046\/revisions"}],"wp:featuredmedia":[{"embeddable":true,"href":"https:\/\/singuli.wpress.me\/index.php\/wp-json\/wp\/v2\/media\/40047"}],"wp:attachment":[{"href":"https:\/\/singuli.wpress.me\/index.php\/wp-json\/wp\/v2\/media?parent=40046"}],"wp:term":[{"taxonomy":"product_brand","embeddable":true,"href":"https:\/\/singuli.wpress.me\/index.php\/wp-json\/wp\/v2\/product_brand?post=40046"},{"taxonomy":"product_cat","embeddable":true,"href":"https:\/\/singuli.wpress.me\/index.php\/wp-json\/wp\/v2\/product_cat?post=40046"},{"taxonomy":"product_tag","embeddable":true,"href":"https:\/\/singuli.wpress.me\/index.php\/wp-json\/wp\/v2\/product_tag?post=40046"}],"curies":[{"name":"wp","href":"https:\/\/api.w.org\/{rel}","templated":true}]}}