{"id":40052,"date":"2026-04-19T02:28:48","date_gmt":"2026-04-19T02:28:48","guid":{"rendered":"https:\/\/singuli.wpress.me\/index.php\/proizvod\/disney-zlatokosa-matovilka-princeza\/"},"modified":"2026-04-20T12:33:30","modified_gmt":"2026-04-20T12:33:30","slug":"disney-zlatokosa-matovilka-princeza","status":"publish","type":"product","link":"https:\/\/singuli.wpress.me\/index.php\/proizvod\/disney-zlatokosa-matovilka-princeza\/","title":{"rendered":"DISNEY Zlatokosa Matovilka, princeza"},"content":{"rendered":"<p>Pustolovina vas \u010deka s Disney Princess lutkama!<\/p>\n<p>Upoznajte Zlatokosu (Matovilku), inspiriranu \u017eivahnom princezom iz Disneyjevog animiranog igranog filma \u201eVrlo zapetljana pri\u010da\u201c! <\/p>\n<p>Ova lutka nosi svjetlucavu ljubi\u010dastu suknju koja se mo\u017ee skinuti, prekrasnu tijaru i cipele s ma\u0161nicama koje se mogu skinuti. Ima dugu kosu koja je savr\u0161ena za \u010detkanje i izradu raznih frizura. U svom prepoznatljivom izgledu iz filma, Zlatokosa je spremna za svaku avanturu!<\/p>\n<p>Savr\u0161en je dar za djecu koja vole animirane crti\u0107e i \u017eele Disney bajku u svome domu, kao i za djevoj\u010dice koje vole sanjariti i ma\u0161tati. <\/p>\n<p>Skupi sve lutke Disneyjevih princeza za vrhunsku avanturu!<\/p>\n<p>Boje i dekoracije mogu se razlikovati.<\/p>\n","protected":false},"excerpt":{"rendered":"<p>Princeza Disney filmova<br \/>\nZlatokosa je spremna za svaku avanturu<br \/>\nBoje i dekoracije mogu se razlikovati<\/p>\n","protected":false},"featured_media":40053,"template":"","meta":{"_seopress_robots_primary_cat":"","_seopress_titles_title":"","_seopress_titles_desc":"","_seopress_robots_index":"","iawp_total_views":0},"product_brand":[522],"product_cat":[221,291],"product_tag":[],"class_list":{"0":"post-40052","1":"product","2":"type-product","3":"status-publish","4":"has-post-thumbnail","6":"product_brand-disney","7":"product_cat-igracke","8":"product_cat-igracke-za-djecu-221","10":"first","11":"instock","12":"shipping-taxable","13":"purchasable","14":"product-type-simple"},"_links":{"self":[{"href":"https:\/\/singuli.wpress.me\/index.php\/wp-json\/wp\/v2\/product\/40052","targetHints":{"allow":["GET"]}}],"collection":[{"href":"https:\/\/singuli.wpress.me\/index.php\/wp-json\/wp\/v2\/product"}],"about":[{"href":"https:\/\/singuli.wpress.me\/index.php\/wp-json\/wp\/v2\/types\/product"}],"version-history":[{"count":0,"href":"https:\/\/singuli.wpress.me\/index.php\/wp-json\/wp\/v2\/product\/40052\/revisions"}],"wp:featuredmedia":[{"embeddable":true,"href":"https:\/\/singuli.wpress.me\/index.php\/wp-json\/wp\/v2\/media\/40053"}],"wp:attachment":[{"href":"https:\/\/singuli.wpress.me\/index.php\/wp-json\/wp\/v2\/media?parent=40052"}],"wp:term":[{"taxonomy":"product_brand","embeddable":true,"href":"https:\/\/singuli.wpress.me\/index.php\/wp-json\/wp\/v2\/product_brand?post=40052"},{"taxonomy":"product_cat","embeddable":true,"href":"https:\/\/singuli.wpress.me\/index.php\/wp-json\/wp\/v2\/product_cat?post=40052"},{"taxonomy":"product_tag","embeddable":true,"href":"https:\/\/singuli.wpress.me\/index.php\/wp-json\/wp\/v2\/product_tag?post=40052"}],"curies":[{"name":"wp","href":"https:\/\/api.w.org\/{rel}","templated":true}]}}