{"id":40079,"date":"2026-04-19T02:28:56","date_gmt":"2026-04-19T02:28:56","guid":{"rendered":"https:\/\/singuli.wpress.me\/index.php\/proizvod\/bison-rubber-seal-tekuca-guma-pocetni-set-750-ml\/"},"modified":"2026-04-21T00:27:02","modified_gmt":"2026-04-21T00:27:02","slug":"bison-rubber-seal-tekuca-guma-pocetni-set-750-ml","status":"publish","type":"product","link":"https:\/\/singuli.wpress.me\/index.php\/proizvod\/bison-rubber-seal-tekuca-guma-pocetni-set-750-ml\/","title":{"rendered":"BISON Rubber Seal, teku\u0107a guma, po\u010detni set, 750\u00a0ml"},"content":{"rendered":"<p>Premaz na bazi gume za vodonepropusno brtvljenje, za\u0161titu i popravke.<\/p>\n<p>Prikladno za brtvljenje, za\u0161titu i popravljanje gotovo svih materijala, kao \u0161to su drvo, beton, kamen, metal, cink, bitumen, EPDM (uz prethodni test), PVC itd. Dobro se ve\u017ee \u010dak i za PP\/PE. Prikladno za unutarnju i vanjsku primjenu, primjerice za kupaonice, krovove, podrume, zidove i vrtove. Za hidroizolaciju tu\u0161 kada, podnih spojeva, \u017eljebova, cijevi, okvira prozora i spojeva krovnih prozora, predmeta na tlu itd. Prikladno i kao protuklizna podloga, za\u0161tita za metal i drvo (na primjer, vrtni stupovi) i premaz.<\/p>\n","protected":false},"excerpt":{"rendered":"<p>Za brtvljenje, za\u0161titu i popravke<br \/>\nZa\u0161tita od korozije i erozije<br \/>\nOtporno na sve vremenske prilike i UV zra\u010denje<\/p>\n","protected":false},"featured_media":40080,"template":"","meta":{"_seopress_robots_primary_cat":"","_seopress_titles_title":"","_seopress_titles_desc":"","_seopress_robots_index":"","iawp_total_views":0},"product_brand":[494],"product_cat":[264,238],"product_tag":[],"class_list":{"0":"post-40079","1":"product","2":"type-product","3":"status-publish","4":"has-post-thumbnail","6":"product_brand-bison","7":"product_cat-ljepila-i-brtvila-238","8":"product_cat-sve-za-dom","10":"first","11":"instock","12":"shipping-taxable","13":"purchasable","14":"product-type-simple"},"_links":{"self":[{"href":"https:\/\/singuli.wpress.me\/index.php\/wp-json\/wp\/v2\/product\/40079","targetHints":{"allow":["GET"]}}],"collection":[{"href":"https:\/\/singuli.wpress.me\/index.php\/wp-json\/wp\/v2\/product"}],"about":[{"href":"https:\/\/singuli.wpress.me\/index.php\/wp-json\/wp\/v2\/types\/product"}],"version-history":[{"count":0,"href":"https:\/\/singuli.wpress.me\/index.php\/wp-json\/wp\/v2\/product\/40079\/revisions"}],"wp:featuredmedia":[{"embeddable":true,"href":"https:\/\/singuli.wpress.me\/index.php\/wp-json\/wp\/v2\/media\/40080"}],"wp:attachment":[{"href":"https:\/\/singuli.wpress.me\/index.php\/wp-json\/wp\/v2\/media?parent=40079"}],"wp:term":[{"taxonomy":"product_brand","embeddable":true,"href":"https:\/\/singuli.wpress.me\/index.php\/wp-json\/wp\/v2\/product_brand?post=40079"},{"taxonomy":"product_cat","embeddable":true,"href":"https:\/\/singuli.wpress.me\/index.php\/wp-json\/wp\/v2\/product_cat?post=40079"},{"taxonomy":"product_tag","embeddable":true,"href":"https:\/\/singuli.wpress.me\/index.php\/wp-json\/wp\/v2\/product_tag?post=40079"}],"curies":[{"name":"wp","href":"https:\/\/api.w.org\/{rel}","templated":true}]}}