{"id":40081,"date":"2026-04-19T02:28:56","date_gmt":"2026-04-19T02:28:56","guid":{"rendered":"https:\/\/singuli.wpress.me\/index.php\/proizvod\/old-spice-original-dezodorans-u-spreju-150-ml\/"},"modified":"2026-04-20T12:33:30","modified_gmt":"2026-04-20T12:33:30","slug":"old-spice-original-dezodorans-u-spreju-150-ml","status":"publish","type":"product","link":"https:\/\/singuli.wpress.me\/index.php\/proizvod\/old-spice-original-dezodorans-u-spreju-150-ml\/","title":{"rendered":"OLD SPICE Original, dezodorans u spreju, 150\u00a0ml"},"content":{"rendered":"<p>Da ga tvoj djed nije koristio, ti ne bi ni postojao. Old Spice Original ve\u0107 je desetlje\u0107ima prepoznatljiv miris iskusnog mu\u0161karca. <\/p>\n<p>Kako dobro mirisati? Vjeruj instinktu svog djeda. Odaberi dezodorans za tijelo u spreju Old Spice. Odaberi miris mu\u017eevnosti.<\/p>\n","protected":false},"excerpt":{"rendered":"<p>Odr\u017eava svje\u017einu do 48 sati<br \/>\nBori se protiv prekomjernog znojenja i neugodnog mirisa ispod pazuha<br \/>\nDermatolo\u0161ki ispitano<\/p>\n","protected":false},"featured_media":40082,"template":"","meta":{"_seopress_robots_primary_cat":"","_seopress_titles_title":"","_seopress_titles_desc":"","_seopress_robots_index":"","iawp_total_views":0},"product_brand":[448],"product_cat":[285,268],"product_tag":[],"class_list":{"0":"post-40081","1":"product","2":"type-product","3":"status-publish","4":"has-post-thumbnail","6":"product_brand-old-spice","7":"product_cat-dezodoransi-268","8":"product_cat-kozmetika-2","10":"first","11":"instock","12":"shipping-taxable","13":"purchasable","14":"product-type-simple"},"_links":{"self":[{"href":"https:\/\/singuli.wpress.me\/index.php\/wp-json\/wp\/v2\/product\/40081","targetHints":{"allow":["GET"]}}],"collection":[{"href":"https:\/\/singuli.wpress.me\/index.php\/wp-json\/wp\/v2\/product"}],"about":[{"href":"https:\/\/singuli.wpress.me\/index.php\/wp-json\/wp\/v2\/types\/product"}],"version-history":[{"count":0,"href":"https:\/\/singuli.wpress.me\/index.php\/wp-json\/wp\/v2\/product\/40081\/revisions"}],"wp:featuredmedia":[{"embeddable":true,"href":"https:\/\/singuli.wpress.me\/index.php\/wp-json\/wp\/v2\/media\/40082"}],"wp:attachment":[{"href":"https:\/\/singuli.wpress.me\/index.php\/wp-json\/wp\/v2\/media?parent=40081"}],"wp:term":[{"taxonomy":"product_brand","embeddable":true,"href":"https:\/\/singuli.wpress.me\/index.php\/wp-json\/wp\/v2\/product_brand?post=40081"},{"taxonomy":"product_cat","embeddable":true,"href":"https:\/\/singuli.wpress.me\/index.php\/wp-json\/wp\/v2\/product_cat?post=40081"},{"taxonomy":"product_tag","embeddable":true,"href":"https:\/\/singuli.wpress.me\/index.php\/wp-json\/wp\/v2\/product_tag?post=40081"}],"curies":[{"name":"wp","href":"https:\/\/api.w.org\/{rel}","templated":true}]}}