{"id":40083,"date":"2026-04-19T02:28:57","date_gmt":"2026-04-19T02:28:57","guid":{"rendered":"https:\/\/singuli.wpress.me\/index.php\/proizvod\/lavazza-mljevena-kava-crema-e-gusto-forte-4x250g\/"},"modified":"2026-04-21T00:27:02","modified_gmt":"2026-04-21T00:27:02","slug":"lavazza-mljevena-kava-crema-e-gusto-forte-4x250g","status":"publish","type":"product","link":"https:\/\/singuli.wpress.me\/index.php\/proizvod\/lavazza-mljevena-kava-crema-e-gusto-forte-4x250g\/","title":{"rendered":"LAVAZZA, mljevena kava, Crema e Gusto Forte, 4x250g"},"content":{"rendered":"<p><span style=\"font-weight: bold\">Crema e Gusto Forte<\/span> mje\u0161avina ujedinjuje najbolje od tri kontinenta za jaku i punu kavu, idealnu za one koji vole jak okus.<\/p>\n<p>Lavazza Crema e Gusto Forte predstavlja sna\u017enu i intenzivnu mje\u0161avinu mljevene kave koja \u0107e odu\u0161eviti ljubitelje robustnog okusa. Ova posebna mje\u0161avina pa\u017eljivo je stvorena kombinacijom visokokvalitetnih zrna Arabice i Robuste, pr\u017eenih do savr\u0161enstva kako bi se postigao sna\u017ean karakter i duboka aroma.<\/p>\n<p>&quot;Forte&quot; u nazivu sugerira sna\u017enu prirodu ove kave, koja \u0107e pru\u017eiti izrazito intenzivan do\u017eivljaj okusa. Jaka prisutnost Robuste doprinosi puno\u0107i okusa, dok se nijanse Arabice izdvajaju kroz bogatu i slo\u017eenu aromu.<\/p>\n<p>Osim sna\u017enog okusa, Lavazza Crema e Gusto Forte nudi i impozantnu kremastu teksturu na povr\u0161ini va\u0161eg espressa. Ova kava je savr\u0161en izbor za one koji tra\u017ee energi\u010dno i osvje\u017eavaju\u0107e jutarnje iskustvo ili \u017eele dodatni poticaj tijekom dana.<\/p>\n<p>Lavazza, s dugogodi\u0161njom tradicijom pr\u017eenja kave, jam\u010di vrhunsku kvalitetu svakog zrna. Crema e Gusto Forte mljevena kava predstavlja odli\u010dan izbor za ljude koji u\u017eivaju u sna\u017enim, robustnim kavama s karakteristi\u010dnom kremastom notom.<\/p>\n<p>Prikladna za pripremu u espresso aparatima i moku\/kafetijeru.<\/p>\n","protected":false},"excerpt":{"rendered":"<p>Arabica i Robusta<br \/>\nIntenzitet: 9\/10<br \/>\nJa\u010de pr\u017eena s notama okusa drva i duhana<\/p>\n","protected":false},"featured_media":40084,"template":"","meta":{"_seopress_robots_primary_cat":"","_seopress_titles_title":"","_seopress_titles_desc":"","_seopress_robots_index":"","iawp_total_views":0},"product_brand":[393],"product_cat":[261,275],"product_tag":[],"class_list":{"0":"post-40083","1":"product","2":"type-product","3":"status-publish","4":"has-post-thumbnail","6":"product_brand-lavazza","7":"product_cat-hrana-i-pice","8":"product_cat-kava-i-cajevi-261","10":"first","11":"instock","12":"shipping-taxable","13":"purchasable","14":"product-type-simple"},"_links":{"self":[{"href":"https:\/\/singuli.wpress.me\/index.php\/wp-json\/wp\/v2\/product\/40083","targetHints":{"allow":["GET"]}}],"collection":[{"href":"https:\/\/singuli.wpress.me\/index.php\/wp-json\/wp\/v2\/product"}],"about":[{"href":"https:\/\/singuli.wpress.me\/index.php\/wp-json\/wp\/v2\/types\/product"}],"version-history":[{"count":0,"href":"https:\/\/singuli.wpress.me\/index.php\/wp-json\/wp\/v2\/product\/40083\/revisions"}],"wp:featuredmedia":[{"embeddable":true,"href":"https:\/\/singuli.wpress.me\/index.php\/wp-json\/wp\/v2\/media\/40084"}],"wp:attachment":[{"href":"https:\/\/singuli.wpress.me\/index.php\/wp-json\/wp\/v2\/media?parent=40083"}],"wp:term":[{"taxonomy":"product_brand","embeddable":true,"href":"https:\/\/singuli.wpress.me\/index.php\/wp-json\/wp\/v2\/product_brand?post=40083"},{"taxonomy":"product_cat","embeddable":true,"href":"https:\/\/singuli.wpress.me\/index.php\/wp-json\/wp\/v2\/product_cat?post=40083"},{"taxonomy":"product_tag","embeddable":true,"href":"https:\/\/singuli.wpress.me\/index.php\/wp-json\/wp\/v2\/product_tag?post=40083"}],"curies":[{"name":"wp","href":"https:\/\/api.w.org\/{rel}","templated":true}]}}