{"id":40087,"date":"2026-04-19T02:28:58","date_gmt":"2026-04-19T02:28:58","guid":{"rendered":"https:\/\/singuli.wpress.me\/index.php\/proizvod\/3c4g-graffiti-dnevnik-sa-svjetlima-i-olovkom\/"},"modified":"2026-04-20T00:25:30","modified_gmt":"2026-04-20T00:25:30","slug":"3c4g-graffiti-dnevnik-sa-svjetlima-i-olovkom","status":"publish","type":"product","link":"https:\/\/singuli.wpress.me\/index.php\/proizvod\/3c4g-graffiti-dnevnik-sa-svjetlima-i-olovkom\/","title":{"rendered":"3C4G Graffiti, dnevnik sa svjetlima i olovkom"},"content":{"rendered":"<p>\u017deli\u0161 biti &quot;trendy&quot; sa ovim  totalno cool dnevnikom? Raspr\u0161ena duga na naslovnici, ukra\u0161ena led lampicama?  Stisni veliki ukras desno dolje i neka lampice zasvjetle! Unutarnja strana korica preplavljena je dugama; 192 stranice sa linijama; dugina gel olovka! Set svijetli!  Baterije su uklju\u010dene u pakiranje i zamjenjive (unutarnja strana prednje korice).<br \/>\nDob: 6+god<\/p>\n","protected":false},"excerpt":{"rendered":"<p>Na naslovnici ukra\u0161enu LED lampicama<br \/>\nUklju\u010dene baterije<br \/>\nDob: 6+ god<\/p>\n","protected":false},"featured_media":40088,"template":"","meta":{"_seopress_robots_primary_cat":"","_seopress_titles_title":"","_seopress_titles_desc":"","_seopress_robots_index":"","iawp_total_views":0},"product_brand":[761],"product_cat":[221,291],"product_tag":[],"class_list":{"0":"post-40087","1":"product","2":"type-product","3":"status-publish","4":"has-post-thumbnail","6":"product_brand-3c4g","7":"product_cat-igracke","8":"product_cat-igracke-za-djecu-221","10":"first","11":"instock","12":"shipping-taxable","13":"purchasable","14":"product-type-simple"},"_links":{"self":[{"href":"https:\/\/singuli.wpress.me\/index.php\/wp-json\/wp\/v2\/product\/40087","targetHints":{"allow":["GET"]}}],"collection":[{"href":"https:\/\/singuli.wpress.me\/index.php\/wp-json\/wp\/v2\/product"}],"about":[{"href":"https:\/\/singuli.wpress.me\/index.php\/wp-json\/wp\/v2\/types\/product"}],"version-history":[{"count":0,"href":"https:\/\/singuli.wpress.me\/index.php\/wp-json\/wp\/v2\/product\/40087\/revisions"}],"wp:featuredmedia":[{"embeddable":true,"href":"https:\/\/singuli.wpress.me\/index.php\/wp-json\/wp\/v2\/media\/40088"}],"wp:attachment":[{"href":"https:\/\/singuli.wpress.me\/index.php\/wp-json\/wp\/v2\/media?parent=40087"}],"wp:term":[{"taxonomy":"product_brand","embeddable":true,"href":"https:\/\/singuli.wpress.me\/index.php\/wp-json\/wp\/v2\/product_brand?post=40087"},{"taxonomy":"product_cat","embeddable":true,"href":"https:\/\/singuli.wpress.me\/index.php\/wp-json\/wp\/v2\/product_cat?post=40087"},{"taxonomy":"product_tag","embeddable":true,"href":"https:\/\/singuli.wpress.me\/index.php\/wp-json\/wp\/v2\/product_tag?post=40087"}],"curies":[{"name":"wp","href":"https:\/\/api.w.org\/{rel}","templated":true}]}}