{"id":40094,"date":"2026-04-19T02:29:01","date_gmt":"2026-04-19T02:29:01","guid":{"rendered":"https:\/\/singuli.wpress.me\/index.php\/proizvod\/caprinus-xr-40-motorno-ulje-209-l\/"},"modified":"2026-04-20T12:33:30","modified_gmt":"2026-04-20T12:33:30","slug":"caprinus-xr-40-motorno-ulje-209-l","status":"publish","type":"product","link":"https:\/\/singuli.wpress.me\/index.php\/proizvod\/caprinus-xr-40-motorno-ulje-209-l\/","title":{"rendered":"CAPRINUS XR 40, motorno ulje, 209\u00a0l"},"content":{"rendered":"<p>Shell Caprinus XR ulje je vrhunsko motorno ulja za te\u0161ke uvjete rada, namijenjena uglavnom za \u017eeljezni\u010dke dizelske motore sjevernoameri\u010dkog porijekla, posebno one koje proizvode General Electric i General Motors Electro-Motors Division (EMD). Koriste najnoviju tehnologiju aditiva s niskim udjelom klora koja nudi i prednosti za okoli\u0161 i pobolj\u0161ane performanse. Ulja Shell Caprinus XR ne sadr\u017ee cink i odobrena su od strane GM-EMD-a za njihove motore s le\u017eajem osovinice klipa od srebra i GE za njihove najnovije lokomotive. Performanse su demonstrirane u visoko ocijenjenom sjevernoameri\u010dkom \u017eeljezni\u010dkom prometu podlo\u017enom najte\u017eim uvjetima rada.<\/p>\n<p><span style=\"font-weight: bold\">Specifikacija:<\/span> API-CF, EMD &#8211; odobreno &quot;Worthy of full scale field test&quot; (WOFT), General Electric &#8211; Gen 4 &#8211; Long Life, LMOA &#8211; Generation 5, Detroit Diesel &#8211; preporu\u010deno za DDC serije 149 motore pod te\u0161kim uvjetima rada.<\/p>\n","protected":false},"excerpt":{"rendered":"<p>Motorno ulje namijenjeno \u017eeljezni\u010dkim dizelskim motorima  ameri\u010dkog podrijetla<br \/>\nNe sadr\u017ei cink<br \/>\nNiski udio klora<\/p>\n","protected":false},"featured_media":40095,"template":"","meta":{"_seopress_robots_primary_cat":"","_seopress_titles_title":"","_seopress_titles_desc":"","_seopress_robots_index":"","iawp_total_views":0},"product_brand":[847],"product_cat":[221,263],"product_tag":[],"class_list":{"0":"post-40094","1":"product","2":"type-product","3":"status-publish","4":"has-post-thumbnail","6":"product_brand-caprinus","7":"product_cat-igracke","8":"product_cat-tematske-igracke-221","10":"first","11":"outofstock","12":"shipping-taxable","13":"purchasable","14":"product-type-simple"},"_links":{"self":[{"href":"https:\/\/singuli.wpress.me\/index.php\/wp-json\/wp\/v2\/product\/40094","targetHints":{"allow":["GET"]}}],"collection":[{"href":"https:\/\/singuli.wpress.me\/index.php\/wp-json\/wp\/v2\/product"}],"about":[{"href":"https:\/\/singuli.wpress.me\/index.php\/wp-json\/wp\/v2\/types\/product"}],"version-history":[{"count":0,"href":"https:\/\/singuli.wpress.me\/index.php\/wp-json\/wp\/v2\/product\/40094\/revisions"}],"wp:featuredmedia":[{"embeddable":true,"href":"https:\/\/singuli.wpress.me\/index.php\/wp-json\/wp\/v2\/media\/40095"}],"wp:attachment":[{"href":"https:\/\/singuli.wpress.me\/index.php\/wp-json\/wp\/v2\/media?parent=40094"}],"wp:term":[{"taxonomy":"product_brand","embeddable":true,"href":"https:\/\/singuli.wpress.me\/index.php\/wp-json\/wp\/v2\/product_brand?post=40094"},{"taxonomy":"product_cat","embeddable":true,"href":"https:\/\/singuli.wpress.me\/index.php\/wp-json\/wp\/v2\/product_cat?post=40094"},{"taxonomy":"product_tag","embeddable":true,"href":"https:\/\/singuli.wpress.me\/index.php\/wp-json\/wp\/v2\/product_tag?post=40094"}],"curies":[{"name":"wp","href":"https:\/\/api.w.org\/{rel}","templated":true}]}}