{"id":40098,"date":"2026-04-19T02:29:02","date_gmt":"2026-04-19T02:29:02","guid":{"rendered":"https:\/\/singuli.wpress.me\/index.php\/proizvod\/braun-series-3-300bt-shavestyle-brijaci-aparat-crni\/"},"modified":"2026-04-20T12:33:30","modified_gmt":"2026-04-20T12:33:30","slug":"braun-series-3-300bt-shavestyle-brijaci-aparat-crni","status":"publish","type":"product","link":"https:\/\/singuli.wpress.me\/index.php\/proizvod\/braun-series-3-300bt-shavestyle-brijaci-aparat-crni\/","title":{"rendered":"BRAUN Series 3 300BT Shave&amp;Style, brija\u0107i aparat, crni"},"content":{"rendered":"<p>Braun Series 3 Shave&amp;Style 300BT 3 u 1 elektri\u010dni aparat za brijanje za mokro i suho kori\u0161tenje s preciznim trimerom za bradu<br \/>\n&#8211; Brijte, podre\u017eite i oblikujte bradu s ovim svestranim elektri\u010dnim brija\u010dem 3 u 1 i trimerom za bradu za mu\u0161karce.<br \/>\n&#8211; Opremljen je 3-Flex glavom koja osigurava u\u010dinkovitost i ugodu na ko\u017ei, glavom za podrezivanje brade i pet nastavaka.<br \/>\n&#8211; Elektri\u010dni brija\u010d i trimer za bradu za glatko brijanje ili podrezivanje brade na duljinu od 1-7 m.<br \/>\n&#8211; Izdr\u017eljivi aparat za brijanje i trimer za bradu za be\u017ei\u010dnu upotrebu. Dizajnirao i proizveo Braun, Njema\u010dka.<br \/>\n&#8211; Dvije dugotrajne punjive Ni-MH baterije. Potpuno napunjen za jedan sat za 30 minuta brijanja.<\/p>\n","protected":false},"excerpt":{"rendered":"<p>Opremljen je 3-Flex glavom za u\u010dinkovitost i ugodu na ko\u017ei.<br \/>\nDvije dugotrajne punjive Ni-MH baterije.<br \/>\nIzdr\u017eljivi aparat za brijanje i trimer za bradu bez kabela.<\/p>\n","protected":false},"featured_media":40099,"template":"","meta":{"_seopress_robots_primary_cat":"","_seopress_titles_title":"","_seopress_titles_desc":"","_seopress_robots_index":"","iawp_total_views":0},"product_brand":[144],"product_cat":[280,192,279],"product_tag":[],"class_list":{"0":"post-40098","1":"product","2":"type-product","3":"status-publish","4":"has-post-thumbnail","6":"product_brand-braun","7":"product_cat-aparati-za-muskarce-279","8":"product_cat-aparati-za-osobnu-njegu","9":"product_cat-brijanje-i-sisanje-192","11":"first","12":"outofstock","13":"shipping-taxable","14":"purchasable","15":"product-type-simple"},"_links":{"self":[{"href":"https:\/\/singuli.wpress.me\/index.php\/wp-json\/wp\/v2\/product\/40098","targetHints":{"allow":["GET"]}}],"collection":[{"href":"https:\/\/singuli.wpress.me\/index.php\/wp-json\/wp\/v2\/product"}],"about":[{"href":"https:\/\/singuli.wpress.me\/index.php\/wp-json\/wp\/v2\/types\/product"}],"version-history":[{"count":0,"href":"https:\/\/singuli.wpress.me\/index.php\/wp-json\/wp\/v2\/product\/40098\/revisions"}],"wp:featuredmedia":[{"embeddable":true,"href":"https:\/\/singuli.wpress.me\/index.php\/wp-json\/wp\/v2\/media\/40099"}],"wp:attachment":[{"href":"https:\/\/singuli.wpress.me\/index.php\/wp-json\/wp\/v2\/media?parent=40098"}],"wp:term":[{"taxonomy":"product_brand","embeddable":true,"href":"https:\/\/singuli.wpress.me\/index.php\/wp-json\/wp\/v2\/product_brand?post=40098"},{"taxonomy":"product_cat","embeddable":true,"href":"https:\/\/singuli.wpress.me\/index.php\/wp-json\/wp\/v2\/product_cat?post=40098"},{"taxonomy":"product_tag","embeddable":true,"href":"https:\/\/singuli.wpress.me\/index.php\/wp-json\/wp\/v2\/product_tag?post=40098"}],"curies":[{"name":"wp","href":"https:\/\/api.w.org\/{rel}","templated":true}]}}