{"id":40106,"date":"2026-04-19T02:29:06","date_gmt":"2026-04-19T02:29:06","guid":{"rendered":"https:\/\/singuli.wpress.me\/index.php\/proizvod\/domo-do7286s-usisavac\/"},"modified":"2026-04-20T12:33:30","modified_gmt":"2026-04-20T12:33:30","slug":"domo-do7286s-usisavac","status":"publish","type":"product","link":"https:\/\/singuli.wpress.me\/index.php\/proizvod\/domo-do7286s-usisavac\/","title":{"rendered":"DOMO DO7286S, usisava\u010d"},"content":{"rendered":"<p>Domo DO7286S je usisava\u010d bez vre\u0107ice koji se mo\u017ee koristiti na razli\u010ditim vrstama podova, zahvaljuju\u0107i \u010detki za parket i \u010detki za vi\u0161e povr\u0161ina. Ako imate drvene podove, koristite \u010detku za parket. Ako imate tvrde podove i nizak tepih , koristite \u010detku za vi\u0161e povr\u0161ina. Tako da ne morate stalno mijenjati \u010detku kada prije\u0111ete s tvrdih podova na tepih. Pra\u0161ina zavr\u0161ava u skuplja\u010du pra\u0161ine od 2 litre. Kada se napuni, samo je ispraznite u kantu. Kompaktna veli\u010dina \u010dini ovaj usisava\u010d lakim za spremanje.<\/p>\n","protected":false},"excerpt":{"rendered":"<p>Spremnik za pra\u0161inu koji se lako uklanja i otvara se pritiskom na gumb<br \/>\nUklju\u010duje visokou\u010dinkovitu eko \u010detku, mlaznicu za utor, \u010detku za parket i \u010detku za pra\u0161inu<br \/>\nJednostavan za pohranu<\/p>\n","protected":false},"featured_media":40107,"template":"","meta":{"_seopress_robots_primary_cat":"","_seopress_titles_title":"","_seopress_titles_desc":"","_seopress_robots_index":"","iawp_total_views":0},"product_brand":[255],"product_cat":[160,271],"product_tag":[],"class_list":{"0":"post-40106","1":"product","2":"type-product","3":"status-publish","4":"has-post-thumbnail","6":"product_brand-domo","7":"product_cat-mali-kucanski-aparati","8":"product_cat-usisavaci-i-ciscenje-160","10":"first","11":"instock","12":"shipping-taxable","13":"purchasable","14":"product-type-simple"},"_links":{"self":[{"href":"https:\/\/singuli.wpress.me\/index.php\/wp-json\/wp\/v2\/product\/40106","targetHints":{"allow":["GET"]}}],"collection":[{"href":"https:\/\/singuli.wpress.me\/index.php\/wp-json\/wp\/v2\/product"}],"about":[{"href":"https:\/\/singuli.wpress.me\/index.php\/wp-json\/wp\/v2\/types\/product"}],"version-history":[{"count":0,"href":"https:\/\/singuli.wpress.me\/index.php\/wp-json\/wp\/v2\/product\/40106\/revisions"}],"wp:featuredmedia":[{"embeddable":true,"href":"https:\/\/singuli.wpress.me\/index.php\/wp-json\/wp\/v2\/media\/40107"}],"wp:attachment":[{"href":"https:\/\/singuli.wpress.me\/index.php\/wp-json\/wp\/v2\/media?parent=40106"}],"wp:term":[{"taxonomy":"product_brand","embeddable":true,"href":"https:\/\/singuli.wpress.me\/index.php\/wp-json\/wp\/v2\/product_brand?post=40106"},{"taxonomy":"product_cat","embeddable":true,"href":"https:\/\/singuli.wpress.me\/index.php\/wp-json\/wp\/v2\/product_cat?post=40106"},{"taxonomy":"product_tag","embeddable":true,"href":"https:\/\/singuli.wpress.me\/index.php\/wp-json\/wp\/v2\/product_tag?post=40106"}],"curies":[{"name":"wp","href":"https:\/\/api.w.org\/{rel}","templated":true}]}}