{"id":40114,"date":"2026-04-19T02:29:09","date_gmt":"2026-04-19T02:29:09","guid":{"rendered":"https:\/\/singuli.wpress.me\/index.php\/proizvod\/domo-do710bl-blender\/"},"modified":"2026-04-20T12:33:30","modified_gmt":"2026-04-20T12:33:30","slug":"domo-do710bl-blender","status":"publish","type":"product","link":"https:\/\/singuli.wpress.me\/index.php\/proizvod\/domo-do710bl-blender\/","title":{"rendered":"DOMO DO710BL, blender"},"content":{"rendered":"<p>Domo DO710BL ima 2 automatska programa pripreme za izradu smoothieja i drobljenje leda. S kapacitetom od 1000 W, blender ima dovoljno snage za mije\u0161anje smrznutih komadi\u0107a vo\u0107a. Odaberite izme\u0111u 5 brzina kako biste odredili fino\u0107u i lako\u0107u svog soka. pulsna funkcija daje vam malo dodatne snage za temeljito mije\u0161anje svih sastojaka u vr\u010du. \u010cvrsti stakleni vr\u010d ima veliki kapacitet od 1,5 litara. Mo\u017eete napraviti otprilike 4 smoothieja odjednom. Gravitacija vr\u010da i neklizaju\u0107e noge dr\u017ee blender na mjestu tijekom mije\u0161anja.<\/p>\n","protected":false},"excerpt":{"rendered":"<p>Brzina pulsiranja omogu\u0107uje brzo pokretanje i zaustavljanje za precizno mije\u0161anje<br \/>\n6 o\u0161trica za savr\u0161ene rezultate mije\u0161anja<br \/>\nOdjednom mo\u017eete napraviti oko 4 smoothieja<\/p>\n","protected":false},"featured_media":40115,"template":"","meta":{"_seopress_robots_primary_cat":"","_seopress_titles_title":"","_seopress_titles_desc":"","_seopress_robots_index":"","iawp_total_views":0},"product_brand":[255],"product_cat":[192,267],"product_tag":[],"class_list":{"0":"post-40114","1":"product","2":"type-product","3":"status-publish","4":"has-post-thumbnail","6":"product_brand-domo","7":"product_cat-aparati-za-osobnu-njegu","8":"product_cat-zdravstveni-uredaji-192","10":"first","11":"instock","12":"shipping-taxable","13":"purchasable","14":"product-type-simple"},"_links":{"self":[{"href":"https:\/\/singuli.wpress.me\/index.php\/wp-json\/wp\/v2\/product\/40114","targetHints":{"allow":["GET"]}}],"collection":[{"href":"https:\/\/singuli.wpress.me\/index.php\/wp-json\/wp\/v2\/product"}],"about":[{"href":"https:\/\/singuli.wpress.me\/index.php\/wp-json\/wp\/v2\/types\/product"}],"version-history":[{"count":0,"href":"https:\/\/singuli.wpress.me\/index.php\/wp-json\/wp\/v2\/product\/40114\/revisions"}],"wp:featuredmedia":[{"embeddable":true,"href":"https:\/\/singuli.wpress.me\/index.php\/wp-json\/wp\/v2\/media\/40115"}],"wp:attachment":[{"href":"https:\/\/singuli.wpress.me\/index.php\/wp-json\/wp\/v2\/media?parent=40114"}],"wp:term":[{"taxonomy":"product_brand","embeddable":true,"href":"https:\/\/singuli.wpress.me\/index.php\/wp-json\/wp\/v2\/product_brand?post=40114"},{"taxonomy":"product_cat","embeddable":true,"href":"https:\/\/singuli.wpress.me\/index.php\/wp-json\/wp\/v2\/product_cat?post=40114"},{"taxonomy":"product_tag","embeddable":true,"href":"https:\/\/singuli.wpress.me\/index.php\/wp-json\/wp\/v2\/product_tag?post=40114"}],"curies":[{"name":"wp","href":"https:\/\/api.w.org\/{rel}","templated":true}]}}