{"id":40127,"date":"2026-04-19T02:29:14","date_gmt":"2026-04-19T02:29:14","guid":{"rendered":"https:\/\/singuli.wpress.me\/index.php\/proizvod\/hot-wheels-color-reveal-autic-duo-pakiranje-omjer-164\/"},"modified":"2026-04-20T12:33:30","modified_gmt":"2026-04-20T12:33:30","slug":"hot-wheels-color-reveal-autic-duo-pakiranje-omjer-164","status":"publish","type":"product","link":"https:\/\/singuli.wpress.me\/index.php\/proizvod\/hot-wheels-color-reveal-autic-duo-pakiranje-omjer-164\/","title":{"rendered":"HOT WHEELS Color Reveal, auti\u0107, duo pakiranje, omjer 1:64"},"content":{"rendered":"<p>Hot Wheels Color Reveal duo pack pun je nevjerojatnih iznena\u0111enja!<\/p>\n<p>Unutar pakiranja koje podsje\u0107a na ba\u010dvu, nalaze se 2 Hot Wheels Color Reveal auti\u0107a u mjerilu 1:64 prekrivena posebnim premazom Color Reveal.<\/p>\n<p>Napunite &#8221;ba\u010dvu&#8221; s vodom i u njoj vrtite svaki auti\u0107 dok voda ne promijeni boju, a zatim izvucite auti\u0107 &#8211; otkrili ste koji auti\u0107 ste dobili.<\/p>\n<p>\u017delite li ponovno promijeniti njegov izgled? Ulijte u &#8221;ba\u010dvu&#8221; ledeno hladnu vodu i u nju stavite auti\u0107e za jo\u0161 jednu nevjerojatnu transformaciju! I to nije sve.<\/p>\n<p>Auti\u0107i ponovno mijenjaju izgled ako ih stavite u toplu vodu.<\/p>\n<p>Promjena boje u hladnoj i toploj vodi se mo\u017ee ponavljati tako da se i zabava mo\u017ee nastaviti.<\/p>\n<p>Pakiranje u obliku ba\u010dve poslije mo\u017ee poslu\u017eiti i za spremanje svojih Hot Wheels auti\u0107a.<\/p>\n<p><span style=\"font-weight: bold\">Igra\u010dka dolazi u vi\u0161e razli\u010ditih modela, a isporuka ovisi o njihovoj trenutnoj raspolo\u017eivosti. <\/span><\/p>\n","protected":false},"excerpt":{"rendered":"<p>U pakiranju dolaze 2 auti\u0107a u veli\u010dini 1:64<br \/>\nAuti\u0107i mijenjaju boju pod vodom<br \/>\nBoja se mijenja u toploj i hladnoj vodi<\/p>\n","protected":false},"featured_media":40128,"template":"","meta":{"_seopress_robots_primary_cat":"","_seopress_titles_title":"","_seopress_titles_desc":"","_seopress_robots_index":"","iawp_total_views":0},"product_brand":[429],"product_cat":[243,273],"product_tag":[],"class_list":{"0":"post-40127","1":"product","2":"type-product","3":"status-publish","4":"has-post-thumbnail","6":"product_brand-hot-wheels","7":"product_cat-automobili-i-motori","8":"product_cat-njega-vozila-243","10":"first","11":"instock","12":"shipping-taxable","13":"purchasable","14":"product-type-simple"},"_links":{"self":[{"href":"https:\/\/singuli.wpress.me\/index.php\/wp-json\/wp\/v2\/product\/40127","targetHints":{"allow":["GET"]}}],"collection":[{"href":"https:\/\/singuli.wpress.me\/index.php\/wp-json\/wp\/v2\/product"}],"about":[{"href":"https:\/\/singuli.wpress.me\/index.php\/wp-json\/wp\/v2\/types\/product"}],"version-history":[{"count":0,"href":"https:\/\/singuli.wpress.me\/index.php\/wp-json\/wp\/v2\/product\/40127\/revisions"}],"wp:featuredmedia":[{"embeddable":true,"href":"https:\/\/singuli.wpress.me\/index.php\/wp-json\/wp\/v2\/media\/40128"}],"wp:attachment":[{"href":"https:\/\/singuli.wpress.me\/index.php\/wp-json\/wp\/v2\/media?parent=40127"}],"wp:term":[{"taxonomy":"product_brand","embeddable":true,"href":"https:\/\/singuli.wpress.me\/index.php\/wp-json\/wp\/v2\/product_brand?post=40127"},{"taxonomy":"product_cat","embeddable":true,"href":"https:\/\/singuli.wpress.me\/index.php\/wp-json\/wp\/v2\/product_cat?post=40127"},{"taxonomy":"product_tag","embeddable":true,"href":"https:\/\/singuli.wpress.me\/index.php\/wp-json\/wp\/v2\/product_tag?post=40127"}],"curies":[{"name":"wp","href":"https:\/\/api.w.org\/{rel}","templated":true}]}}