{"id":40144,"date":"2026-04-19T02:29:24","date_gmt":"2026-04-19T02:29:24","guid":{"rendered":"https:\/\/singuli.wpress.me\/index.php\/proizvod\/borotalco-manneti-invisible-fresh-dezodorans-u-spreju-150-ml-2\/"},"modified":"2026-04-20T12:33:30","modified_gmt":"2026-04-20T12:33:30","slug":"borotalco-manneti-invisible-fresh-dezodorans-u-spreju-150-ml-2","status":"publish","type":"product","link":"https:\/\/singuli.wpress.me\/index.php\/proizvod\/borotalco-manneti-invisible-fresh-dezodorans-u-spreju-150-ml-2\/","title":{"rendered":"BOROTALCO Manneti Invisible Fresh, dezodorans u spreju, 150\u00a0ml"},"content":{"rendered":"<p>Borotalco deo sprej Invisible Fresh pru\u017ea dugotrajnu i u\u010dinkovitu njegu protiv znojenja i neugodnih mirisa. <\/p>\n<p>U\u010dinkovita formula protiv neugodnih tragova na odje\u0107i poma\u017ee u sprje\u010davanju razvoja neugodnih mirisa. <\/p>\n<p>Borotalco deo sprej Invisible Fresh va\u0161em \u0107e tijelu pru\u017eiti cjelodnevnu njegu i u\u010dinkovitu za\u0161titu od znojenja.<\/p>\n","protected":false},"excerpt":{"rendered":"<p>U\u010dinkovita za\u0161tita protiv znojenja<br \/>\nFormula protiv neugodnih tragova na odje\u0107i<br \/>\n\u0160titi od razvoja neugodnih mirisa<\/p>\n","protected":false},"featured_media":40145,"template":"","meta":{"_seopress_robots_primary_cat":"","_seopress_titles_title":"","_seopress_titles_desc":"","_seopress_robots_index":"","iawp_total_views":0},"product_brand":[484],"product_cat":[285,268],"product_tag":[],"class_list":{"0":"post-40144","1":"product","2":"type-product","3":"status-publish","4":"has-post-thumbnail","6":"product_brand-borotalco","7":"product_cat-dezodoransi-268","8":"product_cat-kozmetika-2","10":"first","11":"outofstock","12":"shipping-taxable","13":"purchasable","14":"product-type-simple"},"_links":{"self":[{"href":"https:\/\/singuli.wpress.me\/index.php\/wp-json\/wp\/v2\/product\/40144","targetHints":{"allow":["GET"]}}],"collection":[{"href":"https:\/\/singuli.wpress.me\/index.php\/wp-json\/wp\/v2\/product"}],"about":[{"href":"https:\/\/singuli.wpress.me\/index.php\/wp-json\/wp\/v2\/types\/product"}],"version-history":[{"count":0,"href":"https:\/\/singuli.wpress.me\/index.php\/wp-json\/wp\/v2\/product\/40144\/revisions"}],"wp:featuredmedia":[{"embeddable":true,"href":"https:\/\/singuli.wpress.me\/index.php\/wp-json\/wp\/v2\/media\/40145"}],"wp:attachment":[{"href":"https:\/\/singuli.wpress.me\/index.php\/wp-json\/wp\/v2\/media?parent=40144"}],"wp:term":[{"taxonomy":"product_brand","embeddable":true,"href":"https:\/\/singuli.wpress.me\/index.php\/wp-json\/wp\/v2\/product_brand?post=40144"},{"taxonomy":"product_cat","embeddable":true,"href":"https:\/\/singuli.wpress.me\/index.php\/wp-json\/wp\/v2\/product_cat?post=40144"},{"taxonomy":"product_tag","embeddable":true,"href":"https:\/\/singuli.wpress.me\/index.php\/wp-json\/wp\/v2\/product_tag?post=40144"}],"curies":[{"name":"wp","href":"https:\/\/api.w.org\/{rel}","templated":true}]}}