{"id":40146,"date":"2026-04-19T02:29:24","date_gmt":"2026-04-19T02:29:24","guid":{"rendered":"https:\/\/singuli.wpress.me\/index.php\/proizvod\/gillette-fusion5-proglide-brijac-s-zamjenskom-britvicom-2-kom\/"},"modified":"2026-04-20T12:33:30","modified_gmt":"2026-04-20T12:33:30","slug":"gillette-fusion5-proglide-brijac-s-zamjenskom-britvicom-2-kom","status":"publish","type":"product","link":"https:\/\/singuli.wpress.me\/index.php\/proizvod\/gillette-fusion5-proglide-brijac-s-zamjenskom-britvicom-2-kom\/","title":{"rendered":"GILLETTE Fusion5 ProGlide, brija\u010d s zamjenskom britvicom, 2\u00a0kom"},"content":{"rendered":"<p>Brija\u010d za mu\u0161karce Gillette Fusion5 ProGlide ima 5 o\u0161trica koje umanjuju trenje, za brijanje koje gotovo ne\u0107ete ni osjetiti. <\/p>\n<p>Zahvaljuju\u0107i tehnologiji FlexBall, brija\u010d reagira na obrise lica i hvata doslovno svaku dla\u010dicu. <\/p>\n<p>Precizni trimer sa stra\u017enje strane odli\u010dan je za te\u017ee dostupna mjesta, poput podru\u010dja ispod nosa i zalizaka. <\/p>\n<p>Jedna zamjenjiva britvica dostatna je za do mjesec dana brijanja. <\/p>\n<p>Dr\u0161ka brija\u010da za mu\u0161karce Fusion5 ProGlide kompatibilna je sa svim zamjenjivim britvicama Fusion5. <\/p>\n<p>Dosada\u0161nji naziv ovih Gilletteovih zamjenjivih britvica bio je Fusion ProGlide.<\/p>\n","protected":false},"excerpt":{"rendered":"<p>Zahvaljuju\u0107i tehnologiji FlexBall, brija\u010d reagira na obrise lica<br \/>\nJedna zamjenjiva britvica dostatna je za do mjesec dana brijanja<br \/>\nDr\u0161ka brija\u010da za mu\u0161karce Fusion5 ProGlide kompatibilna je sa svim zamjenjivim britvicama Fusion5<\/p>\n","protected":false},"featured_media":40147,"template":"","meta":{"_seopress_robots_primary_cat":"","_seopress_titles_title":"","_seopress_titles_desc":"","_seopress_robots_index":"","iawp_total_views":0},"product_brand":[323],"product_cat":[280,192,279],"product_tag":[],"class_list":{"0":"post-40146","1":"product","2":"type-product","3":"status-publish","4":"has-post-thumbnail","6":"product_brand-gillette","7":"product_cat-aparati-za-muskarce-279","8":"product_cat-aparati-za-osobnu-njegu","9":"product_cat-brijanje-i-sisanje-192","11":"first","12":"outofstock","13":"shipping-taxable","14":"purchasable","15":"product-type-simple"},"_links":{"self":[{"href":"https:\/\/singuli.wpress.me\/index.php\/wp-json\/wp\/v2\/product\/40146","targetHints":{"allow":["GET"]}}],"collection":[{"href":"https:\/\/singuli.wpress.me\/index.php\/wp-json\/wp\/v2\/product"}],"about":[{"href":"https:\/\/singuli.wpress.me\/index.php\/wp-json\/wp\/v2\/types\/product"}],"version-history":[{"count":0,"href":"https:\/\/singuli.wpress.me\/index.php\/wp-json\/wp\/v2\/product\/40146\/revisions"}],"wp:featuredmedia":[{"embeddable":true,"href":"https:\/\/singuli.wpress.me\/index.php\/wp-json\/wp\/v2\/media\/40147"}],"wp:attachment":[{"href":"https:\/\/singuli.wpress.me\/index.php\/wp-json\/wp\/v2\/media?parent=40146"}],"wp:term":[{"taxonomy":"product_brand","embeddable":true,"href":"https:\/\/singuli.wpress.me\/index.php\/wp-json\/wp\/v2\/product_brand?post=40146"},{"taxonomy":"product_cat","embeddable":true,"href":"https:\/\/singuli.wpress.me\/index.php\/wp-json\/wp\/v2\/product_cat?post=40146"},{"taxonomy":"product_tag","embeddable":true,"href":"https:\/\/singuli.wpress.me\/index.php\/wp-json\/wp\/v2\/product_tag?post=40146"}],"curies":[{"name":"wp","href":"https:\/\/api.w.org\/{rel}","templated":true}]}}