{"id":40151,"date":"2026-04-19T02:29:25","date_gmt":"2026-04-19T02:29:25","guid":{"rendered":"https:\/\/singuli.wpress.me\/index.php\/proizvod\/always-dailies-normal-to-go-fresh-higijenski-ulosci-20-kom\/"},"modified":"2026-04-20T12:33:30","modified_gmt":"2026-04-20T12:33:30","slug":"always-dailies-normal-to-go-fresh-higijenski-ulosci-20-kom","status":"publish","type":"product","link":"https:\/\/singuli.wpress.me\/index.php\/proizvod\/always-dailies-normal-to-go-fresh-higijenski-ulosci-20-kom\/","title":{"rendered":"ALWAYS Dailies Normal To Go Fresh, higijenski ulo\u0161ci, 20\u00a0kom"},"content":{"rendered":"<p>Bez obzira kamo vas dan odvede, Fresh Always Dailies Normal To Go jastu\u010di\u0107i odr\u017eavat \u0107e vas svje\u017eima svaki dan. Zahvaljuju\u0107i njihovom kompaktnom pakiranju, lako ih mo\u017eete nositi sa sobom i osje\u0107ati se svje\u017ee bez obzira gdje se nalazili. Pojedina\u010dno pakirani pru\u017eaju dodatnu prakti\u010dnost i higijena pri no\u0161enju u torbi. Idealne su za vaginalni iscjedak, kao dodatna za\u0161tita kod neredovitih menstruacija i za dane slabije menstruacije ili slabog curenja.<\/p>\n<p>&#8211; Zamotajte pojedina\u010dno. Individualni umeci za dnevnu svje\u017einu, bez obzira gdje se nalazite.<br \/>\n&#8211; Tehnologija neutralizacije mirisa omogu\u0107uje vam da se osje\u0107ate svje\u017ee i samouvjereno cijeli dan.<br \/>\n&#8211; Toliko fleksibilni da ih jedva osje\u0107ate.<br \/>\n&#8211; Dizajnirane su da di\u0161u i pru\u017eaju pouzdanu suho\u0107u.<br \/>\n&#8211; Odobreno od strane dermatologa Skin Health Alliance.<\/p>\n<p>Upozorenje: Kako biste izbjegli opasnost od gu\u0161enja, dr\u017eite svu ambala\u017eu podalje od dojen\u010dadi i djece.<\/p>\n<p>Nemojte pu\u0161tati vodu u WC \u0161koljku. \u010cuvati na hladnom i suhom mjestu.<\/p>\n","protected":false},"excerpt":{"rendered":"<p>Dermatolo\u0161ki provjereno.<br \/>\nKompaktno zamotan, prakti\u010dan za no\u0161enje.<br \/>\nKontrola mirisa, udobnost, suho\u0107a.<\/p>\n","protected":false},"featured_media":40152,"template":"","meta":{"_seopress_robots_primary_cat":"","_seopress_titles_title":"","_seopress_titles_desc":"","_seopress_robots_index":"","iawp_total_views":0},"product_brand":[449],"product_cat":[211,288],"product_tag":[],"class_list":{"0":"post-40151","1":"product","2":"type-product","3":"status-publish","4":"has-post-thumbnail","6":"product_brand-always","7":"product_cat-njega-majke-i-djeteta","8":"product_cat-zenska-higijena-211","10":"first","11":"instock","12":"shipping-taxable","13":"purchasable","14":"product-type-simple"},"_links":{"self":[{"href":"https:\/\/singuli.wpress.me\/index.php\/wp-json\/wp\/v2\/product\/40151","targetHints":{"allow":["GET"]}}],"collection":[{"href":"https:\/\/singuli.wpress.me\/index.php\/wp-json\/wp\/v2\/product"}],"about":[{"href":"https:\/\/singuli.wpress.me\/index.php\/wp-json\/wp\/v2\/types\/product"}],"version-history":[{"count":0,"href":"https:\/\/singuli.wpress.me\/index.php\/wp-json\/wp\/v2\/product\/40151\/revisions"}],"wp:featuredmedia":[{"embeddable":true,"href":"https:\/\/singuli.wpress.me\/index.php\/wp-json\/wp\/v2\/media\/40152"}],"wp:attachment":[{"href":"https:\/\/singuli.wpress.me\/index.php\/wp-json\/wp\/v2\/media?parent=40151"}],"wp:term":[{"taxonomy":"product_brand","embeddable":true,"href":"https:\/\/singuli.wpress.me\/index.php\/wp-json\/wp\/v2\/product_brand?post=40151"},{"taxonomy":"product_cat","embeddable":true,"href":"https:\/\/singuli.wpress.me\/index.php\/wp-json\/wp\/v2\/product_cat?post=40151"},{"taxonomy":"product_tag","embeddable":true,"href":"https:\/\/singuli.wpress.me\/index.php\/wp-json\/wp\/v2\/product_tag?post=40151"}],"curies":[{"name":"wp","href":"https:\/\/api.w.org\/{rel}","templated":true}]}}