{"id":40153,"date":"2026-04-19T02:29:27","date_gmt":"2026-04-19T02:29:27","guid":{"rendered":"https:\/\/singuli.wpress.me\/index.php\/proizvod\/chilly-manneti-delicate-intimne-maramice-12-kom\/"},"modified":"2026-04-21T00:27:02","modified_gmt":"2026-04-21T00:27:02","slug":"chilly-manneti-delicate-intimne-maramice-12-kom","status":"publish","type":"product","link":"https:\/\/singuli.wpress.me\/index.php\/proizvod\/chilly-manneti-delicate-intimne-maramice-12-kom\/","title":{"rendered":"CHILLY Manneti Delicate, intimne maramice, 12\u00a0kom"},"content":{"rendered":"<p>12 komada Chilly intimnih maramica Delicato. <\/p>\n<p>Namijenjene aktivnim \u017eenama koje tra\u017ee svje\u017einu i \u010disto\u0107u intimne zone u svakom trenutku. <\/p>\n","protected":false},"excerpt":{"rendered":"<p>Pru\u017eaju njegu intimne zone u svakom trenutku<br \/>\nPrakti\u010dne za \u017eene koje su stalno u pokretu<br \/>\n100 % biorazgradive maramice<\/p>\n","protected":false},"featured_media":40154,"template":"","meta":{"_seopress_robots_primary_cat":"","_seopress_titles_title":"","_seopress_titles_desc":"","_seopress_robots_index":"","iawp_total_views":0},"product_brand":[387],"product_cat":[268,278],"product_tag":[],"class_list":{"0":"post-40153","1":"product","2":"type-product","3":"status-publish","4":"has-post-thumbnail","6":"product_brand-chilly","7":"product_cat-kozmetika-2","8":"product_cat-njega-tijela-268","10":"first","11":"instock","12":"shipping-taxable","13":"purchasable","14":"product-type-simple"},"_links":{"self":[{"href":"https:\/\/singuli.wpress.me\/index.php\/wp-json\/wp\/v2\/product\/40153","targetHints":{"allow":["GET"]}}],"collection":[{"href":"https:\/\/singuli.wpress.me\/index.php\/wp-json\/wp\/v2\/product"}],"about":[{"href":"https:\/\/singuli.wpress.me\/index.php\/wp-json\/wp\/v2\/types\/product"}],"version-history":[{"count":0,"href":"https:\/\/singuli.wpress.me\/index.php\/wp-json\/wp\/v2\/product\/40153\/revisions"}],"wp:featuredmedia":[{"embeddable":true,"href":"https:\/\/singuli.wpress.me\/index.php\/wp-json\/wp\/v2\/media\/40154"}],"wp:attachment":[{"href":"https:\/\/singuli.wpress.me\/index.php\/wp-json\/wp\/v2\/media?parent=40153"}],"wp:term":[{"taxonomy":"product_brand","embeddable":true,"href":"https:\/\/singuli.wpress.me\/index.php\/wp-json\/wp\/v2\/product_brand?post=40153"},{"taxonomy":"product_cat","embeddable":true,"href":"https:\/\/singuli.wpress.me\/index.php\/wp-json\/wp\/v2\/product_cat?post=40153"},{"taxonomy":"product_tag","embeddable":true,"href":"https:\/\/singuli.wpress.me\/index.php\/wp-json\/wp\/v2\/product_tag?post=40153"}],"curies":[{"name":"wp","href":"https:\/\/api.w.org\/{rel}","templated":true}]}}