{"id":40157,"date":"2026-04-19T02:29:28","date_gmt":"2026-04-19T02:29:28","guid":{"rendered":"https:\/\/singuli.wpress.me\/index.php\/proizvod\/cocomelon-prve-puzzle-zabava\/"},"modified":"2026-04-20T12:33:30","modified_gmt":"2026-04-20T12:33:30","slug":"cocomelon-prve-puzzle-zabava","status":"publish","type":"product","link":"https:\/\/singuli.wpress.me\/index.php\/proizvod\/cocomelon-prve-puzzle-zabava\/","title":{"rendered":"COCOMELON, prve puzzle, Zabava"},"content":{"rendered":"<p>Rekreiraj najljep\u0161e scene svojih omiljenih likova s prvim puzzlama za najmla\u0111e i zabavi se!<\/p>\n<p>Utori poma\u017eu u rje\u0161avanju zadatka, a u isto vrijeme dijete \u0107e razvijati vizualno pam\u0107enje, osje\u0107aju\u0107i se pritom stimulirano i zadovoljno.<\/p>\n<p>SADR\u017dAJ: 8 puzzli<\/p>\n<p>Preporu\u010dena dob: 1+<\/p>\n","protected":false},"excerpt":{"rendered":"<p>Puzzle za najmla\u0111e<br \/>\nSadr\u017eaj: 8 puzzli<br \/>\nDob: 1+god<\/p>\n","protected":false},"featured_media":40158,"template":"","meta":{"_seopress_robots_primary_cat":"","_seopress_titles_title":"","_seopress_titles_desc":"","_seopress_robots_index":"","iawp_total_views":0},"product_brand":[848],"product_cat":[290,221],"product_tag":[],"class_list":{"0":"post-40157","1":"product","2":"type-product","3":"status-publish","4":"has-post-thumbnail","6":"product_brand-cocomelon","7":"product_cat-drustvene-igre-221","8":"product_cat-igracke","10":"first","11":"outofstock","12":"shipping-taxable","13":"purchasable","14":"product-type-simple"},"_links":{"self":[{"href":"https:\/\/singuli.wpress.me\/index.php\/wp-json\/wp\/v2\/product\/40157","targetHints":{"allow":["GET"]}}],"collection":[{"href":"https:\/\/singuli.wpress.me\/index.php\/wp-json\/wp\/v2\/product"}],"about":[{"href":"https:\/\/singuli.wpress.me\/index.php\/wp-json\/wp\/v2\/types\/product"}],"version-history":[{"count":0,"href":"https:\/\/singuli.wpress.me\/index.php\/wp-json\/wp\/v2\/product\/40157\/revisions"}],"wp:featuredmedia":[{"embeddable":true,"href":"https:\/\/singuli.wpress.me\/index.php\/wp-json\/wp\/v2\/media\/40158"}],"wp:attachment":[{"href":"https:\/\/singuli.wpress.me\/index.php\/wp-json\/wp\/v2\/media?parent=40157"}],"wp:term":[{"taxonomy":"product_brand","embeddable":true,"href":"https:\/\/singuli.wpress.me\/index.php\/wp-json\/wp\/v2\/product_brand?post=40157"},{"taxonomy":"product_cat","embeddable":true,"href":"https:\/\/singuli.wpress.me\/index.php\/wp-json\/wp\/v2\/product_cat?post=40157"},{"taxonomy":"product_tag","embeddable":true,"href":"https:\/\/singuli.wpress.me\/index.php\/wp-json\/wp\/v2\/product_tag?post=40157"}],"curies":[{"name":"wp","href":"https:\/\/api.w.org\/{rel}","templated":true}]}}