{"id":40166,"date":"2026-04-19T02:29:36","date_gmt":"2026-04-19T02:29:36","guid":{"rendered":"https:\/\/singuli.wpress.me\/index.php\/proizvod\/medex-apikompleks-forte-pastile-18-pastila-x-2-2-g\/"},"modified":"2026-04-20T12:33:30","modified_gmt":"2026-04-20T12:33:30","slug":"medex-apikompleks-forte-pastile-18-pastila-x-2-2-g","status":"publish","type":"product","link":"https:\/\/singuli.wpress.me\/index.php\/proizvod\/medex-apikompleks-forte-pastile-18-pastila-x-2-2-g\/","title":{"rendered":"MEDEX Apikompleks Forte, pastile, 18 pastila x 2.2 g"},"content":{"rendered":"<p>Pastile s peludom, propolisom, mati\u010dnom mlije\u010di, vitaminom C i riboflavinom (vitamin B2). S dvije pastile Apikompleksa forte unijet \u0107ete 100 % preporu\u010denog dnevno unosa vitamina C, koji doprinosi normalnoj funkciji imunolo\u0161kog sustava, i 30 % preporu\u010deni dnevni unos riboflavina (vitamina B2), koji doprinosi smanjenju umora i iscrpljenosti te doprinosi odr\u017eavanju normalnih crvenih krvnih stanica.<\/p>\n<p>Vitamin C doprinosi normalnoj funkciji imunolo\u0161kog sustava. Riboflavin (vitamin B2) doprinosi smanjenju umora i iscrpljenosti te doprinosi odr\u017eavanju normalnih crvenih krvnih stanica.<\/p>\n<p><span style=\"font-weight: bold\">Na\u010din primjene:<\/span> Preporu\u010dena dnevna koli\u010dina za odrasle jest 2 pastile. Djeci preporu\u010dujemo 1 pastilu dnevno.<\/p>\n<p>Sastojci u preporu\u010denoj dnevnoj dozi (2 pastile = 4,4 g): liofilizirana mati\u010dna mlije\u010d 66mg, vitamin C 80 mg (100% PDU), vitamin B2 0,42 mg (30% PDU).<\/p>\n","protected":false},"excerpt":{"rendered":"<p>Sadr\u017ei prirodan vitamin C (iz acerole), riboflavin (vitamin B2), pelud, ekstrakt propolisa i mati\u010dnu mlije\u010d.<br \/>\nSa standardiziranim sadr\u017eajem nezasi\u0107enih masnih kiselina 10 HDA u mati\u010dnoj mlije\u010di i bioflavonoida u propolisu.<br \/>\nS dvije pastile Apikompleksa forte unijet \u0107ete 100 % preporu\u010denog dnevnog unosa vitamina C.<\/p>\n","protected":false},"featured_media":40167,"template":"","meta":{"_seopress_robots_primary_cat":"","_seopress_titles_title":"","_seopress_titles_desc":"","_seopress_robots_index":"","iawp_total_views":0},"product_brand":[415],"product_cat":[268,269],"product_tag":[],"class_list":{"0":"post-40166","1":"product","2":"type-product","3":"status-publish","4":"has-post-thumbnail","6":"product_brand-medex","7":"product_cat-kozmetika-2","8":"product_cat-zastita-koze-268","10":"first","11":"outofstock","12":"shipping-taxable","13":"purchasable","14":"product-type-simple"},"_links":{"self":[{"href":"https:\/\/singuli.wpress.me\/index.php\/wp-json\/wp\/v2\/product\/40166","targetHints":{"allow":["GET"]}}],"collection":[{"href":"https:\/\/singuli.wpress.me\/index.php\/wp-json\/wp\/v2\/product"}],"about":[{"href":"https:\/\/singuli.wpress.me\/index.php\/wp-json\/wp\/v2\/types\/product"}],"version-history":[{"count":0,"href":"https:\/\/singuli.wpress.me\/index.php\/wp-json\/wp\/v2\/product\/40166\/revisions"}],"wp:featuredmedia":[{"embeddable":true,"href":"https:\/\/singuli.wpress.me\/index.php\/wp-json\/wp\/v2\/media\/40167"}],"wp:attachment":[{"href":"https:\/\/singuli.wpress.me\/index.php\/wp-json\/wp\/v2\/media?parent=40166"}],"wp:term":[{"taxonomy":"product_brand","embeddable":true,"href":"https:\/\/singuli.wpress.me\/index.php\/wp-json\/wp\/v2\/product_brand?post=40166"},{"taxonomy":"product_cat","embeddable":true,"href":"https:\/\/singuli.wpress.me\/index.php\/wp-json\/wp\/v2\/product_cat?post=40166"},{"taxonomy":"product_tag","embeddable":true,"href":"https:\/\/singuli.wpress.me\/index.php\/wp-json\/wp\/v2\/product_tag?post=40166"}],"curies":[{"name":"wp","href":"https:\/\/api.w.org\/{rel}","templated":true}]}}