{"id":40170,"date":"2026-04-19T02:29:37","date_gmt":"2026-04-19T02:29:37","guid":{"rendered":"https:\/\/singuli.wpress.me\/index.php\/proizvod\/hot-wheels-premium-autic\/"},"modified":"2026-04-23T00:27:43","modified_gmt":"2026-04-23T00:27:43","slug":"hot-wheels-premium-autic","status":"publish","type":"product","link":"https:\/\/singuli.wpress.me\/proizvod\/hot-wheels-premium-autic\/","title":{"rendered":"HOT WHEELS Premium, auti\u0107"},"content":{"rendered":"<p>Asortiman vozila Hot Wheels\u00ae Pop Culture sadr\u017ei modele u mjerilu 1:64 koje apsolutno moraju imati kolekcionari i ljubitelji automobila diljem svijeta!<br \/>\nSvako vozilo ima izuzetnu grafiku i detalje iz najpopularnijih TV showova, filmova i video igrica!<br \/>\nSort proizvod; nasumi\u010dnim odabirom dobit \u0107e\u0161 jedan Hot Wheels auti\u0107. Koji? Neka to bude iznena\u0111enje<\/p>\n","protected":false},"excerpt":{"rendered":"<p>Za kolekcionare i ljubitelje automobila diljem svijeta<br \/>\nDob: 4+<br \/>\nIgra\u010dka dolazi u vi\u0161e razli\u010ditih modela<\/p>\n","protected":false},"featured_media":40171,"template":"","meta":{"_seopress_robots_primary_cat":"","_seopress_titles_title":"","_seopress_titles_desc":"","_seopress_robots_index":"","iawp_total_views":0},"product_brand":[429],"product_cat":[243,273],"product_tag":[],"class_list":{"0":"post-40170","1":"product","2":"type-product","3":"status-publish","4":"has-post-thumbnail","6":"product_brand-hot-wheels","7":"product_cat-automobili-i-motori","8":"product_cat-njega-vozila-243","10":"first","11":"instock","12":"shipping-taxable","13":"purchasable","14":"product-type-simple"},"_links":{"self":[{"href":"https:\/\/singuli.wpress.me\/wp-json\/wp\/v2\/product\/40170","targetHints":{"allow":["GET"]}}],"collection":[{"href":"https:\/\/singuli.wpress.me\/wp-json\/wp\/v2\/product"}],"about":[{"href":"https:\/\/singuli.wpress.me\/wp-json\/wp\/v2\/types\/product"}],"version-history":[{"count":0,"href":"https:\/\/singuli.wpress.me\/wp-json\/wp\/v2\/product\/40170\/revisions"}],"wp:featuredmedia":[{"embeddable":true,"href":"https:\/\/singuli.wpress.me\/wp-json\/wp\/v2\/media\/40171"}],"wp:attachment":[{"href":"https:\/\/singuli.wpress.me\/wp-json\/wp\/v2\/media?parent=40170"}],"wp:term":[{"taxonomy":"product_brand","embeddable":true,"href":"https:\/\/singuli.wpress.me\/wp-json\/wp\/v2\/product_brand?post=40170"},{"taxonomy":"product_cat","embeddable":true,"href":"https:\/\/singuli.wpress.me\/wp-json\/wp\/v2\/product_cat?post=40170"},{"taxonomy":"product_tag","embeddable":true,"href":"https:\/\/singuli.wpress.me\/wp-json\/wp\/v2\/product_tag?post=40170"}],"curies":[{"name":"wp","href":"https:\/\/api.w.org\/{rel}","templated":true}]}}