{"id":40187,"date":"2026-04-19T02:29:45","date_gmt":"2026-04-19T02:29:45","guid":{"rendered":"https:\/\/singuli.wpress.me\/index.php\/proizvod\/plantaze-vranac-crveno-vino-0-75-l\/"},"modified":"2026-04-20T12:33:30","modified_gmt":"2026-04-20T12:33:30","slug":"plantaze-vranac-crveno-vino-0-75-l","status":"publish","type":"product","link":"https:\/\/singuli.wpress.me\/index.php\/proizvod\/plantaze-vranac-crveno-vino-0-75-l\/","title":{"rendered":"PLANTA\u017dE Vranac, crveno vino, 0.75\u00a0l"},"content":{"rendered":"<p>Vrhunsko suho crveno vino proizvodi se od drevne crnogorske autohtone sorte. <\/p>\n<p>Mirisno su izra\u017eene arome sitnog bobi\u010dastog vo\u0107a, kupine i borovnice sa diskretnim suhim za\u010dinima dok na nepcu je vo\u0107no sa dominantnom aromom kupine, lagana struktura i blag tanin.<\/p>\n<p>Temperatura serviranja: 16-18\u00b0C <\/p>\n","protected":false},"excerpt":{"rendered":"<p>Vrhunsko suho crveno vino<br \/>\nMirisno su izra\u017eene arome sitnog bobi\u010dastog vo\u0107a, kupine i borovnice sa diskretnim suhim za\u010dinima dok na nepcu je vo\u0107no sa dominantnom aromom kupine, lagana struktura i blag tanin<br \/>\nTemperatura serviranja: 16-18\u00b0C<\/p>\n","protected":false},"featured_media":40188,"template":"","meta":{"_seopress_robots_primary_cat":"","_seopress_titles_title":"","_seopress_titles_desc":"","_seopress_robots_index":"","iawp_total_views":0},"product_brand":[508],"product_cat":[298,261],"product_tag":[],"class_list":{"0":"post-40187","1":"product","2":"type-product","3":"status-publish","4":"has-post-thumbnail","6":"product_brand-plantaze","7":"product_cat-alkoholna-pica-261","8":"product_cat-hrana-i-pice","10":"first","11":"instock","12":"shipping-taxable","13":"purchasable","14":"product-type-simple"},"_links":{"self":[{"href":"https:\/\/singuli.wpress.me\/index.php\/wp-json\/wp\/v2\/product\/40187","targetHints":{"allow":["GET"]}}],"collection":[{"href":"https:\/\/singuli.wpress.me\/index.php\/wp-json\/wp\/v2\/product"}],"about":[{"href":"https:\/\/singuli.wpress.me\/index.php\/wp-json\/wp\/v2\/types\/product"}],"version-history":[{"count":0,"href":"https:\/\/singuli.wpress.me\/index.php\/wp-json\/wp\/v2\/product\/40187\/revisions"}],"wp:featuredmedia":[{"embeddable":true,"href":"https:\/\/singuli.wpress.me\/index.php\/wp-json\/wp\/v2\/media\/40188"}],"wp:attachment":[{"href":"https:\/\/singuli.wpress.me\/index.php\/wp-json\/wp\/v2\/media?parent=40187"}],"wp:term":[{"taxonomy":"product_brand","embeddable":true,"href":"https:\/\/singuli.wpress.me\/index.php\/wp-json\/wp\/v2\/product_brand?post=40187"},{"taxonomy":"product_cat","embeddable":true,"href":"https:\/\/singuli.wpress.me\/index.php\/wp-json\/wp\/v2\/product_cat?post=40187"},{"taxonomy":"product_tag","embeddable":true,"href":"https:\/\/singuli.wpress.me\/index.php\/wp-json\/wp\/v2\/product_tag?post=40187"}],"curies":[{"name":"wp","href":"https:\/\/api.w.org\/{rel}","templated":true}]}}