{"id":40189,"date":"2026-04-19T02:29:45","date_gmt":"2026-04-19T02:29:45","guid":{"rendered":"https:\/\/singuli.wpress.me\/index.php\/proizvod\/bissell-multi-surface-2815-set-za-ciscenje\/"},"modified":"2026-04-20T12:33:30","modified_gmt":"2026-04-20T12:33:30","slug":"bissell-multi-surface-2815-set-za-ciscenje","status":"publish","type":"product","link":"https:\/\/singuli.wpress.me\/index.php\/proizvod\/bissell-multi-surface-2815-set-za-ciscenje\/","title":{"rendered":"BISSELL Multi Surface 2815, set za \u010di\u0161\u0107enje"},"content":{"rendered":"<p>Uklju\u010duje Bissell Formula Multi Surface Cleaning Pack (2 x 1789L), zamjenski vakuumski filtar za Bissell CrossWave seriju (1 x 1868F) i zamjensku \u010detku za Bissell CrossWave seriju (1 x 1866F).<\/p>\n<p>Set je prikladan za kori\u0161tenje s Bissellom:<br \/>\n&#8211; CrossWave (17132)<br \/>\n&#8211; CrossWave Pet Pro (2225N)<br \/>\n&#8211; CrossWave be\u017ei\u010dni (2582N)<\/p>\n<p>Univerzalna otopina za \u010di\u0161\u0107enje s blagim mirisom magnolije, za \u010di\u0161\u0107enje tvrdih podova i tepiha.<br \/>\nPrije upotrebe protresite bo\u010dicu i nanesite formulu prema uputama za uporabu aparata. Za Crosswave usisava\u010de, napunite spremnik formule ru\u010dnom toplom vodom iz slavine do prve ili druge linije, ovisno o povr\u0161ini koju treba o\u010distiti. Zatim dodajte formulu. Proizvod je siguran za upotrebu na zabrtvljenim drvenim podovima, plo\u010dicama, laminatu, tepisima. Osvje\u017eite podove i tepihe svje\u017eim mirisom proljetnog vjetra i uklonite svakodnevnu prljav\u0161tinu.<br \/>\nZamjenski vakuumski filter za Bissell CrossWave seriju.<br \/>\nZamijenite filter svakih 6 mjeseci, ili ovisno o va\u0161oj uporabi. Jednostavan za umetanje i zamjenu.<br \/>\nZamjenska \u010detka za Bissell CrossWave seriju.<br \/>\nDvostruke \u010dekinje za \u010di\u0161\u0107enje i usisavanje prljav\u0161tine i krhotina u isto vrijeme. Siguran i u\u010dinkovit za kori\u0161tenje na tvrdim podovima, mo\u017eete ga koristiti za \u010di\u0161\u0107enje kuhinjskog poda nakon kuhinjske nesre\u0107e i brzo se prebaciti na osvje\u017eavanje obli\u017enjeg tepiha bez potrebe za mijenjanjem sredstva za \u010di\u0161\u0107enje. \u010cekinje za \u010di\u0161\u0107enje ove \u010detke uklanjaju \u010dvrsti nered s poda i povla\u010de ga u stroj. Za optimalne rezultate \u010di\u0161\u0107enja podova, preporu\u010damo kori\u0161tenje \u010detke s na\u0161om formulom za vi\u0161e povr\u0161ina. S inovativnim \u010detkama od mikrovlakana i najlona, \u200b\u200bistovremeno \u010disti i uklanja prljav\u0161tinu.<\/p>\n","protected":false},"excerpt":{"rendered":"<p>Set uklju\u010duje univerzalnu otopinu za \u010di\u0161\u0107enje, filter za usisavanje i zamjensku \u010detku<br \/>\nPrikladno za: CrossWave (17132), CrossWave Pet Pro (2225N) i CrossWave Cordless (2582N)<br \/>\nZa \u010di\u0161\u0107enje tvrdih podova i tepiha<\/p>\n","protected":false},"featured_media":40190,"template":"","meta":{"_seopress_robots_primary_cat":"","_seopress_titles_title":"","_seopress_titles_desc":"","_seopress_robots_index":"","iawp_total_views":0},"product_brand":[819],"product_cat":[160,271],"product_tag":[],"class_list":{"0":"post-40189","1":"product","2":"type-product","3":"status-publish","4":"has-post-thumbnail","6":"product_brand-bissell","7":"product_cat-mali-kucanski-aparati","8":"product_cat-usisavaci-i-ciscenje-160","10":"first","11":"outofstock","12":"shipping-taxable","13":"purchasable","14":"product-type-simple"},"_links":{"self":[{"href":"https:\/\/singuli.wpress.me\/index.php\/wp-json\/wp\/v2\/product\/40189","targetHints":{"allow":["GET"]}}],"collection":[{"href":"https:\/\/singuli.wpress.me\/index.php\/wp-json\/wp\/v2\/product"}],"about":[{"href":"https:\/\/singuli.wpress.me\/index.php\/wp-json\/wp\/v2\/types\/product"}],"version-history":[{"count":0,"href":"https:\/\/singuli.wpress.me\/index.php\/wp-json\/wp\/v2\/product\/40189\/revisions"}],"wp:featuredmedia":[{"embeddable":true,"href":"https:\/\/singuli.wpress.me\/index.php\/wp-json\/wp\/v2\/media\/40190"}],"wp:attachment":[{"href":"https:\/\/singuli.wpress.me\/index.php\/wp-json\/wp\/v2\/media?parent=40189"}],"wp:term":[{"taxonomy":"product_brand","embeddable":true,"href":"https:\/\/singuli.wpress.me\/index.php\/wp-json\/wp\/v2\/product_brand?post=40189"},{"taxonomy":"product_cat","embeddable":true,"href":"https:\/\/singuli.wpress.me\/index.php\/wp-json\/wp\/v2\/product_cat?post=40189"},{"taxonomy":"product_tag","embeddable":true,"href":"https:\/\/singuli.wpress.me\/index.php\/wp-json\/wp\/v2\/product_tag?post=40189"}],"curies":[{"name":"wp","href":"https:\/\/api.w.org\/{rel}","templated":true}]}}