{"id":40194,"date":"2026-04-19T02:29:47","date_gmt":"2026-04-19T02:29:47","guid":{"rendered":"https:\/\/singuli.wpress.me\/index.php\/proizvod\/dr-oetker-kvasac-instant-41-35-g\/"},"modified":"2026-04-20T12:33:30","modified_gmt":"2026-04-20T12:33:30","slug":"dr-oetker-kvasac-instant-41-35-g","status":"publish","type":"product","link":"https:\/\/singuli.wpress.me\/index.php\/proizvod\/dr-oetker-kvasac-instant-41-35-g\/","title":{"rendered":"DR. OETKER, kvasac instant, 4+1, 35\u00a0g"},"content":{"rendered":"<p>Dr. Oetker Kvasac idealan je suhi kvasac za pripremu slatkih i slanih dizanih tijesta svih vrsta. <\/p>\n<p>Vrlo lako se mo\u017ee \u010duvati u zalihi na du\u017ee vrijeme, garantirano uspijeva, a rezultat je uvijek slasno rahlo dizano tijesto. <\/p>\n<p>Dr. Oetker Kvasac je sredstvo za dizanje i rahljenje tijesta koje nije potrebno prethodno zamijesiti, a dostatno je za tijesto do 500 g bra\u0161na. <\/p>\n<p>Skladi\u0161tenje:\u00a0\u010cuvati na hladnom i suhom mjestu<\/p>\n","protected":false},"excerpt":{"rendered":"<p>Idealan suhi kvasac<br \/>\nPriprema slanih i slatkih dizanih tijesta<br \/>\nLako se \u010duva du\u017ee vrijeme<\/p>\n","protected":false},"featured_media":40195,"template":"","meta":{"_seopress_robots_primary_cat":"","_seopress_titles_title":"","_seopress_titles_desc":"","_seopress_robots_index":"","iawp_total_views":0},"product_brand":[328],"product_cat":[261,270],"product_tag":[],"class_list":{"0":"post-40194","1":"product","2":"type-product","3":"status-publish","4":"has-post-thumbnail","6":"product_brand-dr-oetker","7":"product_cat-hrana-i-pice","8":"product_cat-slasticarstvo-261","10":"first","11":"outofstock","12":"shipping-taxable","13":"purchasable","14":"product-type-simple"},"_links":{"self":[{"href":"https:\/\/singuli.wpress.me\/index.php\/wp-json\/wp\/v2\/product\/40194","targetHints":{"allow":["GET"]}}],"collection":[{"href":"https:\/\/singuli.wpress.me\/index.php\/wp-json\/wp\/v2\/product"}],"about":[{"href":"https:\/\/singuli.wpress.me\/index.php\/wp-json\/wp\/v2\/types\/product"}],"version-history":[{"count":0,"href":"https:\/\/singuli.wpress.me\/index.php\/wp-json\/wp\/v2\/product\/40194\/revisions"}],"wp:featuredmedia":[{"embeddable":true,"href":"https:\/\/singuli.wpress.me\/index.php\/wp-json\/wp\/v2\/media\/40195"}],"wp:attachment":[{"href":"https:\/\/singuli.wpress.me\/index.php\/wp-json\/wp\/v2\/media?parent=40194"}],"wp:term":[{"taxonomy":"product_brand","embeddable":true,"href":"https:\/\/singuli.wpress.me\/index.php\/wp-json\/wp\/v2\/product_brand?post=40194"},{"taxonomy":"product_cat","embeddable":true,"href":"https:\/\/singuli.wpress.me\/index.php\/wp-json\/wp\/v2\/product_cat?post=40194"},{"taxonomy":"product_tag","embeddable":true,"href":"https:\/\/singuli.wpress.me\/index.php\/wp-json\/wp\/v2\/product_tag?post=40194"}],"curies":[{"name":"wp","href":"https:\/\/api.w.org\/{rel}","templated":true}]}}