{"id":40217,"date":"2026-04-19T02:29:57","date_gmt":"2026-04-19T02:29:57","guid":{"rendered":"https:\/\/singuli.wpress.me\/index.php\/proizvod\/herbal-essences-balzam-za-kosu-avocado-oil-aloe-275-ml\/"},"modified":"2026-04-21T00:27:02","modified_gmt":"2026-04-21T00:27:02","slug":"herbal-essences-balzam-za-kosu-avocado-oil-aloe-275-ml","status":"publish","type":"product","link":"https:\/\/singuli.wpress.me\/index.php\/proizvod\/herbal-essences-balzam-za-kosu-avocado-oil-aloe-275-ml\/","title":{"rendered":"HERBAL ESSENCES, balzam za kosu, Avocado Oil &amp; Aloe, 275\u00a0ml"},"content":{"rendered":"<p>Blaga formula balzama Herbal Essences oboga\u0107ena \u010distom aloa verom i uljem avokada umiruje va\u0161e vlasi\u0161te i njeguje kosu od korijena do vrhova. A budu\u0107i da zaslu\u017eujete najbolje, u Kraljevskim botani\u010dkim vrtovima u Kewu odabrali su najbolje biljne ekstrakte. <\/p>\n<p>Za\u0161titni znakovi Kew koriste se prema licenci tvrtke RBG Kew Enterprises Ltd.<\/p>\n","protected":false},"excerpt":{"rendered":"<p>Njeguju\u0107a formula<br \/>\nBalzam s mo\u0107nom aloa verom i uljem avokada<br \/>\nS uravnote\u017eenim pH i siguran za boju<\/p>\n","protected":false},"featured_media":40218,"template":"","meta":{"_seopress_robots_primary_cat":"","_seopress_titles_title":"","_seopress_titles_desc":"","_seopress_robots_index":"","iawp_total_views":0},"product_brand":[483],"product_cat":[268,300],"product_tag":[],"class_list":{"0":"post-40217","1":"product","2":"type-product","3":"status-publish","4":"has-post-thumbnail","6":"product_brand-herbal-essences","7":"product_cat-kozmetika-2","8":"product_cat-njega-kose-268","10":"first","11":"outofstock","12":"shipping-taxable","13":"purchasable","14":"product-type-simple"},"_links":{"self":[{"href":"https:\/\/singuli.wpress.me\/index.php\/wp-json\/wp\/v2\/product\/40217","targetHints":{"allow":["GET"]}}],"collection":[{"href":"https:\/\/singuli.wpress.me\/index.php\/wp-json\/wp\/v2\/product"}],"about":[{"href":"https:\/\/singuli.wpress.me\/index.php\/wp-json\/wp\/v2\/types\/product"}],"version-history":[{"count":0,"href":"https:\/\/singuli.wpress.me\/index.php\/wp-json\/wp\/v2\/product\/40217\/revisions"}],"wp:featuredmedia":[{"embeddable":true,"href":"https:\/\/singuli.wpress.me\/index.php\/wp-json\/wp\/v2\/media\/40218"}],"wp:attachment":[{"href":"https:\/\/singuli.wpress.me\/index.php\/wp-json\/wp\/v2\/media?parent=40217"}],"wp:term":[{"taxonomy":"product_brand","embeddable":true,"href":"https:\/\/singuli.wpress.me\/index.php\/wp-json\/wp\/v2\/product_brand?post=40217"},{"taxonomy":"product_cat","embeddable":true,"href":"https:\/\/singuli.wpress.me\/index.php\/wp-json\/wp\/v2\/product_cat?post=40217"},{"taxonomy":"product_tag","embeddable":true,"href":"https:\/\/singuli.wpress.me\/index.php\/wp-json\/wp\/v2\/product_tag?post=40217"}],"curies":[{"name":"wp","href":"https:\/\/api.w.org\/{rel}","templated":true}]}}