{"id":40221,"date":"2026-04-19T02:30:01","date_gmt":"2026-04-19T02:30:01","guid":{"rendered":"https:\/\/singuli.wpress.me\/index.php\/proizvod\/helix-ult-prof-aj-l-5w30-motorno-ulje-za-osobna-vozila-209-l\/"},"modified":"2026-04-20T12:33:31","modified_gmt":"2026-04-20T12:33:31","slug":"helix-ult-prof-aj-l-5w30-motorno-ulje-za-osobna-vozila-209-l","status":"publish","type":"product","link":"https:\/\/singuli.wpress.me\/index.php\/proizvod\/helix-ult-prof-aj-l-5w30-motorno-ulje-za-osobna-vozila-209-l\/","title":{"rendered":"HELIX ULT. PROF AJ-L 5W30, motorno ulje za osobna vozila, 209\u00a0l"},"content":{"rendered":"<p>Potpuno sinteti\u010dko motorno ulje dizajnirano da zadovolji zahtjeve posebno visokih performansi motora Jaguar Land Rover i onih koji zahtijevaju ACEA C1 specifikaciju. <\/p>\n<p>To je ulje za dizelske motore koje je odobreno prema tehni\u010dkim zahtjevima specifikacije motornog ulja Jaguar Land Rover ST JLR.03.5005.<\/p>\n<p><span style=\"font-weight: bold\">Specifikacija: <\/span>ACEA C1, Jaguar Land Rover STJLR.03.5005, Ford WSS-M2C 934-B.<\/p>\n","protected":false},"excerpt":{"rendered":"<p>Prilago\u0111eno da udovolji posebnim zahtjevima proizvo\u0111a\u010da motora visokih performansi<br \/>\nOdobreno u skladu sa zahtjevnim internim tehni\u010dkim specifikacijama<br \/>\nSpecifikacija u opisu<\/p>\n","protected":false},"featured_media":40222,"template":"","meta":{"_seopress_robots_primary_cat":"","_seopress_titles_title":"","_seopress_titles_desc":"","_seopress_robots_index":"","iawp_total_views":0},"product_brand":[398],"product_cat":[243,272],"product_tag":[],"class_list":{"0":"post-40221","1":"product","2":"type-product","3":"status-publish","4":"has-post-thumbnail","6":"product_brand-helix","7":"product_cat-automobili-i-motori","8":"product_cat-motorna-ulja-243","10":"first","11":"instock","12":"shipping-taxable","13":"purchasable","14":"product-type-simple"},"_links":{"self":[{"href":"https:\/\/singuli.wpress.me\/index.php\/wp-json\/wp\/v2\/product\/40221","targetHints":{"allow":["GET"]}}],"collection":[{"href":"https:\/\/singuli.wpress.me\/index.php\/wp-json\/wp\/v2\/product"}],"about":[{"href":"https:\/\/singuli.wpress.me\/index.php\/wp-json\/wp\/v2\/types\/product"}],"version-history":[{"count":0,"href":"https:\/\/singuli.wpress.me\/index.php\/wp-json\/wp\/v2\/product\/40221\/revisions"}],"wp:featuredmedia":[{"embeddable":true,"href":"https:\/\/singuli.wpress.me\/index.php\/wp-json\/wp\/v2\/media\/40222"}],"wp:attachment":[{"href":"https:\/\/singuli.wpress.me\/index.php\/wp-json\/wp\/v2\/media?parent=40221"}],"wp:term":[{"taxonomy":"product_brand","embeddable":true,"href":"https:\/\/singuli.wpress.me\/index.php\/wp-json\/wp\/v2\/product_brand?post=40221"},{"taxonomy":"product_cat","embeddable":true,"href":"https:\/\/singuli.wpress.me\/index.php\/wp-json\/wp\/v2\/product_cat?post=40221"},{"taxonomy":"product_tag","embeddable":true,"href":"https:\/\/singuli.wpress.me\/index.php\/wp-json\/wp\/v2\/product_tag?post=40221"}],"curies":[{"name":"wp","href":"https:\/\/api.w.org\/{rel}","templated":true}]}}