{"id":40227,"date":"2026-04-19T02:30:02","date_gmt":"2026-04-19T02:30:02","guid":{"rendered":"https:\/\/singuli.wpress.me\/index.php\/proizvod\/bison-neutral-akrilno-silikonsko-brtvilo-crno-300-ml\/"},"modified":"2026-04-20T12:33:31","modified_gmt":"2026-04-20T12:33:31","slug":"bison-neutral-akrilno-silikonsko-brtvilo-crno-300-ml","status":"publish","type":"product","link":"https:\/\/singuli.wpress.me\/index.php\/proizvod\/bison-neutral-akrilno-silikonsko-brtvilo-crno-300-ml\/","title":{"rendered":"BISON Neutral akrilno, silikonsko brtvilo, crno, 300\u00a0ml"},"content":{"rendered":"<p>Obojivo akrilno silikonsko brtvilo crne boje prikladno za brtvljenje spojeva, \u0161avova i pukotina koji &quot;rade&quot;, odnosno s malo pomicanja na okvirima vrata i prozora, prozorskim klup\u010dicama, drvenim oplatama, stepeni\u0161tima, zidnim lajsnama, zidovima, gipsanim plo\u010dama, stropovima i cjevovodima. <\/p>\n<p>Tako\u0111er prikladno za brtvljenje manjih i ve\u0107ih pukotina u zidovima. Ve\u017ee se za opeku, (celularni) beton, zid, \u017ebuku, drvo, metale i ve\u0107inu poroznih podloga. Ne ve\u017ee se za bitumen, PE, PP, PTFE i silikon. Za brtvljenje prozorskih stakala upotrijebite BISON brtvilo za ostakljenja.<\/p>\n","protected":false},"excerpt":{"rendered":"<p>Lako se nanosi i obra\u0111uje<br \/>\nOtporno na vlagu i temperaturu<br \/>\nZa unutarnju i vanjsku upotrebu<\/p>\n","protected":false},"featured_media":40228,"template":"","meta":{"_seopress_robots_primary_cat":"","_seopress_titles_title":"","_seopress_titles_desc":"","_seopress_robots_index":"","iawp_total_views":0},"product_brand":[494],"product_cat":[264,238],"product_tag":[],"class_list":{"0":"post-40227","1":"product","2":"type-product","3":"status-publish","4":"has-post-thumbnail","6":"product_brand-bison","7":"product_cat-ljepila-i-brtvila-238","8":"product_cat-sve-za-dom","10":"first","11":"instock","12":"shipping-taxable","13":"purchasable","14":"product-type-simple"},"_links":{"self":[{"href":"https:\/\/singuli.wpress.me\/index.php\/wp-json\/wp\/v2\/product\/40227","targetHints":{"allow":["GET"]}}],"collection":[{"href":"https:\/\/singuli.wpress.me\/index.php\/wp-json\/wp\/v2\/product"}],"about":[{"href":"https:\/\/singuli.wpress.me\/index.php\/wp-json\/wp\/v2\/types\/product"}],"version-history":[{"count":0,"href":"https:\/\/singuli.wpress.me\/index.php\/wp-json\/wp\/v2\/product\/40227\/revisions"}],"wp:featuredmedia":[{"embeddable":true,"href":"https:\/\/singuli.wpress.me\/index.php\/wp-json\/wp\/v2\/media\/40228"}],"wp:attachment":[{"href":"https:\/\/singuli.wpress.me\/index.php\/wp-json\/wp\/v2\/media?parent=40227"}],"wp:term":[{"taxonomy":"product_brand","embeddable":true,"href":"https:\/\/singuli.wpress.me\/index.php\/wp-json\/wp\/v2\/product_brand?post=40227"},{"taxonomy":"product_cat","embeddable":true,"href":"https:\/\/singuli.wpress.me\/index.php\/wp-json\/wp\/v2\/product_cat?post=40227"},{"taxonomy":"product_tag","embeddable":true,"href":"https:\/\/singuli.wpress.me\/index.php\/wp-json\/wp\/v2\/product_tag?post=40227"}],"curies":[{"name":"wp","href":"https:\/\/api.w.org\/{rel}","templated":true}]}}