{"id":40229,"date":"2026-04-19T02:30:02","date_gmt":"2026-04-19T02:30:02","guid":{"rendered":"https:\/\/singuli.wpress.me\/index.php\/proizvod\/wahl-putni-brijaci-aparat\/"},"modified":"2026-04-21T00:27:02","modified_gmt":"2026-04-21T00:27:02","slug":"wahl-putni-brijaci-aparat","status":"publish","type":"product","link":"https:\/\/singuli.wpress.me\/index.php\/proizvod\/wahl-putni-brijaci-aparat\/","title":{"rendered":"WAHL, putni brija\u0107i aparat"},"content":{"rendered":"<p>&#8211; Be\u017ei\u010dni i punjivi aparat za brijanje<br \/>\n&#8211; 45 minuta be\u017ei\u010dnog rada<br \/>\n&#8211; Zamjenska o\u0161trica za brijanje i folija za brijanje s izuzetno uskim rezom<br \/>\n&#8211; Punjenje 8h<br \/>\n&#8211; \u0160irina o\u0161trice 17mm<br \/>\n&#8211; Minimalna duljina o\u0161trice 0,4mm<br \/>\n&#8211; Energija \/ snaga \/ frekvencija: 220-230 V\/3 W\/50-60 Hz<\/p>\n","protected":false},"excerpt":{"rendered":"<p>Be\u017ei\u010dni i punjivi aparat za brijanje<br \/>\n45 minuta be\u017ei\u010dnog rada<br \/>\nZamjenska o\u0161trica za brijanje i folija za brijanje s izuzetno uskim rezom<\/p>\n","protected":false},"featured_media":40230,"template":"","meta":{"_seopress_robots_primary_cat":"","_seopress_titles_title":"","_seopress_titles_desc":"","_seopress_robots_index":"","iawp_total_views":0},"product_brand":[159],"product_cat":[280,192,279],"product_tag":[],"class_list":{"0":"post-40229","1":"product","2":"type-product","3":"status-publish","4":"has-post-thumbnail","6":"product_brand-wahl","7":"product_cat-aparati-za-muskarce-279","8":"product_cat-aparati-za-osobnu-njegu","9":"product_cat-brijanje-i-sisanje-192","11":"first","12":"outofstock","13":"shipping-taxable","14":"purchasable","15":"product-type-simple"},"_links":{"self":[{"href":"https:\/\/singuli.wpress.me\/index.php\/wp-json\/wp\/v2\/product\/40229","targetHints":{"allow":["GET"]}}],"collection":[{"href":"https:\/\/singuli.wpress.me\/index.php\/wp-json\/wp\/v2\/product"}],"about":[{"href":"https:\/\/singuli.wpress.me\/index.php\/wp-json\/wp\/v2\/types\/product"}],"version-history":[{"count":0,"href":"https:\/\/singuli.wpress.me\/index.php\/wp-json\/wp\/v2\/product\/40229\/revisions"}],"wp:featuredmedia":[{"embeddable":true,"href":"https:\/\/singuli.wpress.me\/index.php\/wp-json\/wp\/v2\/media\/40230"}],"wp:attachment":[{"href":"https:\/\/singuli.wpress.me\/index.php\/wp-json\/wp\/v2\/media?parent=40229"}],"wp:term":[{"taxonomy":"product_brand","embeddable":true,"href":"https:\/\/singuli.wpress.me\/index.php\/wp-json\/wp\/v2\/product_brand?post=40229"},{"taxonomy":"product_cat","embeddable":true,"href":"https:\/\/singuli.wpress.me\/index.php\/wp-json\/wp\/v2\/product_cat?post=40229"},{"taxonomy":"product_tag","embeddable":true,"href":"https:\/\/singuli.wpress.me\/index.php\/wp-json\/wp\/v2\/product_tag?post=40229"}],"curies":[{"name":"wp","href":"https:\/\/api.w.org\/{rel}","templated":true}]}}