{"id":40232,"date":"2026-04-19T02:30:03","date_gmt":"2026-04-19T02:30:03","guid":{"rendered":"https:\/\/singuli.wpress.me\/index.php\/proizvod\/dana-vitamin-energy-vitaminska-voda-0-75-l\/"},"modified":"2026-04-20T12:33:31","modified_gmt":"2026-04-20T12:33:31","slug":"dana-vitamin-energy-vitaminska-voda-0-75-l","status":"publish","type":"product","link":"https:\/\/singuli.wpress.me\/index.php\/proizvod\/dana-vitamin-energy-vitaminska-voda-0-75-l\/","title":{"rendered":"DANA Vitamin &#8211; Energy, vitaminska voda, 0.75\u00a0l"},"content":{"rendered":"<p>Niskoenergetsko negazirano bezalkoholno pi\u0107e sa okusom grejpa, ekstraktom hmelja i vitamina B3, B5, B6 i B12.<br \/>\nProizvod se preporu\u010duje kao dio uravnote\u017eene i raznovrsne prehrane i zdravog na\u010dina \u017eivota.<\/p>\n","protected":false},"excerpt":{"rendered":"<p>Niskoenergentsko negazirano bezalkoholno pi\u0107e okusa naran\u010de i breskve<br \/>\nS vitaminima B3, B5, B6 i B12<br \/>\nPasterizirano<\/p>\n","protected":false},"featured_media":40233,"template":"","meta":{"_seopress_robots_primary_cat":"","_seopress_titles_title":"","_seopress_titles_desc":"","_seopress_robots_index":"","iawp_total_views":0},"product_brand":[485],"product_cat":[261,262],"product_tag":[],"class_list":{"0":"post-40232","1":"product","2":"type-product","3":"status-publish","4":"has-post-thumbnail","6":"product_brand-dana","7":"product_cat-hrana-i-pice","8":"product_cat-sokovi-i-napitci-261","10":"first","11":"instock","12":"shipping-taxable","13":"purchasable","14":"product-type-simple"},"_links":{"self":[{"href":"https:\/\/singuli.wpress.me\/index.php\/wp-json\/wp\/v2\/product\/40232","targetHints":{"allow":["GET"]}}],"collection":[{"href":"https:\/\/singuli.wpress.me\/index.php\/wp-json\/wp\/v2\/product"}],"about":[{"href":"https:\/\/singuli.wpress.me\/index.php\/wp-json\/wp\/v2\/types\/product"}],"version-history":[{"count":0,"href":"https:\/\/singuli.wpress.me\/index.php\/wp-json\/wp\/v2\/product\/40232\/revisions"}],"wp:featuredmedia":[{"embeddable":true,"href":"https:\/\/singuli.wpress.me\/index.php\/wp-json\/wp\/v2\/media\/40233"}],"wp:attachment":[{"href":"https:\/\/singuli.wpress.me\/index.php\/wp-json\/wp\/v2\/media?parent=40232"}],"wp:term":[{"taxonomy":"product_brand","embeddable":true,"href":"https:\/\/singuli.wpress.me\/index.php\/wp-json\/wp\/v2\/product_brand?post=40232"},{"taxonomy":"product_cat","embeddable":true,"href":"https:\/\/singuli.wpress.me\/index.php\/wp-json\/wp\/v2\/product_cat?post=40232"},{"taxonomy":"product_tag","embeddable":true,"href":"https:\/\/singuli.wpress.me\/index.php\/wp-json\/wp\/v2\/product_tag?post=40232"}],"curies":[{"name":"wp","href":"https:\/\/api.w.org\/{rel}","templated":true}]}}