{"id":40236,"date":"2026-04-19T02:30:04","date_gmt":"2026-04-19T02:30:04","guid":{"rendered":"https:\/\/singuli.wpress.me\/index.php\/proizvod\/domo-do9226m-stapni-mikser-set\/"},"modified":"2026-04-20T12:33:31","modified_gmt":"2026-04-20T12:33:31","slug":"domo-do9226m-stapni-mikser-set","status":"publish","type":"product","link":"https:\/\/singuli.wpress.me\/index.php\/proizvod\/domo-do9226m-stapni-mikser-set\/","title":{"rendered":"DOMO DO9226M, \u0161tapni mikser, set"},"content":{"rendered":"<p>Domo \u0161tapni mikser DO9226M u elegantnom i ergonomskom dizajnu izra\u0111en je od nehr\u0111aju\u0107eg \u010delika i ima snagu od 600 W. Set uklju\u010duje mikser, pjenja\u010du od nehr\u0111aju\u0107eg \u010delika, sjeckalicu za hranu s vrlo o\u0161trim no\u017eevima i mjernu \u010da\u0161u.<\/p>\n","protected":false},"excerpt":{"rendered":"<p>Promjenjiva kontrola brzine<br \/>\nTurbo tipka<br \/>\nLako se \u010disti<\/p>\n","protected":false},"featured_media":40237,"template":"","meta":{"_seopress_robots_primary_cat":"","_seopress_titles_title":"","_seopress_titles_desc":"","_seopress_robots_index":"","iawp_total_views":0},"product_brand":[255],"product_cat":[192,267],"product_tag":[],"class_list":{"0":"post-40236","1":"product","2":"type-product","3":"status-publish","4":"has-post-thumbnail","6":"product_brand-domo","7":"product_cat-aparati-za-osobnu-njegu","8":"product_cat-zdravstveni-uredaji-192","10":"first","11":"instock","12":"shipping-taxable","13":"purchasable","14":"product-type-simple"},"_links":{"self":[{"href":"https:\/\/singuli.wpress.me\/index.php\/wp-json\/wp\/v2\/product\/40236","targetHints":{"allow":["GET"]}}],"collection":[{"href":"https:\/\/singuli.wpress.me\/index.php\/wp-json\/wp\/v2\/product"}],"about":[{"href":"https:\/\/singuli.wpress.me\/index.php\/wp-json\/wp\/v2\/types\/product"}],"version-history":[{"count":0,"href":"https:\/\/singuli.wpress.me\/index.php\/wp-json\/wp\/v2\/product\/40236\/revisions"}],"wp:featuredmedia":[{"embeddable":true,"href":"https:\/\/singuli.wpress.me\/index.php\/wp-json\/wp\/v2\/media\/40237"}],"wp:attachment":[{"href":"https:\/\/singuli.wpress.me\/index.php\/wp-json\/wp\/v2\/media?parent=40236"}],"wp:term":[{"taxonomy":"product_brand","embeddable":true,"href":"https:\/\/singuli.wpress.me\/index.php\/wp-json\/wp\/v2\/product_brand?post=40236"},{"taxonomy":"product_cat","embeddable":true,"href":"https:\/\/singuli.wpress.me\/index.php\/wp-json\/wp\/v2\/product_cat?post=40236"},{"taxonomy":"product_tag","embeddable":true,"href":"https:\/\/singuli.wpress.me\/index.php\/wp-json\/wp\/v2\/product_tag?post=40236"}],"curies":[{"name":"wp","href":"https:\/\/api.w.org\/{rel}","templated":true}]}}