{"id":40263,"date":"2026-04-19T02:30:15","date_gmt":"2026-04-19T02:30:15","guid":{"rendered":"https:\/\/singuli.wpress.me\/index.php\/proizvod\/diala-s4-zx-ig-izolacijsko-ulje-za-mjerne-trasformatore-209-l\/"},"modified":"2026-04-20T12:33:31","modified_gmt":"2026-04-20T12:33:31","slug":"diala-s4-zx-ig-izolacijsko-ulje-za-mjerne-trasformatore-209-l","status":"publish","type":"product","link":"https:\/\/singuli.wpress.me\/index.php\/proizvod\/diala-s4-zx-ig-izolacijsko-ulje-za-mjerne-trasformatore-209-l\/","title":{"rendered":"DIALA S4 ZX-IG, izolacijsko ulje za mjerne trasformatore, 209\u00a0l"},"content":{"rendered":"<p><p><span style=\"font-weight: bold\">Izolacijsko ulje<\/span> koje udovoljava testu oksidacijske stabilnosti (IEC 60296) \u2013 visoka oksidacijska stabilnost i niski udio sumpora. Dodatno, ulje ima sposobnost apsorbiranja plina u posebnim primjenama kao \u0161to su visokonaponski mjerni transformatori i otpornici. Proizvedeno je od GTL (gas to liquid) baznog ulja bez sadr\u017eaja sumpora. Ova bazna ulja <span style=\"font-weight: bold\">nude visoki stupanj kompozicijske konzistencije<\/span> i imaju <span style=\"font-weight: bold\">odli\u010dnu reakciju s antioksidansima<\/span> te je <span style=\"font-weight: bold\">ne korozivna prema bakru<\/span>. Odlikuje je dobra viskoznost pri niskim temperaturama te osigurava potrebnu toplinu u unutra\u0161njosti transformatora \u010dak i pri niskim po\u010detnim radnim temperaturama.<\/p>\n<p><span style=\"font-weight: bold\"><br \/>\nSpecifikacija:<\/span> IEC 60296 (Ed5 :2020); Tip A, IEC 60296 Ed4 (2012)<\/p>\n<p><span style=\"font-weight: bold\">Sigurnosno upozorenje:<\/span><\/p>\n<p><img decoding=\"async\" src=\"https:\/\/prod-minio-orbico.nd0.pl\/orbico.ohr\/Piktogrami\/Zdravlje.png\" alt=\"Zdravlje\" style=\"max-width: 10%;height: auto\">\n<\/p>\n<p>&#8211; H304 &#8211;&nbsp;Mo\u017ee biti smrtonosno ako se proguta i u\u0111e u di\u0161ni sustav.<\/p>\n","protected":false},"excerpt":{"rendered":"<p>Izolacijsko ulje za mjerne transformatore<br \/>\nBez sumpora<br \/>\nDobra viskoznost pri niskim temperaturama<\/p>\n","protected":false},"featured_media":40264,"template":"","meta":{"_seopress_robots_primary_cat":"","_seopress_titles_title":"","_seopress_titles_desc":"","_seopress_robots_index":"","iawp_total_views":0},"product_brand":[849],"product_cat":[243,276],"product_tag":[],"class_list":{"0":"post-40263","1":"product","2":"type-product","3":"status-publish","4":"has-post-thumbnail","6":"product_brand-diala","7":"product_cat-automobili-i-motori","8":"product_cat-industrijska-i-specijalna-ulja-243","10":"first","11":"outofstock","12":"shipping-taxable","13":"purchasable","14":"product-type-simple"},"_links":{"self":[{"href":"https:\/\/singuli.wpress.me\/index.php\/wp-json\/wp\/v2\/product\/40263","targetHints":{"allow":["GET"]}}],"collection":[{"href":"https:\/\/singuli.wpress.me\/index.php\/wp-json\/wp\/v2\/product"}],"about":[{"href":"https:\/\/singuli.wpress.me\/index.php\/wp-json\/wp\/v2\/types\/product"}],"version-history":[{"count":0,"href":"https:\/\/singuli.wpress.me\/index.php\/wp-json\/wp\/v2\/product\/40263\/revisions"}],"wp:featuredmedia":[{"embeddable":true,"href":"https:\/\/singuli.wpress.me\/index.php\/wp-json\/wp\/v2\/media\/40264"}],"wp:attachment":[{"href":"https:\/\/singuli.wpress.me\/index.php\/wp-json\/wp\/v2\/media?parent=40263"}],"wp:term":[{"taxonomy":"product_brand","embeddable":true,"href":"https:\/\/singuli.wpress.me\/index.php\/wp-json\/wp\/v2\/product_brand?post=40263"},{"taxonomy":"product_cat","embeddable":true,"href":"https:\/\/singuli.wpress.me\/index.php\/wp-json\/wp\/v2\/product_cat?post=40263"},{"taxonomy":"product_tag","embeddable":true,"href":"https:\/\/singuli.wpress.me\/index.php\/wp-json\/wp\/v2\/product_tag?post=40263"}],"curies":[{"name":"wp","href":"https:\/\/api.w.org\/{rel}","templated":true}]}}