{"id":40269,"date":"2026-04-19T02:30:16","date_gmt":"2026-04-19T02:30:16","guid":{"rendered":"https:\/\/singuli.wpress.me\/index.php\/proizvod\/neutro-roberts-manneti-dermazero-dezodorans-u-spreju-150-ml\/"},"modified":"2026-04-20T12:33:31","modified_gmt":"2026-04-20T12:33:31","slug":"neutro-roberts-manneti-dermazero-dezodorans-u-spreju-150-ml","status":"publish","type":"product","link":"https:\/\/singuli.wpress.me\/index.php\/proizvod\/neutro-roberts-manneti-dermazero-dezodorans-u-spreju-150-ml\/","title":{"rendered":"NEUTRO ROBERTS Manneti Dermazero, dezodorans u spreju, 150\u00a0ml"},"content":{"rendered":"<p>Neutro Roberts deo sprej Dermazero osigurava u\u010dinkovitu 24-satnu za\u0161titu od znojenja i neugodnih mirisa. <\/p>\n<p>Inovativna formula u\u010dinkovitu se bori protiv neugodnih mirisa. <\/p>\n<p>Deo sprej va\u0161oj ko\u017ei pru\u017ea ugodnu za\u0161titu, a va\u0161em tijelu besprijekornu svje\u017einu tijekom svih dnevnih aktivnosti. <\/p>\n<p>Neutro R.deo sprej Dermazero ne sadr\u017ei alkohol, parabene i aluminij te je siguran za kori\u0161tenje na raznim tipovima ko\u017ee.<\/p>\n","protected":false},"excerpt":{"rendered":"<p>U\u010dinkovita 24-satna za\u0161tita od znojenja i neugodnih mirisa<br \/>\nFormula donosi za\u0161titni antibakterijski u\u010dinak<br \/>\nDonosi ugodnu svje\u017einu tijekom dana<\/p>\n","protected":false},"featured_media":40270,"template":"","meta":{"_seopress_robots_primary_cat":"","_seopress_titles_title":"","_seopress_titles_desc":"","_seopress_robots_index":"","iawp_total_views":0},"product_brand":[412],"product_cat":[285,268],"product_tag":[],"class_list":{"0":"post-40269","1":"product","2":"type-product","3":"status-publish","4":"has-post-thumbnail","6":"product_brand-neutro-roberts","7":"product_cat-dezodoransi-268","8":"product_cat-kozmetika-2","10":"first","11":"outofstock","12":"shipping-taxable","13":"purchasable","14":"product-type-simple"},"_links":{"self":[{"href":"https:\/\/singuli.wpress.me\/index.php\/wp-json\/wp\/v2\/product\/40269","targetHints":{"allow":["GET"]}}],"collection":[{"href":"https:\/\/singuli.wpress.me\/index.php\/wp-json\/wp\/v2\/product"}],"about":[{"href":"https:\/\/singuli.wpress.me\/index.php\/wp-json\/wp\/v2\/types\/product"}],"version-history":[{"count":0,"href":"https:\/\/singuli.wpress.me\/index.php\/wp-json\/wp\/v2\/product\/40269\/revisions"}],"wp:featuredmedia":[{"embeddable":true,"href":"https:\/\/singuli.wpress.me\/index.php\/wp-json\/wp\/v2\/media\/40270"}],"wp:attachment":[{"href":"https:\/\/singuli.wpress.me\/index.php\/wp-json\/wp\/v2\/media?parent=40269"}],"wp:term":[{"taxonomy":"product_brand","embeddable":true,"href":"https:\/\/singuli.wpress.me\/index.php\/wp-json\/wp\/v2\/product_brand?post=40269"},{"taxonomy":"product_cat","embeddable":true,"href":"https:\/\/singuli.wpress.me\/index.php\/wp-json\/wp\/v2\/product_cat?post=40269"},{"taxonomy":"product_tag","embeddable":true,"href":"https:\/\/singuli.wpress.me\/index.php\/wp-json\/wp\/v2\/product_tag?post=40269"}],"curies":[{"name":"wp","href":"https:\/\/api.w.org\/{rel}","templated":true}]}}