{"id":40273,"date":"2026-04-19T02:30:17","date_gmt":"2026-04-19T02:30:17","guid":{"rendered":"https:\/\/singuli.wpress.me\/index.php\/proizvod\/bison-sanitarno-transparentno-silikonsko-brtvilo-280-ml\/"},"modified":"2026-04-21T00:27:02","modified_gmt":"2026-04-21T00:27:02","slug":"bison-sanitarno-transparentno-silikonsko-brtvilo-280-ml","status":"publish","type":"product","link":"https:\/\/singuli.wpress.me\/index.php\/proizvod\/bison-sanitarno-transparentno-silikonsko-brtvilo-280-ml\/","title":{"rendered":"BISON sanitarno transparentno, silikonsko brtvilo, 280\u00a0ml"},"content":{"rendered":"<p>Vodootporno silikonsko brtvilo za sve sanitarne primjene.<\/p>\n<p>Zahvaljuju\u0107i izdr\u017eljivosti, fleksibilnosti i otpornosti na vodu, ovaj silikon koristi se za popunjavanje fuga izme\u0111u kerami\u010dkih plo\u010dica.<\/p>\n<p>Prikladan je za brtvljenje fuga koje se nalaze u trajno vla\u017enim podru\u010djima, a prednosti su mu aktivne tvari koje blokiraju rast gljivica i plijesni te smanjuju mogu\u0107nost nastanka plijesni i spre\u010dava njihov razvoj.<\/p>\n","protected":false},"excerpt":{"rendered":"<p>Vodootporno silikonsko brtvilo<br \/>\nIzdr\u017eljiv i fleksibilan<br \/>\nAktivne tvari blokiraju rast gljivica i plijesni<\/p>\n","protected":false},"featured_media":40274,"template":"","meta":{"_seopress_robots_primary_cat":"","_seopress_titles_title":"","_seopress_titles_desc":"","_seopress_robots_index":"","iawp_total_views":0},"product_brand":[494],"product_cat":[264,238],"product_tag":[],"class_list":{"0":"post-40273","1":"product","2":"type-product","3":"status-publish","4":"has-post-thumbnail","6":"product_brand-bison","7":"product_cat-ljepila-i-brtvila-238","8":"product_cat-sve-za-dom","10":"first","11":"instock","12":"shipping-taxable","13":"purchasable","14":"product-type-simple"},"_links":{"self":[{"href":"https:\/\/singuli.wpress.me\/index.php\/wp-json\/wp\/v2\/product\/40273","targetHints":{"allow":["GET"]}}],"collection":[{"href":"https:\/\/singuli.wpress.me\/index.php\/wp-json\/wp\/v2\/product"}],"about":[{"href":"https:\/\/singuli.wpress.me\/index.php\/wp-json\/wp\/v2\/types\/product"}],"version-history":[{"count":0,"href":"https:\/\/singuli.wpress.me\/index.php\/wp-json\/wp\/v2\/product\/40273\/revisions"}],"wp:featuredmedia":[{"embeddable":true,"href":"https:\/\/singuli.wpress.me\/index.php\/wp-json\/wp\/v2\/media\/40274"}],"wp:attachment":[{"href":"https:\/\/singuli.wpress.me\/index.php\/wp-json\/wp\/v2\/media?parent=40273"}],"wp:term":[{"taxonomy":"product_brand","embeddable":true,"href":"https:\/\/singuli.wpress.me\/index.php\/wp-json\/wp\/v2\/product_brand?post=40273"},{"taxonomy":"product_cat","embeddable":true,"href":"https:\/\/singuli.wpress.me\/index.php\/wp-json\/wp\/v2\/product_cat?post=40273"},{"taxonomy":"product_tag","embeddable":true,"href":"https:\/\/singuli.wpress.me\/index.php\/wp-json\/wp\/v2\/product_tag?post=40273"}],"curies":[{"name":"wp","href":"https:\/\/api.w.org\/{rel}","templated":true}]}}