{"id":40276,"date":"2026-04-19T02:30:18","date_gmt":"2026-04-19T02:30:18","guid":{"rendered":"https:\/\/singuli.wpress.me\/index.php\/proizvod\/pampers-pants-pelene-gacice-velicina-8-19kg-32-kom-2\/"},"modified":"2026-04-20T12:33:31","modified_gmt":"2026-04-20T12:33:31","slug":"pampers-pants-pelene-gacice-velicina-8-19kg-32-kom-2","status":"publish","type":"product","link":"https:\/\/singuli.wpress.me\/index.php\/proizvod\/pampers-pants-pelene-gacice-velicina-8-19kg-32-kom-2\/","title":{"rendered":"PAMPERS Pants, pelene &#8211; ga\u0107ice, veli\u010dina 8, 19+kg, 32\u00a0kom"},"content":{"rendered":"<p>Kad se beba po\u010dne migoljiti tijekom mijenjanja pelena, pelene-ga\u0107ice Pampers Pants olak\u0161avaju zadatak: navucite ih u jednom potezu, jednostavno skinite trganjem sa strane pa zalijepite trakom kako biste ih jednostavno odlo\u017eili. <\/p>\n<p>Pampers Pants poma\u017eu sprije\u010diti da se izme\u0111u tijela i pelena stvore nabori i rupe te tako poma\u017eu sprije\u010diti i propu\u0161tanja. <\/p>\n<p>Potpuno prianjaju zahvaljuju\u0107i:<\/p>\n<p>1. potpuno rastezljivom pojasu koji se prilago\u0111ava bebinom trbu\u0161\u010di\u0107u<br \/>\n2. iznimno upijaju\u0107oj jezgri koja u trenu upija vla\u017enost <br \/>\n3. dvostrukim trakicama uz noge koje spre\u010davaju propu\u0161tanje oko nogu<\/p>\n<p>Kada se beba po\u010dne migoljiti tijekom presvla\u010denja, rje\u0161enje su pelene-ga\u0107ice Pampers Pants koje se zahvaljuju\u0107i potpuno rastezlijvom pojasu navla\u010de u samo jednom potezu. Lako se i skidaju: samo ih potrgate sa strana, skinete, zamotate, zalijepite trakicom i odlo\u017eite.<\/p>\n<p>Ba\u0161 kao i vi, i Pampers stavlja sigurnost va\u0161e bebe na prvo mjesto: pelene-ga\u0107ice Pampers Pants dermatolo\u0161ki su ispitane i ne sadr\u017ee ni jedan od mirisnih alergena koje je EU izdvojila kao potencijalno opasne (prema Uredbi EU o kozmeti\u010dkim proizvodima br. 1223\/2009). \u0160tovi\u0161e, odobrili su ih i dermatolozi iz Udru\u017eenja Skin Health Alliance potvrdiv\u0161i da sigurne u dodiru s bebinom ko\u017eom.\u017delite li doznati vi\u0161e o komponentama? Posjetite pampers.com.hr<\/p>\n","protected":false},"excerpt":{"rendered":"<p>Jednostavno mijenjanje: navucite jednim potezom<br \/>\nIzuzetno mo\u0107na upijaju\u0107a jezgra: u trenu upija teku\u0107inu, za do 12 sati za\u0161tite od propu\u0161tanja<br \/>\nDvostruke trakice uz noge poma\u017eu sprije\u010diti propu\u0161tanja oko nogu<\/p>\n","protected":false},"featured_media":40277,"template":"","meta":{"_seopress_robots_primary_cat":"","_seopress_titles_title":"","_seopress_titles_desc":"","_seopress_robots_index":"","iawp_total_views":0},"product_brand":[444],"product_cat":[211,310],"product_tag":[],"class_list":{"0":"post-40276","1":"product","2":"type-product","3":"status-publish","4":"has-post-thumbnail","6":"product_brand-pampers","7":"product_cat-njega-majke-i-djeteta","8":"product_cat-pelene-211","10":"first","11":"outofstock","12":"shipping-taxable","13":"purchasable","14":"product-type-simple"},"_links":{"self":[{"href":"https:\/\/singuli.wpress.me\/index.php\/wp-json\/wp\/v2\/product\/40276","targetHints":{"allow":["GET"]}}],"collection":[{"href":"https:\/\/singuli.wpress.me\/index.php\/wp-json\/wp\/v2\/product"}],"about":[{"href":"https:\/\/singuli.wpress.me\/index.php\/wp-json\/wp\/v2\/types\/product"}],"version-history":[{"count":0,"href":"https:\/\/singuli.wpress.me\/index.php\/wp-json\/wp\/v2\/product\/40276\/revisions"}],"wp:featuredmedia":[{"embeddable":true,"href":"https:\/\/singuli.wpress.me\/index.php\/wp-json\/wp\/v2\/media\/40277"}],"wp:attachment":[{"href":"https:\/\/singuli.wpress.me\/index.php\/wp-json\/wp\/v2\/media?parent=40276"}],"wp:term":[{"taxonomy":"product_brand","embeddable":true,"href":"https:\/\/singuli.wpress.me\/index.php\/wp-json\/wp\/v2\/product_brand?post=40276"},{"taxonomy":"product_cat","embeddable":true,"href":"https:\/\/singuli.wpress.me\/index.php\/wp-json\/wp\/v2\/product_cat?post=40276"},{"taxonomy":"product_tag","embeddable":true,"href":"https:\/\/singuli.wpress.me\/index.php\/wp-json\/wp\/v2\/product_tag?post=40276"}],"curies":[{"name":"wp","href":"https:\/\/api.w.org\/{rel}","templated":true}]}}