{"id":40278,"date":"2026-04-19T02:30:20","date_gmt":"2026-04-19T02:30:20","guid":{"rendered":"https:\/\/singuli.wpress.me\/index.php\/proizvod\/glade-merry-berry-wine-mirisna-svijeca-129-g\/"},"modified":"2026-04-23T00:27:44","modified_gmt":"2026-04-23T00:27:44","slug":"glade-merry-berry-wine-mirisna-svijeca-129-g","status":"publish","type":"product","link":"https:\/\/singuli.wpress.me\/proizvod\/glade-merry-berry-wine-mirisna-svijeca-129-g\/","title":{"rendered":"GLADE Merry Berry &amp; Wine, mirisna svije\u0107a, 129\u00a0g"},"content":{"rendered":"<p>Glade\u00ae Mirisna svije\u0107a pru\u017ea ugodan miris oboga\u0107en esencijalnim uljima koji ispunjava cijelu prostoriju. <\/p>\n<p>Za\u010dinite atmosferu i dopustite da va\u0161im domom zavladaju note najfinijeg vina i mje\u0161avine bobi\u010dastog vo\u0107a i prepustite se mirisnoj blagdanskoj zabavi.<\/p>\n","protected":false},"excerpt":{"rendered":"<p>Miris oboga\u0107en esencijalnim uljima<br \/>\nStvara ugodnu atmosferu<br \/>\nMiris ispunjava cijelu prostoriju<\/p>\n","protected":false},"featured_media":40279,"template":"","meta":{"_seopress_robots_primary_cat":"","_seopress_titles_title":"","_seopress_titles_desc":"","_seopress_robots_index":"","iawp_total_views":0},"product_brand":[405],"product_cat":[294,238],"product_tag":[],"class_list":{"0":"post-40278","1":"product","2":"type-product","3":"status-publish","4":"has-post-thumbnail","6":"product_brand-glade","7":"product_cat-osvjezivaci-zraka-238","8":"product_cat-sve-za-dom","10":"first","11":"outofstock","12":"shipping-taxable","13":"purchasable","14":"product-type-simple"},"_links":{"self":[{"href":"https:\/\/singuli.wpress.me\/wp-json\/wp\/v2\/product\/40278","targetHints":{"allow":["GET"]}}],"collection":[{"href":"https:\/\/singuli.wpress.me\/wp-json\/wp\/v2\/product"}],"about":[{"href":"https:\/\/singuli.wpress.me\/wp-json\/wp\/v2\/types\/product"}],"version-history":[{"count":1,"href":"https:\/\/singuli.wpress.me\/wp-json\/wp\/v2\/product\/40278\/revisions"}],"predecessor-version":[{"id":49138,"href":"https:\/\/singuli.wpress.me\/wp-json\/wp\/v2\/product\/40278\/revisions\/49138"}],"wp:featuredmedia":[{"embeddable":true,"href":"https:\/\/singuli.wpress.me\/wp-json\/wp\/v2\/media\/40279"}],"wp:attachment":[{"href":"https:\/\/singuli.wpress.me\/wp-json\/wp\/v2\/media?parent=40278"}],"wp:term":[{"taxonomy":"product_brand","embeddable":true,"href":"https:\/\/singuli.wpress.me\/wp-json\/wp\/v2\/product_brand?post=40278"},{"taxonomy":"product_cat","embeddable":true,"href":"https:\/\/singuli.wpress.me\/wp-json\/wp\/v2\/product_cat?post=40278"},{"taxonomy":"product_tag","embeddable":true,"href":"https:\/\/singuli.wpress.me\/wp-json\/wp\/v2\/product_tag?post=40278"}],"curies":[{"name":"wp","href":"https:\/\/api.w.org\/{rel}","templated":true}]}}