{"id":40292,"date":"2026-04-19T02:30:25","date_gmt":"2026-04-19T02:30:25","guid":{"rendered":"https:\/\/singuli.wpress.me\/index.php\/proizvod\/twistshake-tour-kisobran-za-kolica-crni\/"},"modified":"2026-04-20T12:33:31","modified_gmt":"2026-04-20T12:33:31","slug":"twistshake-tour-kisobran-za-kolica-crni","status":"publish","type":"product","link":"https:\/\/singuli.wpress.me\/index.php\/proizvod\/twistshake-tour-kisobran-za-kolica-crni\/","title":{"rendered":"TWISTSHAKE Tour, ki\u0161obran za kolica, crni"},"content":{"rendered":"<p>U vru\u0107im danima je ki\u0161obran Tour obavezna oprema na dje\u010djim kolicima Twistshake Tour. Vrhunski ki\u0161obran sa UPF 50+ je prilagodljiv i jednostavan za upotrebu, jednostavno se namjesti i prilagodi u svim smjerima i kutovima koje odaberete. Dizajn koji \u0161titi va\u0161e najmla\u0111e ispred sunca, vjetra ili ki\u0161e.<\/p>\n","protected":false},"excerpt":{"rendered":"<p>Ki\u0161obran sa UPF 50+<br \/>\nPrakti\u010dan, jednostavan i prilagodljiv za upotrebu<br \/>\n\u0160titi od sunca, vjetra ili ki\u0161e<\/p>\n","protected":false},"featured_media":40293,"template":"","meta":{"_seopress_robots_primary_cat":"","_seopress_titles_title":"","_seopress_titles_desc":"","_seopress_robots_index":"","iawp_total_views":0},"product_brand":[433],"product_cat":[211,286,287],"product_tag":[],"class_list":{"0":"post-40292","1":"product","2":"type-product","3":"status-publish","4":"has-post-thumbnail","6":"product_brand-twistshake","7":"product_cat-njega-majke-i-djeteta","8":"product_cat-oprema-za-bebe-211","9":"product_cat-za-bebe-286","11":"first","12":"outofstock","13":"shipping-taxable","14":"purchasable","15":"product-type-simple"},"_links":{"self":[{"href":"https:\/\/singuli.wpress.me\/index.php\/wp-json\/wp\/v2\/product\/40292","targetHints":{"allow":["GET"]}}],"collection":[{"href":"https:\/\/singuli.wpress.me\/index.php\/wp-json\/wp\/v2\/product"}],"about":[{"href":"https:\/\/singuli.wpress.me\/index.php\/wp-json\/wp\/v2\/types\/product"}],"version-history":[{"count":0,"href":"https:\/\/singuli.wpress.me\/index.php\/wp-json\/wp\/v2\/product\/40292\/revisions"}],"wp:featuredmedia":[{"embeddable":true,"href":"https:\/\/singuli.wpress.me\/index.php\/wp-json\/wp\/v2\/media\/40293"}],"wp:attachment":[{"href":"https:\/\/singuli.wpress.me\/index.php\/wp-json\/wp\/v2\/media?parent=40292"}],"wp:term":[{"taxonomy":"product_brand","embeddable":true,"href":"https:\/\/singuli.wpress.me\/index.php\/wp-json\/wp\/v2\/product_brand?post=40292"},{"taxonomy":"product_cat","embeddable":true,"href":"https:\/\/singuli.wpress.me\/index.php\/wp-json\/wp\/v2\/product_cat?post=40292"},{"taxonomy":"product_tag","embeddable":true,"href":"https:\/\/singuli.wpress.me\/index.php\/wp-json\/wp\/v2\/product_tag?post=40292"}],"curies":[{"name":"wp","href":"https:\/\/api.w.org\/{rel}","templated":true}]}}