{"id":40295,"date":"2026-04-19T02:30:26","date_gmt":"2026-04-19T02:30:26","guid":{"rendered":"https:\/\/singuli.wpress.me\/index.php\/proizvod\/natureta-namaz-s-krastavcima-280-g\/"},"modified":"2026-04-20T12:33:31","modified_gmt":"2026-04-20T12:33:31","slug":"natureta-namaz-s-krastavcima-280-g","status":"publish","type":"product","link":"https:\/\/singuli.wpress.me\/index.php\/proizvod\/natureta-namaz-s-krastavcima-280-g\/","title":{"rendered":"NATURETA, namaz, s krastavcima, 280\u00a0g"},"content":{"rendered":"<p>Naturetin namaz od kiselih krastavaca savr\u0161eno funkcionira kao dodatak sendvi\u010dima, za uljep\u0161avanje narezaka, kao osvje\u017eavaju\u0107i prilog ili samostalno, na komadu svje\u017eeg kruha.<\/p>\n","protected":false},"excerpt":{"rendered":"<p>Namaz od kiselih krastavaca<br \/>\nOdli\u010dan u raznim kombinacijama<br \/>\nIzvrstan okus<\/p>\n","protected":false},"featured_media":40296,"template":"","meta":{"_seopress_robots_primary_cat":"","_seopress_titles_title":"","_seopress_titles_desc":"","_seopress_robots_index":"","iawp_total_views":0},"product_brand":[811],"product_cat":[261,299],"product_tag":[],"class_list":{"0":"post-40295","1":"product","2":"type-product","3":"status-publish","4":"has-post-thumbnail","6":"product_brand-natureta","7":"product_cat-hrana-i-pice","8":"product_cat-konzervirana-i-gotova-hrana-261","10":"first","11":"outofstock","12":"shipping-taxable","13":"purchasable","14":"product-type-simple"},"_links":{"self":[{"href":"https:\/\/singuli.wpress.me\/index.php\/wp-json\/wp\/v2\/product\/40295","targetHints":{"allow":["GET"]}}],"collection":[{"href":"https:\/\/singuli.wpress.me\/index.php\/wp-json\/wp\/v2\/product"}],"about":[{"href":"https:\/\/singuli.wpress.me\/index.php\/wp-json\/wp\/v2\/types\/product"}],"version-history":[{"count":0,"href":"https:\/\/singuli.wpress.me\/index.php\/wp-json\/wp\/v2\/product\/40295\/revisions"}],"wp:featuredmedia":[{"embeddable":true,"href":"https:\/\/singuli.wpress.me\/index.php\/wp-json\/wp\/v2\/media\/40296"}],"wp:attachment":[{"href":"https:\/\/singuli.wpress.me\/index.php\/wp-json\/wp\/v2\/media?parent=40295"}],"wp:term":[{"taxonomy":"product_brand","embeddable":true,"href":"https:\/\/singuli.wpress.me\/index.php\/wp-json\/wp\/v2\/product_brand?post=40295"},{"taxonomy":"product_cat","embeddable":true,"href":"https:\/\/singuli.wpress.me\/index.php\/wp-json\/wp\/v2\/product_cat?post=40295"},{"taxonomy":"product_tag","embeddable":true,"href":"https:\/\/singuli.wpress.me\/index.php\/wp-json\/wp\/v2\/product_tag?post=40295"}],"curies":[{"name":"wp","href":"https:\/\/api.w.org\/{rel}","templated":true}]}}