{"id":40297,"date":"2026-04-19T02:30:26","date_gmt":"2026-04-19T02:30:26","guid":{"rendered":"https:\/\/singuli.wpress.me\/index.php\/proizvod\/duck-deep-action-lavanda-gel-750-ml\/"},"modified":"2026-04-20T12:33:31","modified_gmt":"2026-04-20T12:33:31","slug":"duck-deep-action-lavanda-gel-750-ml","status":"publish","type":"product","link":"https:\/\/singuli.wpress.me\/index.php\/proizvod\/duck-deep-action-lavanda-gel-750-ml\/","title":{"rendered":"DUCK Deep Action Lavanda, gel, 750\u00a0ml"},"content":{"rendered":"<p>Duck\u00ae Deep Action Gel, miris lavanda dopire do skrivenih bakterija i ne\u010disto\u0107a ispod ruba WC \u0161koljke.<\/p>\n<p>Ubija 99.9% bakterija! <\/p>\n<p>Osvje\u017eite WC \u0161koljku Duck\u00ae gelom s dubinskim djelovanjem s osvje\u017eavaju\u0107im Duck\u00ae mirisom, bez o\u0161trog mirisa WC \u010dista\u010da.<\/p>\n<p>Uklanja ne\u010disto\u0107e, kamenac\/mineralne naslage te neugodne mirise. <\/p>\n<p><span style=\"font-weight: bold\">Upute za uporabu: <\/span><br \/>\n1. Kako biste otvorili proizvod stisnite \u010dep s obje strane i odvrnite. <br \/>\n2. Nagnite proizvod kako bi se vrat napunio gelom. <br \/>\n3. Ravnomjerno nanesite Duck\u00ae Deep Action Gel ispod ruba WC \u0161koljke.<br \/>\n4. Za \u010di\u0161\u0107enje i uklanjanje neugodnih mirisa: ostavite gel da djeluje 5 minuta. Pro\u010detkajte iznad i ispod ruba i zatim pustite vodu. Za uklanjanje izrazito tvrdokornih mrlja: ponovno nanesite, ostavite da djeluje 60 minuta ili preko no\u0107i.<br \/>\n5. Proizvod \u010dvrsto zatvorite nakon upotrebe. <\/p>\n","protected":false},"excerpt":{"rendered":"<p>Uklanja neugodne mirise<br \/>\nUni\u0161tava 99,9% bakterija<br \/>\nDjeluje za 5 minuta<\/p>\n","protected":false},"featured_media":40298,"template":"","meta":{"_seopress_robots_primary_cat":"","_seopress_titles_title":"","_seopress_titles_desc":"","_seopress_robots_index":"","iawp_total_views":0},"product_brand":[410],"product_cat":[284,238],"product_tag":[],"class_list":{"0":"post-40297","1":"product","2":"type-product","3":"status-publish","4":"has-post-thumbnail","6":"product_brand-duck","7":"product_cat-sredstva-za-ciscenje-238","8":"product_cat-sve-za-dom","10":"first","11":"instock","12":"shipping-taxable","13":"purchasable","14":"product-type-simple"},"_links":{"self":[{"href":"https:\/\/singuli.wpress.me\/index.php\/wp-json\/wp\/v2\/product\/40297","targetHints":{"allow":["GET"]}}],"collection":[{"href":"https:\/\/singuli.wpress.me\/index.php\/wp-json\/wp\/v2\/product"}],"about":[{"href":"https:\/\/singuli.wpress.me\/index.php\/wp-json\/wp\/v2\/types\/product"}],"version-history":[{"count":0,"href":"https:\/\/singuli.wpress.me\/index.php\/wp-json\/wp\/v2\/product\/40297\/revisions"}],"wp:featuredmedia":[{"embeddable":true,"href":"https:\/\/singuli.wpress.me\/index.php\/wp-json\/wp\/v2\/media\/40298"}],"wp:attachment":[{"href":"https:\/\/singuli.wpress.me\/index.php\/wp-json\/wp\/v2\/media?parent=40297"}],"wp:term":[{"taxonomy":"product_brand","embeddable":true,"href":"https:\/\/singuli.wpress.me\/index.php\/wp-json\/wp\/v2\/product_brand?post=40297"},{"taxonomy":"product_cat","embeddable":true,"href":"https:\/\/singuli.wpress.me\/index.php\/wp-json\/wp\/v2\/product_cat?post=40297"},{"taxonomy":"product_tag","embeddable":true,"href":"https:\/\/singuli.wpress.me\/index.php\/wp-json\/wp\/v2\/product_tag?post=40297"}],"curies":[{"name":"wp","href":"https:\/\/api.w.org\/{rel}","templated":true}]}}