{"id":40303,"date":"2026-04-19T02:30:29","date_gmt":"2026-04-19T02:30:29","guid":{"rendered":"https:\/\/singuli.wpress.me\/index.php\/proizvod\/aeroshell-turbine-oil-750-turbinsko-ulje-24x0-946l-22-704-l\/"},"modified":"2026-04-20T12:33:31","modified_gmt":"2026-04-20T12:33:31","slug":"aeroshell-turbine-oil-750-turbinsko-ulje-24x0-946l-22-704-l","status":"publish","type":"product","link":"https:\/\/singuli.wpress.me\/index.php\/proizvod\/aeroshell-turbine-oil-750-turbinsko-ulje-24x0-946l-22-704-l\/","title":{"rendered":"AEROSHELL TURBINE OIL 750, turbinsko ulje, 24&#215;0.946l, 22.704\u00a0l"},"content":{"rendered":"<p><p><span style=\"font-weight: bold\">AeroShell Turbine Oil 750<\/span> je sinteti\u010dko ulje za turbinske motore zrakoplova razvijeno je kako bi zadovoljilo zahtjeve DERD 2487 (sada DEF STAN 91-98) i kako bi osiguralo visoki standard podmazivanja u britanskim plinskim turbinama civilnih zrakoplova, posebno turbo-prop motorima gdje je potrebno dobro ulje za nosivost reduciranog prijenosnika propelera.  Sadr\u017ei estersko ulje i ne smije se koristiti u dodiru s nekompatibilnim materijalima za brtvljenje, a tako\u0111er utje\u010de na neke <br \/>\nboje i plastiku.<\/p>\n<p><span style=\"font-weight: bold\">Specifikacija:<\/span> DEF STAN 91-98, francuska: ekvivalent AIR 3517A, ruska: analogno TU 38.1011722-85 Gradacija MN-7.5u, NATO Code 0-149 (ekvivalent 0-159), Joint Service Designation OX-38. Za kori\u0161tenje u razli\u010ditim modelima motora molim vas pogledajte Tehni\u010dki list proizvoda.<\/p>\n<p><span style=\"font-weight: bold\">Sigurnosno upozorenje:<\/span><\/p>\n<p><img decoding=\"async\" src=\"https:\/\/prod-minio-orbico.nd0.pl\/orbico.ohr\/Piktogrami\/Pozor.png\" alt=\"Pozor\" style=\"max-width: 10%;height: auto\"><\/p>\n<\/p>\n<p>&#8211; H302 &#8211;&nbsp;\u0160tetno ako se proguta.<\/p>\n<p>&#8211; H412 &#8211;&nbsp;\u0160tetno za vodeni okoli\u0161 s dugotrajnim u\u010dincima.<\/p>\n","protected":false},"excerpt":{"rendered":"<p>Turbinsko ulje za zrakoplove<br \/>\nDobro podmazivanje<br \/>\nSadr\u017ei estersko ulje<\/p>\n","protected":false},"featured_media":40304,"template":"","meta":{"_seopress_robots_primary_cat":"","_seopress_titles_title":"","_seopress_titles_desc":"","_seopress_robots_index":"","iawp_total_views":0},"product_brand":[482],"product_cat":[221,263],"product_tag":[],"class_list":{"0":"post-40303","1":"product","2":"type-product","3":"status-publish","4":"has-post-thumbnail","6":"product_brand-aeroshell","7":"product_cat-igracke","8":"product_cat-tematske-igracke-221","10":"first","11":"outofstock","12":"shipping-taxable","13":"purchasable","14":"product-type-simple"},"_links":{"self":[{"href":"https:\/\/singuli.wpress.me\/index.php\/wp-json\/wp\/v2\/product\/40303","targetHints":{"allow":["GET"]}}],"collection":[{"href":"https:\/\/singuli.wpress.me\/index.php\/wp-json\/wp\/v2\/product"}],"about":[{"href":"https:\/\/singuli.wpress.me\/index.php\/wp-json\/wp\/v2\/types\/product"}],"version-history":[{"count":0,"href":"https:\/\/singuli.wpress.me\/index.php\/wp-json\/wp\/v2\/product\/40303\/revisions"}],"wp:featuredmedia":[{"embeddable":true,"href":"https:\/\/singuli.wpress.me\/index.php\/wp-json\/wp\/v2\/media\/40304"}],"wp:attachment":[{"href":"https:\/\/singuli.wpress.me\/index.php\/wp-json\/wp\/v2\/media?parent=40303"}],"wp:term":[{"taxonomy":"product_brand","embeddable":true,"href":"https:\/\/singuli.wpress.me\/index.php\/wp-json\/wp\/v2\/product_brand?post=40303"},{"taxonomy":"product_cat","embeddable":true,"href":"https:\/\/singuli.wpress.me\/index.php\/wp-json\/wp\/v2\/product_cat?post=40303"},{"taxonomy":"product_tag","embeddable":true,"href":"https:\/\/singuli.wpress.me\/index.php\/wp-json\/wp\/v2\/product_tag?post=40303"}],"curies":[{"name":"wp","href":"https:\/\/api.w.org\/{rel}","templated":true}]}}