{"id":40305,"date":"2026-04-19T02:30:29","date_gmt":"2026-04-19T02:30:29","guid":{"rendered":"https:\/\/singuli.wpress.me\/index.php\/proizvod\/pringles-cheese-onion-cips-165-g\/"},"modified":"2026-04-20T12:33:31","modified_gmt":"2026-04-20T12:33:31","slug":"pringles-cheese-onion-cips-165-g","status":"publish","type":"product","link":"https:\/\/singuli.wpress.me\/index.php\/proizvod\/pringles-cheese-onion-cips-165-g\/","title":{"rendered":"PRINGLES Cheese &amp; Onion, \u010dips, 165\u00a0g"},"content":{"rendered":"<p><span style=\"font-weight: bold\">Pringles<\/span> je prvi \u010dips u legendarnom obliku hiperboli\u010dnog paraboloida, koji se savr\u0161eno uklapa u jedinstvenu limenku u obliku cijevi. Toliko pri\u010da &#8211; od avangarde, preko ludih okusa do beskrajne zabave &#8211; nije ni \u010dudo da je <span style=\"font-weight: bold\">Pringles vi\u0161e nego samo \u010dips!<\/span><\/p>\n<p>Ukusan zaokret u klasi\u010dnom me\u0111uobroku, Pringles \u010dips Cheese &amp; Onion savr\u0161en je na\u010din da za\u010dinite svoj me\u0111uobrok. Pringles ima odva\u017ean okus koji \u0107e zasigurno zadovoljiti i najintenzivniju \u017eelju. \u010cips je savr\u0161en za svaku zabavu ili okupljanje ili popodnevni snack. <\/p>\n<p><span style=\"font-weight: bold\">Zna\u010dajke:<\/span><br \/>\n&#8211; Pakirano u kontroliranoj atmosferi.<br \/>\n&#8211; Upotrijebiti najmanje do: datuma ozna\u010denog na dnu pakiranja.<br \/>\n&#8211; \u010cuvati na hladnom i suhom mjestu.<\/p>\n","protected":false},"excerpt":{"rendered":"<p>Pringles je doprinos \u010dipsu<br \/>\nHrskavi zalogaj od krumpira<br \/>\nSavr\u0161eno za sve koji vole okus sira i luka<\/p>\n","protected":false},"featured_media":40306,"template":"","meta":{"_seopress_robots_primary_cat":"","_seopress_titles_title":"","_seopress_titles_desc":"","_seopress_robots_index":"","iawp_total_views":0},"product_brand":[462],"product_cat":[261,277],"product_tag":[],"class_list":{"0":"post-40305","1":"product","2":"type-product","3":"status-publish","4":"has-post-thumbnail","6":"product_brand-pringles","7":"product_cat-hrana-i-pice","8":"product_cat-slatkisi-i-grickalice-261","10":"first","11":"outofstock","12":"shipping-taxable","13":"purchasable","14":"product-type-simple"},"_links":{"self":[{"href":"https:\/\/singuli.wpress.me\/index.php\/wp-json\/wp\/v2\/product\/40305","targetHints":{"allow":["GET"]}}],"collection":[{"href":"https:\/\/singuli.wpress.me\/index.php\/wp-json\/wp\/v2\/product"}],"about":[{"href":"https:\/\/singuli.wpress.me\/index.php\/wp-json\/wp\/v2\/types\/product"}],"version-history":[{"count":0,"href":"https:\/\/singuli.wpress.me\/index.php\/wp-json\/wp\/v2\/product\/40305\/revisions"}],"wp:featuredmedia":[{"embeddable":true,"href":"https:\/\/singuli.wpress.me\/index.php\/wp-json\/wp\/v2\/media\/40306"}],"wp:attachment":[{"href":"https:\/\/singuli.wpress.me\/index.php\/wp-json\/wp\/v2\/media?parent=40305"}],"wp:term":[{"taxonomy":"product_brand","embeddable":true,"href":"https:\/\/singuli.wpress.me\/index.php\/wp-json\/wp\/v2\/product_brand?post=40305"},{"taxonomy":"product_cat","embeddable":true,"href":"https:\/\/singuli.wpress.me\/index.php\/wp-json\/wp\/v2\/product_cat?post=40305"},{"taxonomy":"product_tag","embeddable":true,"href":"https:\/\/singuli.wpress.me\/index.php\/wp-json\/wp\/v2\/product_tag?post=40305"}],"curies":[{"name":"wp","href":"https:\/\/api.w.org\/{rel}","templated":true}]}}