{"id":40307,"date":"2026-04-19T02:30:29","date_gmt":"2026-04-19T02:30:29","guid":{"rendered":"https:\/\/singuli.wpress.me\/index.php\/proizvod\/ariel-mountain-spring-kapsule-za-pranje-rublja-31-pranje\/"},"modified":"2026-04-21T00:27:02","modified_gmt":"2026-04-21T00:27:02","slug":"ariel-mountain-spring-kapsule-za-pranje-rublja-31-pranje","status":"publish","type":"product","link":"https:\/\/singuli.wpress.me\/index.php\/proizvod\/ariel-mountain-spring-kapsule-za-pranje-rublja-31-pranje\/","title":{"rendered":"ARIEL Mountain Spring, kapsule za pranje rublja, 31 pranje"},"content":{"rendered":"<p>Ariel, brend koji preporu\u010duju Whirlpool, Electrolux, Candy i Beko, predstavlja tablete deterd\u017eenta za pranje rublja Ariel All-in-1 PODS Mountain Spring koje pru\u017eaju briljantno uklanjanje mrlja \u010dak i pri pranju na ni\u017eim temperaturama. Osmi\u0161ljene su za pranje na niskim temperaturama, s jedinstvenim tehnologijama poput tehnologije Cool Clean. <\/p>\n<p>K tome, kapsule za pranje Ariel mogu pridonijeti i smanjenju plasti\u010dnog otpada zahvaljuju\u0107i kartonskoj kutiji ECOCLIC koja se mo\u017ee reciklirati! Sadr\u017ei maksimalno samo 5% plastike i osmi\u0161ljena je za o\u010duvanje kapsula PODS. <\/p>\n<p>Omot kapsula PODS 100% je topiv u vodi i u dodiru s njom osloba\u0111a sna\u017ene tehnologije za uklanjanje mrlja, za dubinsko i sna\u017eno \u010di\u0161\u0107enje kapsulama Ariel All-in-1 PODS Mountain Spring.<\/p>\n","protected":false},"excerpt":{"rendered":"<p>Briljantno uklanjanje mrlja i pri niskim temperaturama<br \/>\nOmot kapsula 100 % topiv u vodi<br \/>\nPranjem na ni\u017eoj temperaturi \u0161tedite energiju i smanjuje se emisija CO\u2082<\/p>\n","protected":false},"featured_media":40308,"template":"","meta":{"_seopress_robots_primary_cat":"","_seopress_titles_title":"","_seopress_titles_desc":"","_seopress_robots_index":"","iawp_total_views":0},"product_brand":[427],"product_cat":[283,238],"product_tag":[],"class_list":{"0":"post-40307","1":"product","2":"type-product","3":"status-publish","4":"has-post-thumbnail","6":"product_brand-ariel","7":"product_cat-pranje-rublja-238","8":"product_cat-sve-za-dom","10":"first","11":"outofstock","12":"shipping-taxable","13":"purchasable","14":"product-type-simple"},"_links":{"self":[{"href":"https:\/\/singuli.wpress.me\/index.php\/wp-json\/wp\/v2\/product\/40307","targetHints":{"allow":["GET"]}}],"collection":[{"href":"https:\/\/singuli.wpress.me\/index.php\/wp-json\/wp\/v2\/product"}],"about":[{"href":"https:\/\/singuli.wpress.me\/index.php\/wp-json\/wp\/v2\/types\/product"}],"version-history":[{"count":0,"href":"https:\/\/singuli.wpress.me\/index.php\/wp-json\/wp\/v2\/product\/40307\/revisions"}],"wp:featuredmedia":[{"embeddable":true,"href":"https:\/\/singuli.wpress.me\/index.php\/wp-json\/wp\/v2\/media\/40308"}],"wp:attachment":[{"href":"https:\/\/singuli.wpress.me\/index.php\/wp-json\/wp\/v2\/media?parent=40307"}],"wp:term":[{"taxonomy":"product_brand","embeddable":true,"href":"https:\/\/singuli.wpress.me\/index.php\/wp-json\/wp\/v2\/product_brand?post=40307"},{"taxonomy":"product_cat","embeddable":true,"href":"https:\/\/singuli.wpress.me\/index.php\/wp-json\/wp\/v2\/product_cat?post=40307"},{"taxonomy":"product_tag","embeddable":true,"href":"https:\/\/singuli.wpress.me\/index.php\/wp-json\/wp\/v2\/product_tag?post=40307"}],"curies":[{"name":"wp","href":"https:\/\/api.w.org\/{rel}","templated":true}]}}