{"id":40309,"date":"2026-04-19T02:30:32","date_gmt":"2026-04-19T02:30:32","guid":{"rendered":"https:\/\/singuli.wpress.me\/index.php\/proizvod\/revlon-travel-putno-susilo-za-kosu\/"},"modified":"2026-04-20T12:33:31","modified_gmt":"2026-04-20T12:33:31","slug":"revlon-travel-putno-susilo-za-kosu","status":"publish","type":"product","link":"https:\/\/singuli.wpress.me\/index.php\/proizvod\/revlon-travel-putno-susilo-za-kosu\/","title":{"rendered":"REVLON Travel, putno su\u0161ilo za kosu"},"content":{"rendered":"<p>Snage od 1200 W, profesionalno su\u0161ilo za kosu Revlon Travel dizajnirano je za udobno i brzo oblikovanje i savr\u0161ene je veli\u010dine za putovanja. Su\u0161ilo za kosu ima 2 temperature i 2 razli\u010dite postavke snage.<\/p>\n<p>&#8211; 2 postavke temperature\/brzine &#8211; Za fleksibilnost su\u0161enja i oblikovanja.<br \/>\n&#8211; Koncentrator za zagla\u0111ivanje &#8211; Za precizno su\u0161enje i oblikovanje.<br \/>\n&#8211; Sklopiva ru\u010dka &#8211; Pogodna za putovanja.<\/p>\n<p>Zna\u010dajke:<br \/>\n&#8211; Snaga: 1200 W<br \/>\n&#8211; 2 temperature<br \/>\n&#8211; 2 brzine<br \/>\n&#8211; Mala te\u017eina<br \/>\n&#8211; Ionski kerami\u010dki premaz za sjaj kose bez struje<br \/>\n&#8211; Zavr\u0161na kapica koja se mo\u017ee ukloniti<br \/>\n&#8211; Sklopiva ru\u010dka<br \/>\n&#8211; Jamstvo: 4 godine<\/p>\n","protected":false},"excerpt":{"rendered":"<p>2 postavke temperature\/brzine za fleksibilnost su\u0161enja i oblikovanja<br \/>\nKoncentrator za zagla\u0111ivanje za precizno su\u0161enje i oblikovanje<br \/>\nSklopiva ru\u010dka je pogodna za putovanja<\/p>\n","protected":false},"featured_media":40310,"template":"","meta":{"_seopress_robots_primary_cat":"","_seopress_titles_title":"","_seopress_titles_desc":"","_seopress_robots_index":"","iawp_total_views":0},"product_brand":[155],"product_cat":[192,319],"product_tag":[],"class_list":{"0":"post-40309","1":"product","2":"type-product","3":"status-publish","4":"has-post-thumbnail","6":"product_brand-revlon","7":"product_cat-aparati-za-osobnu-njegu","8":"product_cat-susila-za-kosu-pegla-i-uvijaci-192","10":"first","11":"outofstock","12":"shipping-taxable","13":"purchasable","14":"product-type-simple"},"_links":{"self":[{"href":"https:\/\/singuli.wpress.me\/index.php\/wp-json\/wp\/v2\/product\/40309","targetHints":{"allow":["GET"]}}],"collection":[{"href":"https:\/\/singuli.wpress.me\/index.php\/wp-json\/wp\/v2\/product"}],"about":[{"href":"https:\/\/singuli.wpress.me\/index.php\/wp-json\/wp\/v2\/types\/product"}],"version-history":[{"count":0,"href":"https:\/\/singuli.wpress.me\/index.php\/wp-json\/wp\/v2\/product\/40309\/revisions"}],"wp:featuredmedia":[{"embeddable":true,"href":"https:\/\/singuli.wpress.me\/index.php\/wp-json\/wp\/v2\/media\/40310"}],"wp:attachment":[{"href":"https:\/\/singuli.wpress.me\/index.php\/wp-json\/wp\/v2\/media?parent=40309"}],"wp:term":[{"taxonomy":"product_brand","embeddable":true,"href":"https:\/\/singuli.wpress.me\/index.php\/wp-json\/wp\/v2\/product_brand?post=40309"},{"taxonomy":"product_cat","embeddable":true,"href":"https:\/\/singuli.wpress.me\/index.php\/wp-json\/wp\/v2\/product_cat?post=40309"},{"taxonomy":"product_tag","embeddable":true,"href":"https:\/\/singuli.wpress.me\/index.php\/wp-json\/wp\/v2\/product_tag?post=40309"}],"curies":[{"name":"wp","href":"https:\/\/api.w.org\/{rel}","templated":true}]}}