{"id":40321,"date":"2026-04-19T02:30:35","date_gmt":"2026-04-19T02:30:35","guid":{"rendered":"https:\/\/singuli.wpress.me\/index.php\/proizvod\/always-sensitive-night-ultra-higijenski-ulosci-7-kom\/"},"modified":"2026-04-21T00:27:02","modified_gmt":"2026-04-21T00:27:02","slug":"always-sensitive-night-ultra-higijenski-ulosci-7-kom","status":"publish","type":"product","link":"https:\/\/singuli.wpress.me\/index.php\/proizvod\/always-sensitive-night-ultra-higijenski-ulosci-7-kom\/","title":{"rendered":"ALWAYS Sensitive Night Ultra, higijenski ulo\u0161ci, 7\u00a0kom"},"content":{"rendered":"<p>Povr\u0161inski sloj mekan poput pamuka i jedinstvene zone koje osiguravaju dodatnu udobnost za va\u0161u osjetljivu ko\u017eu tijekom no\u0107i. Idealno tijekom no\u0107i ili dana s najobilnijom mjese\u010dnicom. S krilcima koja pru\u017eaju dodatnu bo\u010dnu za\u0161titu i poma\u017eu zadr\u017eati higijenski ulo\u017eak na mjestu. Higijenski ulo\u0161ci s krilcima Always Ultra Sensitive Night (Veli\u010dina 3) najbolji su izbor me\u0111u ulo\u0161cima Always Sensitive za bezbri\u017ene no\u0107i.<\/p>\n","protected":false},"excerpt":{"rendered":"<p>S krilcima koja poma\u017eu da ulo\u017eak ostane na mjestu.<br \/>\nJastu\u010di\u0107i su pojedina\u010dno zapakirani radi lak\u0161eg no\u0161enja.<br \/>\nVeli\u010dina 3<\/p>\n","protected":false},"featured_media":40322,"template":"","meta":{"_seopress_robots_primary_cat":"","_seopress_titles_title":"","_seopress_titles_desc":"","_seopress_robots_index":"","iawp_total_views":0},"product_brand":[449],"product_cat":[211,288],"product_tag":[],"class_list":{"0":"post-40321","1":"product","2":"type-product","3":"status-publish","4":"has-post-thumbnail","6":"product_brand-always","7":"product_cat-njega-majke-i-djeteta","8":"product_cat-zenska-higijena-211","10":"first","11":"outofstock","12":"shipping-taxable","13":"purchasable","14":"product-type-simple"},"_links":{"self":[{"href":"https:\/\/singuli.wpress.me\/index.php\/wp-json\/wp\/v2\/product\/40321","targetHints":{"allow":["GET"]}}],"collection":[{"href":"https:\/\/singuli.wpress.me\/index.php\/wp-json\/wp\/v2\/product"}],"about":[{"href":"https:\/\/singuli.wpress.me\/index.php\/wp-json\/wp\/v2\/types\/product"}],"version-history":[{"count":0,"href":"https:\/\/singuli.wpress.me\/index.php\/wp-json\/wp\/v2\/product\/40321\/revisions"}],"wp:featuredmedia":[{"embeddable":true,"href":"https:\/\/singuli.wpress.me\/index.php\/wp-json\/wp\/v2\/media\/40322"}],"wp:attachment":[{"href":"https:\/\/singuli.wpress.me\/index.php\/wp-json\/wp\/v2\/media?parent=40321"}],"wp:term":[{"taxonomy":"product_brand","embeddable":true,"href":"https:\/\/singuli.wpress.me\/index.php\/wp-json\/wp\/v2\/product_brand?post=40321"},{"taxonomy":"product_cat","embeddable":true,"href":"https:\/\/singuli.wpress.me\/index.php\/wp-json\/wp\/v2\/product_cat?post=40321"},{"taxonomy":"product_tag","embeddable":true,"href":"https:\/\/singuli.wpress.me\/index.php\/wp-json\/wp\/v2\/product_tag?post=40321"}],"curies":[{"name":"wp","href":"https:\/\/api.w.org\/{rel}","templated":true}]}}