{"id":40333,"date":"2026-04-19T02:30:40","date_gmt":"2026-04-19T02:30:40","guid":{"rendered":"https:\/\/singuli.wpress.me\/index.php\/proizvod\/bison-ljepilo-za-tekstil-25-ml\/"},"modified":"2026-04-20T12:33:31","modified_gmt":"2026-04-20T12:33:31","slug":"bison-ljepilo-za-tekstil-25-ml","status":"publish","type":"product","link":"https:\/\/singuli.wpress.me\/index.php\/proizvod\/bison-ljepilo-za-tekstil-25-ml\/","title":{"rendered":"BISON, ljepilo, za tekstil, 25\u00a0ml"},"content":{"rendered":"<p>Ljepilo za tekstil otporno na pranje u perilici rublja.<\/p>\n<p>Lijepi tekstil, jutu, filc i kokosovo vlakno. Prikladno za porubljivanje samta i trapera, popravljanje rupa i poderotina na odje\u0107i i ukra\u0161avanje materijala (npr. jakni, hla\u010da, \u0161atora, sklopivih stolaca i vjetrobrana), dodavanje predmeta od filca, obrube, otira\u010de i tepihe te lijepljenje tekstila za drvo, letvice, ivericu, tvrde i porozne plo\u010de vlaknatice.<\/p>\n<p>Nije prikladno za PVC svijetle boje s pozadinom od tekstila (npr. bijela imitacija ko\u017ee, Vistram\u00ae, Suwide\u00ae).<\/p>\n<p>Uvjeti skladi\u0161tenja: \u010cuvajte na suhom i hladnom mjestu na kojem ne dolazi do smrzavanja.<\/p>\n","protected":false},"excerpt":{"rendered":"<p>Visoko, trenutno prianjanje<br \/>\nElasti\u010dni ljepljivi spoj<br \/>\nBez otapala<\/p>\n","protected":false},"featured_media":40334,"template":"","meta":{"_seopress_robots_primary_cat":"","_seopress_titles_title":"","_seopress_titles_desc":"","_seopress_robots_index":"","iawp_total_views":0},"product_brand":[494],"product_cat":[264,238],"product_tag":[],"class_list":{"0":"post-40333","1":"product","2":"type-product","3":"status-publish","4":"has-post-thumbnail","6":"product_brand-bison","7":"product_cat-ljepila-i-brtvila-238","8":"product_cat-sve-za-dom","10":"first","11":"instock","12":"shipping-taxable","13":"purchasable","14":"product-type-simple"},"_links":{"self":[{"href":"https:\/\/singuli.wpress.me\/index.php\/wp-json\/wp\/v2\/product\/40333","targetHints":{"allow":["GET"]}}],"collection":[{"href":"https:\/\/singuli.wpress.me\/index.php\/wp-json\/wp\/v2\/product"}],"about":[{"href":"https:\/\/singuli.wpress.me\/index.php\/wp-json\/wp\/v2\/types\/product"}],"version-history":[{"count":0,"href":"https:\/\/singuli.wpress.me\/index.php\/wp-json\/wp\/v2\/product\/40333\/revisions"}],"wp:featuredmedia":[{"embeddable":true,"href":"https:\/\/singuli.wpress.me\/index.php\/wp-json\/wp\/v2\/media\/40334"}],"wp:attachment":[{"href":"https:\/\/singuli.wpress.me\/index.php\/wp-json\/wp\/v2\/media?parent=40333"}],"wp:term":[{"taxonomy":"product_brand","embeddable":true,"href":"https:\/\/singuli.wpress.me\/index.php\/wp-json\/wp\/v2\/product_brand?post=40333"},{"taxonomy":"product_cat","embeddable":true,"href":"https:\/\/singuli.wpress.me\/index.php\/wp-json\/wp\/v2\/product_cat?post=40333"},{"taxonomy":"product_tag","embeddable":true,"href":"https:\/\/singuli.wpress.me\/index.php\/wp-json\/wp\/v2\/product_tag?post=40333"}],"curies":[{"name":"wp","href":"https:\/\/api.w.org\/{rel}","templated":true}]}}