{"id":40337,"date":"2026-04-19T02:30:41","date_gmt":"2026-04-19T02:30:41","guid":{"rendered":"https:\/\/singuli.wpress.me\/index.php\/proizvod\/pampers-premium-care-pants-pelene-gacice-velicina-4-9-15kg-114-kom\/"},"modified":"2026-04-20T12:33:31","modified_gmt":"2026-04-20T12:33:31","slug":"pampers-premium-care-pants-pelene-gacice-velicina-4-9-15kg-114-kom","status":"publish","type":"product","link":"https:\/\/singuli.wpress.me\/index.php\/proizvod\/pampers-premium-care-pants-pelene-gacice-velicina-4-9-15kg-114-kom\/","title":{"rendered":"PAMPERS Premium Care Pants, pelene &#8211; ga\u0107ice, veli\u010dina 4, 9-15kg, 114\u00a0kom"},"content":{"rendered":"<p>Pru\u017eite svojoj bebi najbolju Pampersovu za\u0161titu i udobnost s pelenama-ga\u0107icama Pampers Premium Care Pants.<\/p>\n<p>Sada s jedinstvenim d\u017eepom Stop &amp; Protect koji poma\u017ee sprije\u010diti propu\u0161tanje sa stra\u017enje strane za do 12 sati za\u0161tite od propu\u0161tanja sa svih strana. Kako va\u0161a beba postaje aktivnija, trebat \u0107ete pelenu koja pru\u017ea udobnost i pouzdanu za\u0161titu te prati svaki njen pokret. Zato pelene-ga\u0107ice Pampers Premium Care Pants pru\u017eaju Pampersovu najbolju udobnost i za\u0161titu uz 360\u00b0 Comfort Fit, zahvaljuju\u0107i izuzetno mekanim i rastezljivim materijalima koji se prilago\u0111avaju tijelu va\u0161e nemirne bebe.<\/p>\n<p>Kao i sve Pampersove pelene-ga\u0107ice, i Pampers Premium Care Pants jednostavno se mijenjaju, navucite ih u jednom potezu, jednostavno skinite trganjem sa strane pa zalijepite trakom kako biste ih jednostavno odlo\u017eili, \u010dak i kad se beba migolji na najnevjerojatnije na\u010dine. <\/p>\n<p>Kao i vama, Pampersu je sigurnost va\u0161e bebe na prvom mjestu: pelene-ga\u0107ice Pampers Premium Care Pants dermatolo\u0161ki su ispitane i ne sadr\u017ee ni jedan od mirisnih alergena koje je EU izdvojila kao potencijalno opasne (prema Uredbi EU o kozmeti\u010dkim proizvodima br. 1223\/2009). Tako\u0111er su ih odobrili dermatolozi iz udru\u017eenja Skin Health Alliance, koji su potvrdili da su sigurne u dodiru s bebinom ko\u017eom. \u017delite li saznati vi\u0161e o komponentama na\u0161ih proizvoda? Posjetite pampers.com.hr<\/p>\n","protected":false},"excerpt":{"rendered":"<p>Mekane poput paperja i prozra\u010dne za maksimalnu udobnost<br \/>\nLako obla\u010denje i skidanje<br \/>\nJezgra zadr\u017eava vla\u017enost daleko od ko\u017ee za do 12 sati suho\u0107e<\/p>\n","protected":false},"featured_media":40338,"template":"","meta":{"_seopress_robots_primary_cat":"","_seopress_titles_title":"","_seopress_titles_desc":"","_seopress_robots_index":"","iawp_total_views":0},"product_brand":[444],"product_cat":[211,310],"product_tag":[],"class_list":{"0":"post-40337","1":"product","2":"type-product","3":"status-publish","4":"has-post-thumbnail","6":"product_brand-pampers","7":"product_cat-njega-majke-i-djeteta","8":"product_cat-pelene-211","10":"first","11":"outofstock","12":"shipping-taxable","13":"purchasable","14":"product-type-simple"},"_links":{"self":[{"href":"https:\/\/singuli.wpress.me\/index.php\/wp-json\/wp\/v2\/product\/40337","targetHints":{"allow":["GET"]}}],"collection":[{"href":"https:\/\/singuli.wpress.me\/index.php\/wp-json\/wp\/v2\/product"}],"about":[{"href":"https:\/\/singuli.wpress.me\/index.php\/wp-json\/wp\/v2\/types\/product"}],"version-history":[{"count":0,"href":"https:\/\/singuli.wpress.me\/index.php\/wp-json\/wp\/v2\/product\/40337\/revisions"}],"wp:featuredmedia":[{"embeddable":true,"href":"https:\/\/singuli.wpress.me\/index.php\/wp-json\/wp\/v2\/media\/40338"}],"wp:attachment":[{"href":"https:\/\/singuli.wpress.me\/index.php\/wp-json\/wp\/v2\/media?parent=40337"}],"wp:term":[{"taxonomy":"product_brand","embeddable":true,"href":"https:\/\/singuli.wpress.me\/index.php\/wp-json\/wp\/v2\/product_brand?post=40337"},{"taxonomy":"product_cat","embeddable":true,"href":"https:\/\/singuli.wpress.me\/index.php\/wp-json\/wp\/v2\/product_cat?post=40337"},{"taxonomy":"product_tag","embeddable":true,"href":"https:\/\/singuli.wpress.me\/index.php\/wp-json\/wp\/v2\/product_tag?post=40337"}],"curies":[{"name":"wp","href":"https:\/\/api.w.org\/{rel}","templated":true}]}}