{"id":40340,"date":"2026-04-19T02:30:41","date_gmt":"2026-04-19T02:30:41","guid":{"rendered":"https:\/\/singuli.wpress.me\/index.php\/proizvod\/always-ultra-normal-higijenski-ulosci-12-kom\/"},"modified":"2026-04-20T12:33:31","modified_gmt":"2026-04-20T12:33:31","slug":"always-ultra-normal-higijenski-ulosci-12-kom","status":"publish","type":"product","link":"https:\/\/singuli.wpress.me\/index.php\/proizvod\/always-ultra-normal-higijenski-ulosci-12-kom\/","title":{"rendered":"ALWAYS Ultra Normal, higijenski ulo\u0161ci, 12\u00a0kom"},"content":{"rendered":"<p>Always Ultra Normal higijenski ulo\u0161ci (veli\u010dina 1) s InstantDry sustavom upijaju teku\u0107inu u samo nekoliko sekundi. Zadr\u017eavaju je unutra i nude vam do 100% za\u0161titu. Always Ultra higijenski ulo\u0161ci imaju tehnologiju neutralizacije mirisa koja ne samo da pokriva neugodne mirise, ve\u0107 umjesto toga, zadr\u017eava ih unutar ulo\u0161ka. Iako su higijenski ulo\u0161ci Always Ultra debljine samo 3 mm, nude vam nevjerojatnu za\u0161titu i udobnost tijekom va\u0161eg menstrualnog ciklusa. Prona\u0111ite ulo\u017eak koji vam najbolje pristaje uz sustav prilago\u0111enih veli\u010dina Always My Fit, koji vam poma\u017ee prona\u0107i najbolju za\u0161titu za mjese\u010dnicu Always, prilago\u0111enu va\u0161oj veli\u010dini protoka i ga\u0107ica. Ostanite sigurni bez obzira kako se kre\u0107ete.<\/p>\n<p>&#8211; Super upijaju\u0107a jezgra s InstantDry sustavom koja upija teku\u0107inu u sekundi.<br \/>\n&#8211; Tehnologija LeakGuard zadr\u017eava teku\u0107inu i poma\u017ee u sprje\u010davanju curenja.<br \/>\n&#8211; Odourlock tehnologija neutralizira neugodne mirise.<br \/>\n&#8211; Higijenski ulo\u0161ci su dermatolo\u0161ki testirani nje\u017eni prema va\u0161oj ko\u017ei.<\/p>\n<p>Upozorenje: Kako biste izbjegli opasnost od gu\u0161enja, dr\u017eite svu ambala\u017eu podalje od dojen\u010dadi i djece.<\/p>\n<p>Nemojte pu\u0161tati vodu u WC \u0161koljku. \u010cuvati na hladnom i suhom mjestu.&quot;<\/p>\n","protected":false},"excerpt":{"rendered":"<p>Super upijaju\u0107a jezgra.<br \/>\nDermatolo\u0161ki provjereno.<br \/>\nTehnologija za neutralizaciju neugodnih mirisa.<\/p>\n","protected":false},"featured_media":40341,"template":"","meta":{"_seopress_robots_primary_cat":"","_seopress_titles_title":"","_seopress_titles_desc":"","_seopress_robots_index":"","iawp_total_views":0},"product_brand":[449],"product_cat":[211,288],"product_tag":[],"class_list":{"0":"post-40340","1":"product","2":"type-product","3":"status-publish","4":"has-post-thumbnail","6":"product_brand-always","7":"product_cat-njega-majke-i-djeteta","8":"product_cat-zenska-higijena-211","10":"first","11":"outofstock","12":"shipping-taxable","13":"purchasable","14":"product-type-simple"},"_links":{"self":[{"href":"https:\/\/singuli.wpress.me\/index.php\/wp-json\/wp\/v2\/product\/40340","targetHints":{"allow":["GET"]}}],"collection":[{"href":"https:\/\/singuli.wpress.me\/index.php\/wp-json\/wp\/v2\/product"}],"about":[{"href":"https:\/\/singuli.wpress.me\/index.php\/wp-json\/wp\/v2\/types\/product"}],"version-history":[{"count":0,"href":"https:\/\/singuli.wpress.me\/index.php\/wp-json\/wp\/v2\/product\/40340\/revisions"}],"wp:featuredmedia":[{"embeddable":true,"href":"https:\/\/singuli.wpress.me\/index.php\/wp-json\/wp\/v2\/media\/40341"}],"wp:attachment":[{"href":"https:\/\/singuli.wpress.me\/index.php\/wp-json\/wp\/v2\/media?parent=40340"}],"wp:term":[{"taxonomy":"product_brand","embeddable":true,"href":"https:\/\/singuli.wpress.me\/index.php\/wp-json\/wp\/v2\/product_brand?post=40340"},{"taxonomy":"product_cat","embeddable":true,"href":"https:\/\/singuli.wpress.me\/index.php\/wp-json\/wp\/v2\/product_cat?post=40340"},{"taxonomy":"product_tag","embeddable":true,"href":"https:\/\/singuli.wpress.me\/index.php\/wp-json\/wp\/v2\/product_tag?post=40340"}],"curies":[{"name":"wp","href":"https:\/\/api.w.org\/{rel}","templated":true}]}}