{"id":40342,"date":"2026-04-19T02:30:42","date_gmt":"2026-04-19T02:30:42","guid":{"rendered":"https:\/\/singuli.wpress.me\/index.php\/proizvod\/bison-ljepilo-za-tapete-200-g\/"},"modified":"2026-04-21T00:27:03","modified_gmt":"2026-04-21T00:27:03","slug":"bison-ljepilo-za-tapete-200-g","status":"publish","type":"product","link":"https:\/\/singuli.wpress.me\/index.php\/proizvod\/bison-ljepilo-za-tapete-200-g\/","title":{"rendered":"BISON, ljepilo, za tapete, 200\u00a0g"},"content":{"rendered":"<p>Ljepilo za tapete na bazi visokokvalitetne celuloze i sinteti\u010dke smole. <\/p>\n<p>Prikladno za lijepljenje svih vrsta te\u0161kih, iznimno te\u0161kih i specijalnih tapeta kao \u0161to su tapete od rauhfasera, (te\u0161kog) duplexa, glatkog vinila, strukturiranog vinila, akrila, jute, pjene i tekstila te perive, reljefne i netkane tapete.<\/p>\n","protected":false},"excerpt":{"rendered":"<p>Ne ostavlja mrlje<br \/>\nLako se nanosi i lako se mo\u017ee korigirati<br \/>\nOtporno na vlagu<\/p>\n","protected":false},"featured_media":40343,"template":"","meta":{"_seopress_robots_primary_cat":"","_seopress_titles_title":"","_seopress_titles_desc":"","_seopress_robots_index":"","iawp_total_views":0},"product_brand":[494],"product_cat":[264,238],"product_tag":[],"class_list":{"0":"post-40342","1":"product","2":"type-product","3":"status-publish","4":"has-post-thumbnail","6":"product_brand-bison","7":"product_cat-ljepila-i-brtvila-238","8":"product_cat-sve-za-dom","10":"first","11":"instock","12":"shipping-taxable","13":"purchasable","14":"product-type-simple"},"_links":{"self":[{"href":"https:\/\/singuli.wpress.me\/index.php\/wp-json\/wp\/v2\/product\/40342","targetHints":{"allow":["GET"]}}],"collection":[{"href":"https:\/\/singuli.wpress.me\/index.php\/wp-json\/wp\/v2\/product"}],"about":[{"href":"https:\/\/singuli.wpress.me\/index.php\/wp-json\/wp\/v2\/types\/product"}],"version-history":[{"count":0,"href":"https:\/\/singuli.wpress.me\/index.php\/wp-json\/wp\/v2\/product\/40342\/revisions"}],"wp:featuredmedia":[{"embeddable":true,"href":"https:\/\/singuli.wpress.me\/index.php\/wp-json\/wp\/v2\/media\/40343"}],"wp:attachment":[{"href":"https:\/\/singuli.wpress.me\/index.php\/wp-json\/wp\/v2\/media?parent=40342"}],"wp:term":[{"taxonomy":"product_brand","embeddable":true,"href":"https:\/\/singuli.wpress.me\/index.php\/wp-json\/wp\/v2\/product_brand?post=40342"},{"taxonomy":"product_cat","embeddable":true,"href":"https:\/\/singuli.wpress.me\/index.php\/wp-json\/wp\/v2\/product_cat?post=40342"},{"taxonomy":"product_tag","embeddable":true,"href":"https:\/\/singuli.wpress.me\/index.php\/wp-json\/wp\/v2\/product_tag?post=40342"}],"curies":[{"name":"wp","href":"https:\/\/api.w.org\/{rel}","templated":true}]}}